{"id":884,"date":"2020-12-17T15:59:16","date_gmt":"2020-12-17T15:59:16","guid":{"rendered":"http:\/\/lieven-litaer.de\/?page_id=884"},"modified":"2026-02-03T11:17:20","modified_gmt":"2026-02-03T10:17:20","slug":"impressum","status":"publish","type":"page","link":"https:\/\/lieven-litaer.de\/en\/impressum","title":{"rendered":"Impressum"},"content":{"rendered":"<div data-elementor-type=\"wp-page\" data-elementor-id=\"884\" class=\"elementor elementor-884\" data-elementor-post-type=\"page\">\n\t\t\t\t<div class=\"elementor-element elementor-element-c0d5911 e-flex e-con-boxed e-con e-parent\" data-id=\"c0d5911\" data-element_type=\"container\">\n\t\t\t\t\t<div class=\"e-con-inner\">\n\t\t<div class=\"elementor-element elementor-element-868235b e-con-full e-flex e-con e-child\" data-id=\"868235b\" data-element_type=\"container\">\n\t\t\t\t<div class=\"elementor-element elementor-element-4ac33a0 elementor-widget elementor-widget-heading\" data-id=\"4ac33a0\" data-element_type=\"widget\" data-widget_type=\"heading.default\">\n\t\t\t\t<div class=\"elementor-widget-container\">\n\t\t\t\t\t<h1 class=\"elementor-heading-title elementor-size-default\">Impressum<\/h1>\t\t\t\t<\/div>\n\t\t\t\t<\/div>\n\t\t\t\t<div class=\"elementor-element elementor-element-8948a54 elementor-widget elementor-widget-heading\" data-id=\"8948a54\" data-element_type=\"widget\" data-widget_type=\"heading.default\">\n\t\t\t\t<div class=\"elementor-widget-container\">\n\t\t\t\t\t<h2 class=\"elementor-heading-title elementor-size-default\">Angaben gem\u00e4\u00df \u00a75 des Digitale-Dienste-Gesetzes<\/h2>\t\t\t\t<\/div>\n\t\t\t\t<\/div>\n\t\t\t\t<div class=\"elementor-element elementor-element-3804afc elementor-widget elementor-widget-text-editor\" data-id=\"3804afc\" data-element_type=\"widget\" data-widget_type=\"text-editor.default\">\n\t\t\t\t<div class=\"elementor-widget-container\">\n\t\t\t\t\t\t\t\t\t<p>Dipl. Ing. Lieven L. Litaer<br \/>St. Ingberter Strasse 4<br \/>66125 Dudweiler<\/p><p>Tel: 0 68 97 &#8211; 9 11 90 18<\/p><p>USt-ID: DE278442280<\/p><p>E-Mail: <a href=\"mailto:info@klingonisch.net\">info@klingonisch.net<\/a><\/p>\t\t\t\t\t\t\t\t<\/div>\n\t\t\t\t<\/div>\n\t\t\t\t<div class=\"elementor-element elementor-element-953b895 elementor-widget elementor-widget-heading\" data-id=\"953b895\" data-element_type=\"widget\" data-widget_type=\"heading.default\">\n\t\t\t\t<div class=\"elementor-widget-container\">\n\t\t\t\t\t<h2 class=\"elementor-heading-title elementor-size-default\">External links<\/h2>\t\t\t\t<\/div>\n\t\t\t\t<\/div>\n\t\t\t\t<div class=\"elementor-element elementor-element-2fbc471 elementor-widget elementor-widget-text-editor\" data-id=\"2fbc471\" data-element_type=\"widget\" data-widget_type=\"text-editor.default\">\n\t\t\t\t<div class=\"elementor-widget-container\">\n\t\t\t\t\t\t\t\t\t<p>Es sei darauf hingewiesen, dass der Betreiber dieser Internetseite keine Verantwortung f\u00fcr die Inhalte externer Seiten \u00fcbernimmt, auf die verlinkt wird. Es wird zwar regelm\u00e4\u00dfig gepr\u00fcft, ob verlinkte Seiten inhaltlich als auch technisch zug\u00e4nglich sind, jedoch kann nie ausgeschlossen werden, dass diese Seiten von deren Betreibern ver\u00e4ndert werden.<\/p>\t\t\t\t\t\t\t\t<\/div>\n\t\t\t\t<\/div>\n\t\t\t\t<div class=\"elementor-element elementor-element-4cc0dd8 elementor-widget elementor-widget-heading\" data-id=\"4cc0dd8\" data-element_type=\"widget\" data-widget_type=\"heading.default\">\n\t\t\t\t<div class=\"elementor-widget-container\">\n\t\t\t\t\t<h2 class=\"elementor-heading-title elementor-size-default\">Copyright-Hinweise<\/h2>\t\t\t\t<\/div>\n\t\t\t\t<\/div>\n\t\t\t\t<div class=\"elementor-element elementor-element-b9ce7e3 elementor-widget elementor-widget-text-editor\" data-id=\"b9ce7e3\" data-element_type=\"widget\" data-widget_type=\"text-editor.default\">\n\t\t\t\t<div class=\"elementor-widget-container\">\n\t\t\t\t\t\t\t\t\t<p>Copyright \u00a9 2021-2026 Lieven L. Litaer.<\/p><p>S\u00e4mtliche angebotenen Informationen d\u00fcrfen \u2013 auch auszugsweise \u2013 nur mit schriftlicher Genehmigung des Autors weiterverbreitet oder anderweitig ver\u00f6ffentlicht werden. Keinesfalls ist es gestattet, die abgerufenen Informationen online oder auf andere Medien weiterzuverbreiten oder kommerziell zu nutzen.<\/p>\t\t\t\t\t\t\t\t<\/div>\n\t\t\t\t<\/div>\n\t\t\t\t<div class=\"elementor-element elementor-element-2a93fed elementor-widget elementor-widget-heading\" data-id=\"2a93fed\" data-element_type=\"widget\" data-widget_type=\"heading.default\">\n\t\t\t\t<div class=\"elementor-widget-container\">\n\t\t\t\t\t<h2 class=\"elementor-heading-title elementor-size-default\">Bildnachweise<\/h2>\t\t\t\t<\/div>\n\t\t\t\t<\/div>\n\t\t\t\t<div class=\"elementor-element elementor-element-1328195 elementor-widget elementor-widget-text-editor\" data-id=\"1328195\" data-element_type=\"widget\" data-widget_type=\"text-editor.default\">\n\t\t\t\t<div class=\"elementor-widget-container\">\n\t\t\t\t\t\t\t\t\t<p>Buchumschlag <em>&#8222;Kauderwelsch Band 250&#8220;<\/em> Copyright \u00a9 2019 Reise-Know-How-Verlag<\/p><p>Buchumschlag <em>&#8222;Der kleine Prinz auf Klingonisch&#8220;<\/em> Copyright \u00a9 2018 Verlag in Farbe und bunt<\/p><p>Buchumschlag <em>&#8222;Klingonisch f\u00fcr Einsteiger&#8220;<\/em> Copyright \u00a9 2017 HEEL Verlag GmbH<\/p><p>Buchumschlag <em>&#8222;Das offizielle W\u00f6rterbuch&#8220;<\/em> Copyright \u00a9 2013 HEEL Verlag GmbH<\/p>\t\t\t\t\t\t\t\t<\/div>\n\t\t\t\t<\/div>\n\t\t\t\t<div class=\"elementor-element elementor-element-5c2907c elementor-widget elementor-widget-heading\" data-id=\"5c2907c\" data-element_type=\"widget\" data-widget_type=\"heading.default\">\n\t\t\t\t<div class=\"elementor-widget-container\">\n\t\t\t\t\t<h2 class=\"elementor-heading-title elementor-size-default\">Copyright der kleine Prinz<\/h2>\t\t\t\t<\/div>\n\t\t\t\t<\/div>\n\t\t\t\t<div class=\"elementor-element elementor-element-94c1ddc elementor-widget elementor-widget-text-editor\" data-id=\"94c1ddc\" data-element_type=\"widget\" data-widget_type=\"text-editor.default\">\n\t\t\t\t<div class=\"elementor-widget-container\">\n\t\t\t\t\t\t\t\t\t<p>Die urheberrechtliche Frist von 70 Jahren ist abgelaufen. Die Schutzdauer f\u00fcr das Werk ist nach den Ma\u00dfst\u00e4ben des deutschen, des \u00f6sterreichischen und des schweizerischen Urheberrechts abgelaufen. Es ist daher gemeinfrei. Somit ist eine \u00dcbersetzung des Werkes und die Verwendung der Illustrationen rechtlich unbedenklich.<\/p><p>Das Urheberrecht der klingonischen \u00dcbersetzung und dessen deutschen R\u00fcck-\u00dcbersetzung liegt beim \u00dcbersetzer <a href=\"https:\/\/lieven-litaer.de\/en\/about\/\">Lieven L. Litaer<\/a>.<\/p>\t\t\t\t\t\t\t\t<\/div>\n\t\t\t\t<\/div>\n\t\t\t\t<div class=\"elementor-element elementor-element-40b5065 elementor-widget elementor-widget-heading\" data-id=\"40b5065\" data-element_type=\"widget\" data-widget_type=\"heading.default\">\n\t\t\t\t<div class=\"elementor-widget-container\">\n\t\t\t\t\t<h2 class=\"elementor-heading-title elementor-size-default\">Star Trek<\/h2>\t\t\t\t<\/div>\n\t\t\t\t<\/div>\n\t\t\t\t<div class=\"elementor-element elementor-element-48cf7c9 elementor-widget elementor-widget-text-editor\" data-id=\"48cf7c9\" data-element_type=\"widget\" data-widget_type=\"text-editor.default\">\n\t\t\t\t<div class=\"elementor-widget-container\">\n\t\t\t\t\t\t\t\t\t<p><em>Star Trek<\/em> und <em>Klingon<\/em> sind eingetragene Markenzeichen von CBS Studios Inc. Der Betreiber ist in keiner Art mit der vorgenannten Institution verbunden. Jegliche Erw\u00e4hnung der vorgenannten Produktbezeichnungen erfolgt rein journalistisch und im Rahmen des Zitatrechts.<\/p>\t\t\t\t\t\t\t\t<\/div>\n\t\t\t\t<\/div>\n\t\t\t\t<\/div>\n\t\t\t\t\t<\/div>\n\t\t\t\t<\/div>\n\t\t\t\t<\/div>","protected":false},"excerpt":{"rendered":"<p>Impressum Angaben gem\u00e4\u00df \u00a75 des Digitale-Dienste-Gesetzes Dipl. Ing. Lieven L. LitaerSt. Ingberter Stra\u00dfe 466125 Dudweiler Tel: 0 68 97 &#8211; 9 11 90 18 USt-ID: DE278442280 E-Mail: info@klingonisch.net Externe links Es sei darauf hingewiesen, dass der Betreiber dieser Internetseite keine Verantwortung f\u00fcr die Inhalte externer Seiten \u00fcbernimmt, auf die verlinkt wird. Es wird zwar regelm\u00e4\u00dfig [&hellip;]<\/p>","protected":false},"author":3,"featured_media":0,"parent":0,"menu_order":0,"comment_status":"closed","ping_status":"closed","template":"elementor_header_footer","meta":{"footnotes":""},"class_list":["post-884","page","type-page","status-publish","hentry"],"_links":{"self":[{"href":"https:\/\/lieven-litaer.de\/en\/wp-json\/wp\/v2\/pages\/884","targetHints":{"allow":["GET"]}}],"collection":[{"href":"https:\/\/lieven-litaer.de\/en\/wp-json\/wp\/v2\/pages"}],"about":[{"href":"https:\/\/lieven-litaer.de\/en\/wp-json\/wp\/v2\/types\/page"}],"author":[{"embeddable":true,"href":"https:\/\/lieven-litaer.de\/en\/wp-json\/wp\/v2\/users\/3"}],"replies":[{"embeddable":true,"href":"https:\/\/lieven-litaer.de\/en\/wp-json\/wp\/v2\/comments?post=884"}],"version-history":[{"count":3,"href":"https:\/\/lieven-litaer.de\/en\/wp-json\/wp\/v2\/pages\/884\/revisions"}],"predecessor-version":[{"id":2522,"href":"https:\/\/lieven-litaer.de\/en\/wp-json\/wp\/v2\/pages\/884\/revisions\/2522"}],"wp:attachment":[{"href":"https:\/\/lieven-litaer.de\/en\/wp-json\/wp\/v2\/media?parent=884"}],"curies":[{"name":"wp","href":"https:\/\/api.w.org\/{rel}","templated":true}]}}