{"id":857,"date":"2020-12-17T14:15:13","date_gmt":"2020-12-17T14:15:13","guid":{"rendered":"http:\/\/lieven-litaer.de\/?page_id=857"},"modified":"2025-10-12T15:43:50","modified_gmt":"2025-10-12T14:43:50","slug":"speaker","status":"publish","type":"page","link":"https:\/\/lieven-litaer.de\/en\/sprecher","title":{"rendered":"Speaker"},"content":{"rendered":"<div data-elementor-type=\"wp-page\" data-elementor-id=\"857\" class=\"elementor elementor-857\" data-elementor-post-type=\"page\">\n\t\t\t\t<div class=\"elementor-element elementor-element-bf2d93f e-flex e-con-boxed e-con e-parent\" data-id=\"bf2d93f\" data-element_type=\"container\" data-e-type=\"container\">\n\t\t\t\t\t<div class=\"e-con-inner\">\n\t\t<div class=\"elementor-element elementor-element-12c44e0 e-con-full e-flex e-con e-child\" data-id=\"12c44e0\" data-element_type=\"container\" data-e-type=\"container\">\n\t\t\t\t<div class=\"elementor-element elementor-element-2b69ff4 elementor-widget elementor-widget-text-editor\" data-id=\"2b69ff4\" data-element_type=\"widget\" data-e-type=\"widget\" data-widget_type=\"text-editor.default\">\n\t\t\t\t<div class=\"elementor-widget-container\">\n\t\t\t\t\t\t\t\t\t<h1>Voiceover speaker<\/h1><p>Neben der \u00dcbersetzungs-Arbeit von Werbefilmen biete ich auch an, die jeweiligen S\u00e4tze einzusprechen und dies gerne auch vor der Kamera. Diverse namhafte Unternehmen haben diesen Service bereits genutzt, um f\u00fcr ihre Produkte zu werben.<\/p><p>Finden Sie auch weiter unten reine Audio-H\u00f6rbeispiele auf Klingonisch und auch auf Deutsch.<\/p>\t\t\t\t\t\t\t\t<\/div>\n\t\t\t\t<\/div>\n\t\t\t\t<\/div>\n\t\t\t\t\t<\/div>\n\t\t\t\t<\/div>\n\t\t<div class=\"elementor-element elementor-element-1afc043 e-flex e-con-boxed e-con e-parent\" data-id=\"1afc043\" data-element_type=\"container\" data-e-type=\"container\">\n\t\t\t\t\t<div class=\"e-con-inner\">\n\t\t<div class=\"elementor-element elementor-element-8b12a2c e-con-full e-flex e-con e-child\" data-id=\"8b12a2c\" data-element_type=\"container\" data-e-type=\"container\">\n\t\t\t\t<div class=\"elementor-element elementor-element-4133f90 elementor-widget elementor-widget-text-editor\" data-id=\"4133f90\" data-element_type=\"widget\" data-e-type=\"widget\" data-widget_type=\"text-editor.default\">\n\t\t\t\t<div class=\"elementor-widget-container\">\n\t\t\t\t\t\t\t\t\t<h2>Paramount Network France<\/h2><p class=\"translation-block\"><strong>July 2025<\/strong> \u2013 On the occasion of a film marathon on July 24 featuring the first three films from the <em>Star Trek<\/em> series, Litaer narrated a promotional trailer for the French Paramount Network.<\/p><h2>Die Sendung mit der Maus<\/h2><p><b>7. M\u00e4rz 2021<\/b> &#8211; Anl\u00e4sslich des 50. Geburtstags der Sendung mit der Maus wurde das Intro der Geburtstagsendung wieder mal auf Klingonisch gesprochen. Hintergrundinfos dazu gibt es im News-Bereich von Klingonisch.de: <em>\u201e<a href=\"https:\/\/klingonisch.de\/die-sendung-der-maus-wird-50-auf-klingonisch\/\" target=\"_blank\" rel=\"noopener\">Die Sendung der Maus wird 50 \u2013 Auf Klingonisch.<\/a>\u201c<\/em><\/p>\t\t\t\t\t\t\t\t<\/div>\n\t\t\t\t<\/div>\n\t\t\t\t<div class=\"elementor-element elementor-element-c46d789 elementor-widget elementor-widget-video\" data-id=\"c46d789\" data-element_type=\"widget\" data-e-type=\"widget\" data-settings=\"{&quot;youtube_url&quot;:&quot;https:\\\/\\\/www.youtube.com\\\/watch?v=eRgryUjxWes&quot;,&quot;yt_privacy&quot;:&quot;yes&quot;,&quot;video_type&quot;:&quot;youtube&quot;,&quot;controls&quot;:&quot;yes&quot;}\" data-widget_type=\"video.default\">\n\t\t\t\t<div class=\"elementor-widget-container\">\n\t\t\t\t\t\t\t<div class=\"elementor-wrapper elementor-open-inline\">\n\t\t\t<div class=\"elementor-video\"><\/div>\t\t<\/div>\n\t\t\t\t\t\t<\/div>\n\t\t\t\t<\/div>\n\t\t\t\t<div class=\"elementor-element elementor-element-02f8e2a elementor-widget elementor-widget-text-editor\" data-id=\"02f8e2a\" data-element_type=\"widget\" data-e-type=\"widget\" data-widget_type=\"text-editor.default\">\n\t\t\t\t<div class=\"elementor-widget-container\">\n\t\t\t\t\t\t\t\t\t<h2>H\u00f6rbuch Klingonisch<\/h2><p><b>September 2019<\/b> &#8211; Zum im August ver\u00f6ffentlichten Buch <a href=\"http:\/\/lieven-litaer.de\/en\/kauderwelsch\/\">Kauderwelsch Band 250: Klingonisch Wort f\u00fcr Wort<\/a> ist auch ein H\u00f6rbuch verf\u00fcgbar, gesprochen von Lieven L. Litaer.<\/p>\t\t\t\t\t\t\t\t<\/div>\n\t\t\t\t<\/div>\n\t\t\t\t<div class=\"elementor-element elementor-element-1c8dc12 elementor-widget elementor-widget-text-editor\" data-id=\"1c8dc12\" data-element_type=\"widget\" data-e-type=\"widget\" data-widget_type=\"text-editor.default\">\n\t\t\t\t<div class=\"elementor-widget-container\">\n\t\t\t\t\t\t\t\t\t<h2>Ansage im Freibad<\/h2><p><b>8. Juni 2019<\/b> \u2013 Im Sommer 2019 wurden im saarl\u00e4ndischen Freibad Wallerfangen die Schlie\u00dfenszeit auf Klingonisch angesagt; \u00dcbersetzt und gesprochen von Lieven L. Litaer.<\/p>\t\t\t\t\t\t\t\t<\/div>\n\t\t\t\t<\/div>\n\t\t\t\t<div class=\"elementor-element elementor-element-22663d1 elementor-widget elementor-widget-text-editor\" data-id=\"22663d1\" data-element_type=\"widget\" data-e-type=\"widget\" data-widget_type=\"text-editor.default\">\n\t\t\t\t<div class=\"elementor-widget-container\">\n\t\t\t\t\t\t\t\t\t<h2>Miniatur Wunderland Hamburg<\/h2><p><b>1. April 2019<\/b> \u2013 Als unechter Aprilscherz \u2013 denn es war ja kein Scherz, sondern echtes Klingonisch \u2013 ver\u00f6ffentlichten die Betreiber der weltweit gr\u00f6\u00dften Modellbahn \u201eMiniatur Wunderland\u201d eine klingonische Variante ihres Imagefilms.<\/p>\t\t\t\t\t\t\t\t<\/div>\n\t\t\t\t<\/div>\n\t\t\t\t<div class=\"elementor-element elementor-element-b2a3ccf elementor-widget elementor-widget-video\" data-id=\"b2a3ccf\" data-element_type=\"widget\" data-e-type=\"widget\" data-settings=\"{&quot;youtube_url&quot;:&quot;https:\\\/\\\/www.youtube.com\\\/watch?v=0ovl2G2jsYM&quot;,&quot;video_type&quot;:&quot;youtube&quot;,&quot;controls&quot;:&quot;yes&quot;}\" data-widget_type=\"video.default\">\n\t\t\t\t<div class=\"elementor-widget-container\">\n\t\t\t\t\t\t\t<div class=\"elementor-wrapper elementor-open-inline\">\n\t\t\t<div class=\"elementor-video\"><\/div>\t\t<\/div>\n\t\t\t\t\t\t<\/div>\n\t\t\t\t<\/div>\n\t\t\t\t<div class=\"elementor-element elementor-element-2c4763d elementor-widget elementor-widget-heading\" data-id=\"2c4763d\" data-element_type=\"widget\" data-e-type=\"widget\" data-widget_type=\"heading.default\">\n\t\t\t\t<div class=\"elementor-widget-container\">\n\t\t\t\t\t<h2 class=\"elementor-heading-title elementor-size-default\">Voquent Voice Agency<\/h2>\t\t\t\t<\/div>\n\t\t\t\t<\/div>\n\t\t\t\t<div class=\"elementor-element elementor-element-f0cc0c0 elementor-widget elementor-widget-text-editor\" data-id=\"f0cc0c0\" data-element_type=\"widget\" data-e-type=\"widget\" data-widget_type=\"text-editor.default\">\n\t\t\t\t<div class=\"elementor-widget-container\">\n\t\t\t\t\t\t\t\t\t<p><b>26. Oktober 2018<\/b> \u2013 Die britische Stimmen-Agentur <i>Voquent<\/i> m\u00f6chte darauf hinweisen, dass sie wirklich jede Sprache anbieten. Hierzu wurde ein Trailer auf Klingonisch synchronisiert.<\/p>\t\t\t\t\t\t\t\t<\/div>\n\t\t\t\t<\/div>\n\t\t\t\t<div class=\"elementor-element elementor-element-f84262d elementor-widget elementor-widget-video\" data-id=\"f84262d\" data-element_type=\"widget\" data-e-type=\"widget\" data-settings=\"{&quot;youtube_url&quot;:&quot;https:\\\/\\\/www.youtube.com\\\/watch?v=Xf2cwqIPFMA&quot;,&quot;yt_privacy&quot;:&quot;yes&quot;,&quot;video_type&quot;:&quot;youtube&quot;,&quot;controls&quot;:&quot;yes&quot;}\" data-widget_type=\"video.default\">\n\t\t\t\t<div class=\"elementor-widget-container\">\n\t\t\t\t\t\t\t<div class=\"elementor-wrapper elementor-open-inline\">\n\t\t\t<div class=\"elementor-video\"><\/div>\t\t<\/div>\n\t\t\t\t\t\t<\/div>\n\t\t\t\t<\/div>\n\t\t\t\t<div class=\"elementor-element elementor-element-0a88708 elementor-widget elementor-widget-heading\" data-id=\"0a88708\" data-element_type=\"widget\" data-e-type=\"widget\" data-widget_type=\"heading.default\">\n\t\t\t\t<div class=\"elementor-widget-container\">\n\t\t\t\t\t<h2 class=\"elementor-heading-title elementor-size-default\">Netflix \u2013 The Klingon Way<\/h2>\t\t\t\t<\/div>\n\t\t\t\t<\/div>\n\t\t\t\t<div class=\"elementor-element elementor-element-75b463f elementor-widget elementor-widget-text-editor\" data-id=\"75b463f\" data-element_type=\"widget\" data-e-type=\"widget\" data-widget_type=\"text-editor.default\">\n\t\t\t\t<div class=\"elementor-widget-container\">\n\t\t\t\t\t\t\t\t\t<p><b>8. September 2017<\/b> \u2013 F\u00fcr die weltweite Promotion der neuen Serie <i>Star Trek: Discovery<\/i> haben die Hersteller eine Aktion auf Klingonisch durchgef\u00fchrt.<\/p>\t\t\t\t\t\t\t\t<\/div>\n\t\t\t\t<\/div>\n\t\t\t\t<div class=\"elementor-element elementor-element-302bbac elementor-widget elementor-widget-video\" data-id=\"302bbac\" data-element_type=\"widget\" data-e-type=\"widget\" data-settings=\"{&quot;youtube_url&quot;:&quot;https:\\\/\\\/www.youtube.com\\\/watch?v=enIko6euvII&quot;,&quot;yt_privacy&quot;:&quot;yes&quot;,&quot;video_type&quot;:&quot;youtube&quot;,&quot;controls&quot;:&quot;yes&quot;}\" data-widget_type=\"video.default\">\n\t\t\t\t<div class=\"elementor-widget-container\">\n\t\t\t\t\t\t\t<div class=\"elementor-wrapper elementor-open-inline\">\n\t\t\t<div class=\"elementor-video\"><\/div>\t\t<\/div>\n\t\t\t\t\t\t<\/div>\n\t\t\t\t<\/div>\n\t\t\t\t<div class=\"elementor-element elementor-element-e2e8020 elementor-widget elementor-widget-heading\" data-id=\"e2e8020\" data-element_type=\"widget\" data-e-type=\"widget\" data-widget_type=\"heading.default\">\n\t\t\t\t<div class=\"elementor-widget-container\">\n\t\t\t\t\t<h2 class=\"elementor-heading-title elementor-size-default\">Die Sendung mit der Maus<\/h2>\t\t\t\t<\/div>\n\t\t\t\t<\/div>\n\t\t\t\t<div class=\"elementor-element elementor-element-0713d73 elementor-widget elementor-widget-text-editor\" data-id=\"0713d73\" data-element_type=\"widget\" data-e-type=\"widget\" data-widget_type=\"text-editor.default\">\n\t\t\t\t<div class=\"elementor-widget-container\">\n\t\t\t\t\t\t\t\t\t<p><b>26. M\u00e4rz 2017<\/b> \u2013 Anl\u00e4sslich des Themas &#8222;Raumfahrt&#8220; entschieden sich die Macher der Sendung mit der Maus, ihre Einleitung auch mal auf Klingonisch zu pr\u00e4sentieren. Der Text wurde von Litaer \u00fcbersetzt und gesprochen.<\/p>\t\t\t\t\t\t\t\t<\/div>\n\t\t\t\t<\/div>\n\t\t\t\t<div class=\"elementor-element elementor-element-327d99d elementor-widget elementor-widget-video\" data-id=\"327d99d\" data-element_type=\"widget\" data-e-type=\"widget\" data-settings=\"{&quot;youtube_url&quot;:&quot;https:\\\/\\\/www.youtube.com\\\/watch?v=rXjcHmKzZ-g&quot;,&quot;video_type&quot;:&quot;youtube&quot;,&quot;controls&quot;:&quot;yes&quot;}\" data-widget_type=\"video.default\">\n\t\t\t\t<div class=\"elementor-widget-container\">\n\t\t\t\t\t\t\t<div class=\"elementor-wrapper elementor-open-inline\">\n\t\t\t<div class=\"elementor-video\"><\/div>\t\t<\/div>\n\t\t\t\t\t\t<\/div>\n\t\t\t\t<\/div>\n\t\t\t\t<\/div>\n\t\t\t\t\t<\/div>\n\t\t\t\t<\/div>\n\t\t\t\t<\/div>","protected":false},"excerpt":{"rendered":"<p>Synchron- und Werbesprecher Neben der \u00dcbersetzungs-Arbeit von Werbefilmen biete ich auch an, die jeweiligen S\u00e4tze einzusprechen und dies gerne auch vor der Kamera. Diverse namhafte Unternehmen haben diesen Service bereits genutzt, um f\u00fcr ihre Produkte zu werben. Finden Sie auch weiter unten reine Audio-H\u00f6rbeispiele auf Klingonisch und auch auf Deutsch. Paramount Network Frankreich Juli 2025 [&hellip;]<\/p>\n","protected":false},"author":3,"featured_media":0,"parent":0,"menu_order":0,"comment_status":"closed","ping_status":"closed","template":"elementor_header_footer","meta":{"footnotes":""},"class_list":["post-857","page","type-page","status-publish","hentry"],"_links":{"self":[{"href":"https:\/\/lieven-litaer.de\/en\/wp-json\/wp\/v2\/pages\/857","targetHints":{"allow":["GET"]}}],"collection":[{"href":"https:\/\/lieven-litaer.de\/en\/wp-json\/wp\/v2\/pages"}],"about":[{"href":"https:\/\/lieven-litaer.de\/en\/wp-json\/wp\/v2\/types\/page"}],"author":[{"embeddable":true,"href":"https:\/\/lieven-litaer.de\/en\/wp-json\/wp\/v2\/users\/3"}],"replies":[{"embeddable":true,"href":"https:\/\/lieven-litaer.de\/en\/wp-json\/wp\/v2\/comments?post=857"}],"version-history":[{"count":3,"href":"https:\/\/lieven-litaer.de\/en\/wp-json\/wp\/v2\/pages\/857\/revisions"}],"predecessor-version":[{"id":2438,"href":"https:\/\/lieven-litaer.de\/en\/wp-json\/wp\/v2\/pages\/857\/revisions\/2438"}],"wp:attachment":[{"href":"https:\/\/lieven-litaer.de\/en\/wp-json\/wp\/v2\/media?parent=857"}],"curies":[{"name":"wp","href":"https:\/\/api.w.org\/{rel}","templated":true}]}}