{"id":699,"date":"2020-12-16T08:04:18","date_gmt":"2020-12-16T08:04:18","guid":{"rendered":"http:\/\/lieven-litaer.de\/?page_id=699"},"modified":"2024-01-04T10:24:09","modified_gmt":"2024-01-04T09:24:09","slug":"booking","status":"publish","type":"page","link":"https:\/\/lieven-litaer.de\/en\/booking","title":{"rendered":"booking and contact"},"content":{"rendered":"<div data-elementor-type=\"wp-page\" data-elementor-id=\"699\" class=\"elementor elementor-699\" data-elementor-post-type=\"page\">\n\t\t\t\t<div class=\"elementor-element elementor-element-b1ae8b5 e-flex e-con-boxed e-con e-parent\" data-id=\"b1ae8b5\" data-element_type=\"container\">\n\t\t\t\t\t<div class=\"e-con-inner\">\n\t\t<div class=\"elementor-element elementor-element-10edd26 e-con-full e-flex e-con e-child\" data-id=\"10edd26\" data-element_type=\"container\">\n\t\t\t\t<div class=\"elementor-element elementor-element-b21e49c elementor-widget elementor-widget-text-editor\" data-id=\"b21e49c\" data-element_type=\"widget\" data-widget_type=\"text-editor.default\">\n\t\t\t\t<div class=\"elementor-widget-container\">\n\t\t\t\t\t\t\t\t\t<h1>Booking the Klingon Teacher<\/h1><h2>Keynote speaker for companies and private<\/h2><p class=\"translation-block\">A lecture on the Klingon language can be very educational but also entertaining. Would you like a varied <a href=\"http:\/\/lieven-litaer.de\/en\/keynote-speaker\/themen\/\" target=\"_self\">lecture<\/a> to loosen up your event, your company event, or would you prefer a crash course on an afternoon that opens your employees' minds to new things?<\/p><p class=\"translation-block\">There's a lot you can tell about Klingon, and you can do it with pretty much any <a href=\"http:\/\/lieven-litaer.de\/en\/keynote-speaker\/themen\/\" target=\"_self\">topic<\/a>. Therefore, each lecture can be tailored to the respective event upon request. The Klingon teacher offers workshops and lectures of any length, from a crash course to an original Klingon wedding - even in Klingon if desired. Whether for companies or privately, everything is possible.<\/p><h2>Other services<\/h2><p class=\"translation-block\">If you instead need linguistic advice or professional Klingon translation, Lieven L. Litaer will also be happy to assist you. He also has experience with <a href=\"http:\/\/lieven-litaer.de\/en\/sprach\/\" target=\"_self\">voicing Klingon texts<\/a> e.g. for commercials, software or geocaching tips.<\/p><h2>Contact<\/h2><p class=\"translation-block\">Do you have any questions or just want to get in touch? Write a message to <a href=\"mailto:info@klingonisch.net\" target=\"_self\">info@klingonisch.net<\/a> and we will get back to you as soon as possible.<\/p><h2>Booking inquiries<\/h2><p class=\"translation-block\">Would you like to book Klingon expert Lieven L. Litaer for your event? Then please contact the ZEITBEFREIT agency: <a href=\"mailto:info@zeitbefreit.de\" target=\"_self\">info@zeitbefreit.de<\/a><\/p>\t\t\t\t\t\t\t\t<\/div>\n\t\t\t\t<\/div>\n\t\t\t\t<\/div>\n\t\t\t\t\t<\/div>\n\t\t\t\t<\/div>\n\t\t\t\t<\/div>","protected":false},"excerpt":{"rendered":"<p>Den Klingonischlehrer buchen Keynote-Speaker f\u00fcr Firmen und Privat Ein Vortrag \u00fcber die klingonische Sprache kann sehr lehrreich, aber auch unterhaltsam sein. M\u00f6chten Sie einen abwechslungsreichen Vortrag zur Auflockerung Ihrer Veranstaltung, Ihres Firmen-Events, oder lieber einen Crashkurs an einem Nachmittag, der den Geist Ihrer Mitarbeiter f\u00fcr Neues \u00f6ffnet? Es gibt sehr viel, was man \u00fcber Klingonisch [&hellip;]<\/p>","protected":false},"author":3,"featured_media":0,"parent":0,"menu_order":0,"comment_status":"closed","ping_status":"closed","template":"elementor_header_footer","meta":{"footnotes":""},"class_list":["post-699","page","type-page","status-publish","hentry"],"_links":{"self":[{"href":"https:\/\/lieven-litaer.de\/en\/wp-json\/wp\/v2\/pages\/699","targetHints":{"allow":["GET"]}}],"collection":[{"href":"https:\/\/lieven-litaer.de\/en\/wp-json\/wp\/v2\/pages"}],"about":[{"href":"https:\/\/lieven-litaer.de\/en\/wp-json\/wp\/v2\/types\/page"}],"author":[{"embeddable":true,"href":"https:\/\/lieven-litaer.de\/en\/wp-json\/wp\/v2\/users\/3"}],"replies":[{"embeddable":true,"href":"https:\/\/lieven-litaer.de\/en\/wp-json\/wp\/v2\/comments?post=699"}],"version-history":[{"count":0,"href":"https:\/\/lieven-litaer.de\/en\/wp-json\/wp\/v2\/pages\/699\/revisions"}],"wp:attachment":[{"href":"https:\/\/lieven-litaer.de\/en\/wp-json\/wp\/v2\/media?parent=699"}],"curies":[{"name":"wp","href":"https:\/\/api.w.org\/{rel}","templated":true}]}}