{"id":655,"date":"2020-12-16T07:11:22","date_gmt":"2020-12-16T07:11:22","guid":{"rendered":"http:\/\/lieven-litaer.de\/?page_id=655"},"modified":"2024-11-07T07:52:47","modified_gmt":"2024-11-07T06:52:47","slug":"television-appearances","status":"publish","type":"page","link":"https:\/\/lieven-litaer.de\/en\/about\/television-appearances","title":{"rendered":"Appearances on television"},"content":{"rendered":"<div data-elementor-type=\"wp-page\" data-elementor-id=\"655\" class=\"elementor elementor-655\" data-elementor-post-type=\"page\">\n\t\t\t\t<div class=\"elementor-element elementor-element-6012667 e-flex e-con-boxed e-con e-parent\" data-id=\"6012667\" data-element_type=\"container\">\n\t\t\t\t\t<div class=\"e-con-inner\">\n\t\t<div class=\"elementor-element elementor-element-9b784ed e-con-full e-flex e-con e-child\" data-id=\"9b784ed\" data-element_type=\"container\">\n\t\t\t\t<div class=\"elementor-element elementor-element-7b1a24b elementor-widget elementor-widget-text-editor\" data-id=\"7b1a24b\" data-element_type=\"widget\" data-widget_type=\"text-editor.default\">\n\t\t\t\t<div class=\"elementor-widget-container\">\n\t\t\t\t\t\t\t\t\t<h1>Appearances on television<\/h1><p><em>Thanks to his many years of experience as a speaker, Lieven L. Litaer has a confident appearance on stage and TV. The diverse, entertaining facets of the extraordinary Klingon language can enrich any format.<\/em><\/p>\t\t\t\t\t\t\t\t<\/div>\n\t\t\t\t<\/div>\n\t\t\t\t<\/div>\n\t\t\t\t\t<\/div>\n\t\t\t\t<\/div>\n\t\t<div class=\"elementor-element elementor-element-7bdb0f5 e-flex e-con-boxed e-con e-parent\" data-id=\"7bdb0f5\" data-element_type=\"container\">\n\t\t\t\t\t<div class=\"e-con-inner\">\n\t\t<div class=\"elementor-element elementor-element-e3f0841 e-con-full e-flex e-con e-child\" data-id=\"e3f0841\" data-element_type=\"container\">\n\t\t\t\t<div class=\"elementor-element elementor-element-1518fab elementor-widget elementor-widget-text-editor\" data-id=\"1518fab\" data-element_type=\"widget\" data-widget_type=\"text-editor.default\">\n\t\t\t\t<div class=\"elementor-widget-container\">\n\t\t\t\t\t\t\t\t\t<h2 class=\"elementor-heading-title elementor-size-default elementor-inline-editing pen\" contenteditable=\"true\" data-elementor-setting-key=\"title\" data-pen-placeholder=\"Eingabe hier...\">Wer Isses?\u200b<\/h2><p>In der ersten Folge des neuen TV-Ratespiels auf Pro Sieben trat Lieven Litaer am 27. Februar 2024 als einer der Kandidaten auf, die eine unglaubliche Geschichte erz\u00e4hlten. Das Rateteam sollte erraten, ob er wirklich \u201eflie\u00dfend Klingonisch\u201c spricht.<\/p><div id=\"nav\"><div class=\"menu\"><i>The show is not available online.<\/i><\/div><\/div>\t\t\t\t\t\t\t\t<\/div>\n\t\t\t\t<\/div>\n\t\t\t\t<\/div>\n\t\t<div class=\"elementor-element elementor-element-ccbe9ce e-con-full e-flex e-con e-child\" data-id=\"ccbe9ce\" data-element_type=\"container\">\n\t\t\t\t<div class=\"elementor-element elementor-element-de2d842 elementor-widget elementor-widget-image\" data-id=\"de2d842\" data-element_type=\"widget\" data-widget_type=\"image.default\">\n\t\t\t\t<div class=\"elementor-widget-container\">\n\t\t\t\t\t\t\t\t\t\t\t\t\t\t\t<img decoding=\"async\" width=\"213\" height=\"120\" src=\"https:\/\/lieven-litaer.de\/wp-content\/uploads\/lieven-litaer-bei-wer-isses.jpg\" class=\"attachment-large size-large wp-image-2345\" alt=\"screenshot von Lieven Litaer bei Wer Isses\" srcset=\"https:\/\/lieven-litaer.de\/wp-content\/uploads\/lieven-litaer-bei-wer-isses.jpg 213w, https:\/\/lieven-litaer.de\/wp-content\/uploads\/lieven-litaer-bei-wer-isses-150x85.jpg 150w, https:\/\/lieven-litaer.de\/wp-content\/uploads\/lieven-litaer-bei-wer-isses-18x10.jpg 18w\" sizes=\"(max-width: 213px) 100vw, 213px\" \/>\t\t\t\t\t\t\t\t\t\t\t\t\t\t\t<\/div>\n\t\t\t\t<\/div>\n\t\t\t\t<\/div>\n\t\t\t\t\t<\/div>\n\t\t\t\t<\/div>\n\t\t<div class=\"elementor-element elementor-element-93b4834 e-flex e-con-boxed e-con e-parent\" data-id=\"93b4834\" data-element_type=\"container\">\n\t\t\t\t\t<div class=\"e-con-inner\">\n\t\t<div class=\"elementor-element elementor-element-7a3af27 e-con-full e-flex e-con e-child\" data-id=\"7a3af27\" data-element_type=\"container\">\n\t\t\t\t<div class=\"elementor-element elementor-element-2e032e5 elementor-widget elementor-widget-text-editor\" data-id=\"2e032e5\" data-element_type=\"widget\" data-widget_type=\"text-editor.default\">\n\t\t\t\t<div class=\"elementor-widget-container\">\n\t\t\t\t\t\t\t\t\t<h2 class=\"elementor-heading-title elementor-size-default elementor-inline-editing pen\" contenteditable=\"true\" data-elementor-setting-key=\"title\" data-pen-placeholder=\"Eingabe hier...\">Guckst Du?! Kayas gro\u00dfe Kinoshow\u200b<\/h2><p>In spring 2018, Lieven Litaer was invited to Kaya Yanar and was allowed to teach Klingon to prominent guests B\u00fclent Ceylan and Henning Baum in an entertaining quiz.<\/p><div id=\"nav\"><div class=\"menu\">\u25b8 Siehe den Clip <a href=\"https:\/\/www.myspass.de\/shows\/tvshows\/guckst-du-kayas-grosse-kinoshow\/Komisch-oder-Klingonisch--\/29384\/\" target=\"_blank\" rel=\"noopener\">Komisch oder Klingonisch<\/a> auf MySpass.de<br \/>\u25b8 Siehe den Clip <a href=\"https:\/\/www.youtube.com\/watch?v=okwwLslry-M\" target=\"_blank\" rel=\"noopener\">Komisch oder Klingonisch<\/a> auf YouTube<\/div><\/div>\t\t\t\t\t\t\t\t<\/div>\n\t\t\t\t<\/div>\n\t\t\t\t<\/div>\n\t\t<div class=\"elementor-element elementor-element-f0818ab e-con-full e-flex e-con e-child\" data-id=\"f0818ab\" data-element_type=\"container\">\n\t\t\t\t<div class=\"elementor-element elementor-element-7794886 elementor-widget elementor-widget-image\" data-id=\"7794886\" data-element_type=\"widget\" data-widget_type=\"image.default\">\n\t\t\t\t<div class=\"elementor-widget-container\">\n\t\t\t\t\t\t\t\t\t\t\t\t\t\t\t<img decoding=\"async\" width=\"213\" height=\"120\" src=\"https:\/\/lieven-litaer.de\/wp-content\/uploads\/2020\/12\/kayayanar.jpg\" class=\"attachment-large size-large wp-image-656\" alt=\"\" \/>\t\t\t\t\t\t\t\t\t\t\t\t\t\t\t<\/div>\n\t\t\t\t<\/div>\n\t\t\t\t<\/div>\n\t\t\t\t\t<\/div>\n\t\t\t\t<\/div>\n\t\t<div class=\"elementor-element elementor-element-3bcd370 e-flex e-con-boxed e-con e-parent\" data-id=\"3bcd370\" data-element_type=\"container\">\n\t\t\t\t\t<div class=\"e-con-inner\">\n\t\t<div class=\"elementor-element elementor-element-29cfea4 e-con-full e-flex e-con e-child\" data-id=\"29cfea4\" data-element_type=\"container\">\n\t\t\t\t<div class=\"elementor-element elementor-element-553f1bf elementor-widget elementor-widget-text-editor\" data-id=\"553f1bf\" data-element_type=\"widget\" data-widget_type=\"text-editor.default\">\n\t\t\t\t<div class=\"elementor-widget-container\">\n\t\t\t\t\t\t\t\t\t<h2>5 Gegen Jauch<\/h2><p>In March 2017, Litaer was invited as an expert for the celebrity special of the quiz show \u201c5 Gegen Jauch\u201d to solve one of the quiz questions. None of those involved could answer the question of which literary work was translated into Klingon. Litaer was able to explain what the language was all about, was able to spontaneously translate some interesting sentences to the moderator Oliver Pocher and quoted a few lines from the Klingon Hamlet.<\/p><p><i>The show is not available online.<\/i><\/p>\t\t\t\t\t\t\t\t<\/div>\n\t\t\t\t<\/div>\n\t\t\t\t<\/div>\n\t\t<div class=\"elementor-element elementor-element-1bc67eb e-con-full e-flex e-con e-child\" data-id=\"1bc67eb\" data-element_type=\"container\">\n\t\t\t\t<div class=\"elementor-element elementor-element-8f82bbc elementor-widget elementor-widget-image\" data-id=\"8f82bbc\" data-element_type=\"widget\" data-widget_type=\"image.default\">\n\t\t\t\t<div class=\"elementor-widget-container\">\n\t\t\t\t\t\t\t\t\t\t\t\t\t\t\t<img decoding=\"async\" width=\"213\" height=\"120\" src=\"https:\/\/lieven-litaer.de\/wp-content\/uploads\/2020\/12\/5gegenJauch.jpg\" class=\"attachment-large size-large wp-image-660\" alt=\"Auftritt bei 5 Gegen Jauch\" \/>\t\t\t\t\t\t\t\t\t\t\t\t\t\t\t<\/div>\n\t\t\t\t<\/div>\n\t\t\t\t<\/div>\n\t\t\t\t\t<\/div>\n\t\t\t\t<\/div>\n\t\t<div class=\"elementor-element elementor-element-eca9724 e-flex e-con-boxed e-con e-parent\" data-id=\"eca9724\" data-element_type=\"container\">\n\t\t\t\t\t<div class=\"e-con-inner\">\n\t\t<div class=\"elementor-element elementor-element-d22b345 e-con-full e-flex e-con e-child\" data-id=\"d22b345\" data-element_type=\"container\">\n\t\t\t\t<div class=\"elementor-element elementor-element-0983792 elementor-widget elementor-widget-text-editor\" data-id=\"0983792\" data-element_type=\"widget\" data-widget_type=\"text-editor.default\">\n\t\t\t\t<div class=\"elementor-widget-container\">\n\t\t\t\t\t\t\t\t\t<h2>Miss Wildcard\u200b<\/h2><p>In the entertainment documentary on the private broadcaster Sky 1 HD in June 2017, Litaer was allowed to teach comedienne Lena Liebkind Klingon in preparation for her role as Miss Klingon.<\/p><p><em>The show is not available online.<\/em><\/p>\t\t\t\t\t\t\t\t<\/div>\n\t\t\t\t<\/div>\n\t\t\t\t<\/div>\n\t\t<div class=\"elementor-element elementor-element-e4fb8a6 e-con-full e-flex e-con e-child\" data-id=\"e4fb8a6\" data-element_type=\"container\">\n\t\t\t\t<div class=\"elementor-element elementor-element-335e4c9 elementor-widget elementor-widget-image\" data-id=\"335e4c9\" data-element_type=\"widget\" data-widget_type=\"image.default\">\n\t\t\t\t<div class=\"elementor-widget-container\">\n\t\t\t\t\t\t\t\t\t\t\t\t\t\t\t<img loading=\"lazy\" decoding=\"async\" width=\"213\" height=\"120\" src=\"https:\/\/lieven-litaer.de\/wp-content\/uploads\/2020\/12\/misswildcard.jpg\" class=\"attachment-large size-large wp-image-657\" alt=\"\" \/>\t\t\t\t\t\t\t\t\t\t\t\t\t\t\t<\/div>\n\t\t\t\t<\/div>\n\t\t\t\t<\/div>\n\t\t\t\t\t<\/div>\n\t\t\t\t<\/div>\n\t\t\t\t<section class=\"elementor-section elementor-top-section elementor-element elementor-element-40d5db3 elementor-section-boxed elementor-section-height-default elementor-section-height-default\" data-id=\"40d5db3\" data-element_type=\"section\">\n\t\t\t\t\t\t<div class=\"elementor-container elementor-column-gap-default\">\n\t\t\t\t\t<div class=\"elementor-column elementor-col-100 elementor-top-column elementor-element elementor-element-87b59d4\" data-id=\"87b59d4\" data-element_type=\"column\">\n\t\t\t<div class=\"elementor-widget-wrap elementor-element-populated\">\n\t\t\t\t\t\t<div class=\"elementor-element elementor-element-a47c73d elementor-widget elementor-widget-heading\" data-id=\"a47c73d\" data-element_type=\"widget\" data-widget_type=\"heading.default\">\n\t\t\t\t<div class=\"elementor-widget-container\">\n\t\t\t\t\t<h2 class=\"elementor-heading-title elementor-size-default\">Live! Planet People<\/h2>\t\t\t\t<\/div>\n\t\t\t\t<\/div>\n\t\t\t\t<section class=\"elementor-section elementor-inner-section elementor-element elementor-element-c0c1cac elementor-reverse-tablet elementor-reverse-mobile elementor-section-boxed elementor-section-height-default elementor-section-height-default\" data-id=\"c0c1cac\" data-element_type=\"section\">\n\t\t\t\t\t\t<div class=\"elementor-container elementor-column-gap-default\">\n\t\t\t\t\t<div class=\"elementor-column elementor-col-50 elementor-inner-column elementor-element elementor-element-b5e6a88\" data-id=\"b5e6a88\" data-element_type=\"column\">\n\t\t\t<div class=\"elementor-widget-wrap elementor-element-populated\">\n\t\t\t\t\t\t<div class=\"elementor-element elementor-element-0d0ae8e elementor-widget elementor-widget-text-editor\" data-id=\"0d0ae8e\" data-element_type=\"widget\" data-widget_type=\"text-editor.default\">\n\t\t\t\t<div class=\"elementor-widget-container\">\n\t\t\t\t\t\t\t\t\t<p>On the occasion of LuxCon 2017, Litaer was invited to the Luxembourg RTL and was able to appear in the live broadcast \u201cLive! Planet People\u201d about the convention, about his work and about his new book.<\/p>\t\t\t\t\t\t\t\t<\/div>\n\t\t\t\t<\/div>\n\t\t\t\t\t<\/div>\n\t\t<\/div>\n\t\t\t\t<div class=\"elementor-column elementor-col-50 elementor-inner-column elementor-element elementor-element-9c41f31\" data-id=\"9c41f31\" data-element_type=\"column\">\n\t\t\t<div class=\"elementor-widget-wrap elementor-element-populated\">\n\t\t\t\t\t\t<div class=\"elementor-element elementor-element-e3a496a elementor-widget elementor-widget-image\" data-id=\"e3a496a\" data-element_type=\"widget\" data-widget_type=\"image.default\">\n\t\t\t\t<div class=\"elementor-widget-container\">\n\t\t\t\t\t\t\t\t\t\t\t\t\t\t\t<img loading=\"lazy\" decoding=\"async\" width=\"213\" height=\"119\" src=\"https:\/\/lieven-litaer.de\/wp-content\/uploads\/2020\/12\/planetpeople.jpg\" class=\"attachment-full size-full wp-image-658\" alt=\"\" \/>\t\t\t\t\t\t\t\t\t\t\t\t\t\t\t<\/div>\n\t\t\t\t<\/div>\n\t\t\t\t\t<\/div>\n\t\t<\/div>\n\t\t\t\t\t<\/div>\n\t\t<\/section>\n\t\t\t\t\t<\/div>\n\t\t<\/div>\n\t\t\t\t\t<\/div>\n\t\t<\/section>\n\t\t\t\t<section class=\"elementor-section elementor-top-section elementor-element elementor-element-33540af elementor-section-boxed elementor-section-height-default elementor-section-height-default\" data-id=\"33540af\" data-element_type=\"section\">\n\t\t\t\t\t\t<div class=\"elementor-container elementor-column-gap-default\">\n\t\t\t\t\t<div class=\"elementor-column elementor-col-100 elementor-top-column elementor-element elementor-element-6fecc1e\" data-id=\"6fecc1e\" data-element_type=\"column\">\n\t\t\t<div class=\"elementor-widget-wrap elementor-element-populated\">\n\t\t\t\t\t\t<div class=\"elementor-element elementor-element-bd8ed35 elementor-widget elementor-widget-heading\" data-id=\"bd8ed35\" data-element_type=\"widget\" data-widget_type=\"heading.default\">\n\t\t\t\t<div class=\"elementor-widget-container\">\n\t\t\t\t\t<h2 class=\"elementor-heading-title elementor-size-default\">TV total<\/h2>\t\t\t\t<\/div>\n\t\t\t\t<\/div>\n\t\t\t\t<section class=\"elementor-section elementor-inner-section elementor-element elementor-element-5ce7d21 elementor-reverse-tablet elementor-reverse-mobile elementor-section-boxed elementor-section-height-default elementor-section-height-default\" data-id=\"5ce7d21\" data-element_type=\"section\">\n\t\t\t\t\t\t<div class=\"elementor-container elementor-column-gap-default\">\n\t\t\t\t\t<div class=\"elementor-column elementor-col-50 elementor-inner-column elementor-element elementor-element-2a31b76\" data-id=\"2a31b76\" data-element_type=\"column\">\n\t\t\t<div class=\"elementor-widget-wrap elementor-element-populated\">\n\t\t\t\t\t\t<div class=\"elementor-element elementor-element-db5797d elementor-widget elementor-widget-text-editor\" data-id=\"db5797d\" data-element_type=\"widget\" data-widget_type=\"text-editor.default\">\n\t\t\t\t<div class=\"elementor-widget-container\">\n\t\t\t\t\t\t\t\t\t<p>Litaer achieved his first major TV appearance when he was invited to Stefan Raab's entertainment show \"TV total\" in February 2013. He was able to cleverly counter Raab's initial skepticism and was quickly able to convince him that Klingon is more than a simple game for nerds. Due to his apparently great interest, Stefan Raab exceeded the planned broadcast time, so that the conversation continued until the end credits.<\/p>\t\t\t\t\t\t\t\t<\/div>\n\t\t\t\t<\/div>\n\t\t\t\t\t<\/div>\n\t\t<\/div>\n\t\t\t\t<div class=\"elementor-column elementor-col-50 elementor-inner-column elementor-element elementor-element-3fd5743\" data-id=\"3fd5743\" data-element_type=\"column\">\n\t\t\t<div class=\"elementor-widget-wrap elementor-element-populated\">\n\t\t\t\t\t\t<div class=\"elementor-element elementor-element-f566fd4 elementor-widget elementor-widget-image\" data-id=\"f566fd4\" data-element_type=\"widget\" data-widget_type=\"image.default\">\n\t\t\t\t<div class=\"elementor-widget-container\">\n\t\t\t\t\t\t\t\t\t\t\t\t\t\t\t<img loading=\"lazy\" decoding=\"async\" width=\"213\" height=\"120\" src=\"https:\/\/lieven-litaer.de\/wp-content\/uploads\/2020\/12\/raab2.jpg\" class=\"attachment-full size-full wp-image-659\" alt=\"\" \/>\t\t\t\t\t\t\t\t\t\t\t\t\t\t\t<\/div>\n\t\t\t\t<\/div>\n\t\t\t\t\t<\/div>\n\t\t<\/div>\n\t\t\t\t\t<\/div>\n\t\t<\/section>\n\t\t\t\t\t<\/div>\n\t\t<\/div>\n\t\t\t\t\t<\/div>\n\t\t<\/section>\n\t\t\t\t<section class=\"elementor-section elementor-top-section elementor-element elementor-element-3a40859 elementor-section-boxed elementor-section-height-default elementor-section-height-default\" data-id=\"3a40859\" data-element_type=\"section\">\n\t\t\t\t\t\t<div class=\"elementor-container elementor-column-gap-default\">\n\t\t\t\t\t<div class=\"elementor-column elementor-col-100 elementor-top-column elementor-element elementor-element-57e9fd0\" data-id=\"57e9fd0\" data-element_type=\"column\">\n\t\t\t<div class=\"elementor-widget-wrap elementor-element-populated\">\n\t\t\t\t\t\t<div class=\"elementor-element elementor-element-e494e28 elementor-widget elementor-widget-heading\" data-id=\"e494e28\" data-element_type=\"widget\" data-widget_type=\"heading.default\">\n\t\t\t\t<div class=\"elementor-widget-container\">\n\t\t\t\t\t<h2 class=\"elementor-heading-title elementor-size-default\">Sag die Wahrheit<\/h2>\t\t\t\t<\/div>\n\t\t\t\t<\/div>\n\t\t\t\t<section class=\"elementor-section elementor-inner-section elementor-element elementor-element-0aae41a elementor-section-boxed elementor-section-height-default elementor-section-height-default\" data-id=\"0aae41a\" data-element_type=\"section\">\n\t\t\t\t\t\t<div class=\"elementor-container elementor-column-gap-default\">\n\t\t\t\t\t<div class=\"elementor-column elementor-col-50 elementor-inner-column elementor-element elementor-element-64f6cd9\" data-id=\"64f6cd9\" data-element_type=\"column\">\n\t\t\t<div class=\"elementor-widget-wrap elementor-element-populated\">\n\t\t\t\t\t\t<div class=\"elementor-element elementor-element-68b073e elementor-widget elementor-widget-text-editor\" data-id=\"68b073e\" data-element_type=\"widget\" data-widget_type=\"text-editor.default\">\n\t\t\t\t<div class=\"elementor-widget-container\">\n\t\t\t\t\t\t\t\t\t<p>At a time when Litaer was still relatively unknown to the public, he was discovered by WDR in 2005 as an interesting candidate for the advice program \u201cTell the Truth\u201d. He was able to present his strange hobby and the prominent guests were allowed to guess whether this hobby was real. <br \/><br \/><i>The show is not available online.<\/i><\/p>\t\t\t\t\t\t\t\t<\/div>\n\t\t\t\t<\/div>\n\t\t\t\t\t<\/div>\n\t\t<\/div>\n\t\t\t\t<div class=\"elementor-column elementor-col-50 elementor-inner-column elementor-element elementor-element-0596fbe\" data-id=\"0596fbe\" data-element_type=\"column\">\n\t\t\t<div class=\"elementor-widget-wrap\">\n\t\t\t\t\t\t\t<\/div>\n\t\t<\/div>\n\t\t\t\t\t<\/div>\n\t\t<\/section>\n\t\t\t\t\t<\/div>\n\t\t<\/div>\n\t\t\t\t\t<\/div>\n\t\t<\/section>\n\t\t\t\t<\/div>","protected":false},"excerpt":{"rendered":"<p>TV-Auftritte Durch seine langj\u00e4hrige Erfahrung als Redner hat Lieven L. Litaer ein selbstsicheres Auftreten f\u00fcr B\u00fchne und TV. Durch die vielseitigen unterhaltsamen Facetten der au\u00dfergew\u00f6hnlichen klingonischen Sprache kann jedes Format bereichert werden. Wer Isses?\u200b In der ersten Folge des neuen TV-Ratespiels auf Pro Sieben trat Lieven Litaer am 27. Februar 2024 als einer der Kandidaten [&hellip;]<\/p>","protected":false},"author":3,"featured_media":0,"parent":15,"menu_order":0,"comment_status":"closed","ping_status":"closed","template":"elementor_header_footer","meta":{"footnotes":""},"class_list":["post-655","page","type-page","status-publish","hentry"],"_links":{"self":[{"href":"https:\/\/lieven-litaer.de\/en\/wp-json\/wp\/v2\/pages\/655","targetHints":{"allow":["GET"]}}],"collection":[{"href":"https:\/\/lieven-litaer.de\/en\/wp-json\/wp\/v2\/pages"}],"about":[{"href":"https:\/\/lieven-litaer.de\/en\/wp-json\/wp\/v2\/types\/page"}],"author":[{"embeddable":true,"href":"https:\/\/lieven-litaer.de\/en\/wp-json\/wp\/v2\/users\/3"}],"replies":[{"embeddable":true,"href":"https:\/\/lieven-litaer.de\/en\/wp-json\/wp\/v2\/comments?post=655"}],"version-history":[{"count":3,"href":"https:\/\/lieven-litaer.de\/en\/wp-json\/wp\/v2\/pages\/655\/revisions"}],"predecessor-version":[{"id":2348,"href":"https:\/\/lieven-litaer.de\/en\/wp-json\/wp\/v2\/pages\/655\/revisions\/2348"}],"up":[{"embeddable":true,"href":"https:\/\/lieven-litaer.de\/en\/wp-json\/wp\/v2\/pages\/15"}],"wp:attachment":[{"href":"https:\/\/lieven-litaer.de\/en\/wp-json\/wp\/v2\/media?parent=655"}],"curies":[{"name":"wp","href":"https:\/\/api.w.org\/{rel}","templated":true}]}}