{"id":59,"date":"2020-12-15T19:35:58","date_gmt":"2020-12-15T19:35:58","guid":{"rendered":"http:\/\/lieven-litaer.de\/?page_id=59"},"modified":"2021-02-13T17:42:14","modified_gmt":"2021-02-13T16:42:14","slug":"klingonisch-fuer-einsteiger","status":"publish","type":"page","link":"https:\/\/lieven-litaer.de\/en\/publications\/klingonisch-fuer-einsteiger","title":{"rendered":"Klingonisch f\u00fcr Einsteiger"},"content":{"rendered":"<div data-elementor-type=\"wp-page\" data-elementor-id=\"59\" class=\"elementor elementor-59\" data-elementor-post-type=\"page\">\n\t\t\t\t\t\t<section class=\"elementor-section elementor-top-section elementor-element elementor-element-5871a312 elementor-section-boxed elementor-section-height-default elementor-section-height-default\" data-id=\"5871a312\" data-element_type=\"section\" data-settings=\"{&quot;background_background&quot;:&quot;classic&quot;}\">\n\t\t\t\t\t\t<div class=\"elementor-container elementor-column-gap-default\">\n\t\t\t\t\t<div class=\"elementor-column elementor-col-100 elementor-top-column elementor-element elementor-element-14fbc391\" data-id=\"14fbc391\" data-element_type=\"column\" data-settings=\"{&quot;background_background&quot;:&quot;classic&quot;}\">\n\t\t\t<div class=\"elementor-widget-wrap elementor-element-populated\">\n\t\t\t\t\t\t<div class=\"elementor-element elementor-element-c4569f7 elementor-hidden-phone elementor-widget elementor-widget-image\" data-id=\"c4569f7\" data-element_type=\"widget\" data-widget_type=\"image.default\">\n\t\t\t\t<div class=\"elementor-widget-container\">\n\t\t\t\t\t\t\t\t\t\t\t\t\t\t\t<img fetchpriority=\"high\" decoding=\"async\" width=\"800\" height=\"131\" src=\"https:\/\/lieven-litaer.de\/wp-content\/uploads\/2020\/12\/titel_kfe_d-1024x168.png\" class=\"attachment-large size-large wp-image-1175\" alt=\"\" srcset=\"https:\/\/lieven-litaer.de\/wp-content\/uploads\/2020\/12\/titel_kfe_d-1024x168.png 1024w, https:\/\/lieven-litaer.de\/wp-content\/uploads\/2020\/12\/titel_kfe_d-300x49.png 300w, https:\/\/lieven-litaer.de\/wp-content\/uploads\/2020\/12\/titel_kfe_d-768x126.png 768w, https:\/\/lieven-litaer.de\/wp-content\/uploads\/2020\/12\/titel_kfe_d.png 1240w\" sizes=\"(max-width: 800px) 100vw, 800px\" \/>\t\t\t\t\t\t\t\t\t\t\t\t\t\t\t<\/div>\n\t\t\t\t<\/div>\n\t\t\t\t<div class=\"elementor-element elementor-element-7f450d4 elementor-widget elementor-widget-heading\" data-id=\"7f450d4\" data-element_type=\"widget\" data-widget_type=\"heading.default\">\n\t\t\t\t<div class=\"elementor-widget-container\">\n\t\t\t\t\t<h1 class=\"elementor-heading-title elementor-size-default\">Klingonisch f\u00fcr Einsteiger<\/h1>\t\t\t\t<\/div>\n\t\t\t\t<\/div>\n\t\t\t\t<div class=\"elementor-element elementor-element-bcebf91 elementor-widget elementor-widget-heading\" data-id=\"bcebf91\" data-element_type=\"widget\" data-widget_type=\"heading.default\">\n\t\t\t\t<div class=\"elementor-widget-container\">\n\t\t\t\t\t<h5 class=\"elementor-heading-title elementor-size-default\">\"Das \u00dcbungsbuch f\u00fcr die am schnellsten wachsende Sprache der Galaxie\"<\/h5>\t\t\t\t<\/div>\n\t\t\t\t<\/div>\n\t\t\t\t<section class=\"elementor-section elementor-inner-section elementor-element elementor-element-d195928 elementor-reverse-mobile elementor-section-boxed elementor-section-height-default elementor-section-height-default\" data-id=\"d195928\" data-element_type=\"section\">\n\t\t\t\t\t\t<div class=\"elementor-container elementor-column-gap-default\">\n\t\t\t\t\t<div class=\"elementor-column elementor-col-50 elementor-inner-column elementor-element elementor-element-1534993\" data-id=\"1534993\" data-element_type=\"column\">\n\t\t\t<div class=\"elementor-widget-wrap elementor-element-populated\">\n\t\t\t\t\t\t<div class=\"elementor-element elementor-element-22431b3 elementor-widget elementor-widget-text-editor\" data-id=\"22431b3\" data-element_type=\"widget\" data-widget_type=\"text-editor.default\">\n\t\t\t\t<div class=\"elementor-widget-container\">\n\t\t\t\t\t\t\t\t\t<p>P\u00fcnktlich zu Beginn der neuen Serie <em>Star Trek: Discovery<\/em> verk\u00fcndeten wir 2017 mit Stolz das weltweit erste Klingonisch-\u00dcbungsbuch. Es ist als Erg\u00e4nzung zu <a href=\"http:\/\/lieven-litaer.de\/en\/publications\/das-offizielle-woerterbuch\/\"><em>Das Offizielle W\u00f6rterbuch<\/em><\/a> von Marc Okrand gedacht ist, denn es enth\u00e4lt neben zus\u00e4tzlichen \u00dcbungen auch viele interessante Hintergrundinformationen.<\/p>\n\n<p>Das \u00dcbungsbuch ist aufgebaut wie jene Sprachkurse, die man aus der Schule kennt: Eine Rahmenhandlung ist \u00fcber zehn Lektionen verteilt, gespickt mit Dialogen, Vokabeln, \u00dcbungen und Erkl\u00e4rungen zur Grammatik.<\/p>\n\n<p>Mit diesem Buch lernt man sicher nicht flie\u00dfend Klingonisch zu sprechen, aber es ist der perfekte Einstieg in die Sprache und erm\u00f6glicht dem Leser die Grundlagen des Klingonischen zu verstehen sowie einfache S\u00e4tze zu erstellen. Das Buch ist einfach zu lesen und beweist, dass Klingonisch Lernen Spa\u00df macht.<\/p>\n\n<p>Das Buch ist seit August 2017 auf Deutsch beim HEEL Verlag erh\u00e4ltlich.<\/p>\t\t\t\t\t\t\t\t<\/div>\n\t\t\t\t<\/div>\n\t\t\t\t\t<\/div>\n\t\t<\/div>\n\t\t\t\t<div class=\"elementor-column elementor-col-50 elementor-inner-column elementor-element elementor-element-8a3b955\" data-id=\"8a3b955\" data-element_type=\"column\">\n\t\t\t<div class=\"elementor-widget-wrap elementor-element-populated\">\n\t\t\t\t\t\t<div class=\"elementor-element elementor-element-b6c7a50 elementor-widget elementor-widget-image\" data-id=\"b6c7a50\" data-element_type=\"widget\" data-widget_type=\"image.default\">\n\t\t\t\t<div class=\"elementor-widget-container\">\n\t\t\t\t\t\t\t\t\t\t\t\t\t\t\t<img decoding=\"async\" width=\"200\" height=\"284\" src=\"https:\/\/lieven-litaer.de\/wp-content\/uploads\/2020\/12\/cover_kfe_d.jpg\" class=\"attachment-large size-large wp-image-1349\" alt=\"\" \/>\t\t\t\t\t\t\t\t\t\t\t\t\t\t\t<\/div>\n\t\t\t\t<\/div>\n\t\t\t\t\t<\/div>\n\t\t<\/div>\n\t\t\t\t\t<\/div>\n\t\t<\/section>\n\t\t\t\t<div class=\"elementor-element elementor-element-7e0a7c1 elementor-widget elementor-widget-heading\" data-id=\"7e0a7c1\" data-element_type=\"widget\" data-widget_type=\"heading.default\">\n\t\t\t\t<div class=\"elementor-widget-container\">\n\t\t\t\t\t<h2 class=\"elementor-heading-title elementor-size-default\">Preview<\/h2>\t\t\t\t<\/div>\n\t\t\t\t<\/div>\n\t\t\t\t<div class=\"elementor-element elementor-element-b2755db elementor-arrows-position-inside elementor-pagination-position-outside elementor-widget elementor-widget-global elementor-global-1444 elementor-widget-image-carousel\" data-id=\"b2755db\" data-element_type=\"widget\" data-settings=\"{&quot;slides_to_show&quot;:&quot;1&quot;,&quot;navigation&quot;:&quot;both&quot;,&quot;autoplay&quot;:&quot;yes&quot;,&quot;pause_on_hover&quot;:&quot;yes&quot;,&quot;pause_on_interaction&quot;:&quot;yes&quot;,&quot;autoplay_speed&quot;:5000,&quot;infinite&quot;:&quot;yes&quot;,&quot;effect&quot;:&quot;slide&quot;,&quot;speed&quot;:500}\" data-widget_type=\"image-carousel.default\">\n\t\t\t\t<div class=\"elementor-widget-container\">\n\t\t\t\t\t\t\t<div class=\"elementor-image-carousel-wrapper swiper\" role=\"region\" aria-roledescription=\"carousel\" aria-label=\"Image Carousel\" dir=\"ltr\">\n\t\t\t<div class=\"elementor-image-carousel swiper-wrapper\" aria-live=\"off\">\n\t\t\t\t\t\t\t\t<div class=\"swiper-slide\" role=\"group\" aria-roledescription=\"slide\" aria-label=\"1 of 5\"><figure class=\"swiper-slide-inner\"><img decoding=\"async\" class=\"swiper-slide-image\" src=\"https:\/\/lieven-litaer.de\/wp-content\/uploads\/elementor\/thumbs\/kfe-vorschau_05-p0hy95qeuudf1p50cw7nmfiim5djwtmehj84pdrh1c.jpg\" alt=\"Inhaltsverzeichnis\" \/><figcaption class=\"elementor-image-carousel-caption\">Inhaltsverzeichnis<\/figcaption><\/figure><\/div><div class=\"swiper-slide\" role=\"group\" aria-roledescription=\"slide\" aria-label=\"2 of 5\"><figure class=\"swiper-slide-inner\"><img decoding=\"async\" class=\"swiper-slide-image\" src=\"https:\/\/lieven-litaer.de\/wp-content\/uploads\/elementor\/thumbs\/kfe-vorschau_16-p0hy96o91oepdb3n7ema6x9z7j8x4iq4tnvm6nq2v4.jpg\" alt=\"Lektion 2: Geschichte\" \/><figcaption class=\"elementor-image-carousel-caption\">Lektion 2: Geschichte<\/figcaption><\/figure><\/div><div class=\"swiper-slide\" role=\"group\" aria-roledescription=\"slide\" aria-label=\"3 of 5\"><figure class=\"swiper-slide-inner\"><img decoding=\"async\" class=\"swiper-slide-image\" src=\"https:\/\/lieven-litaer.de\/wp-content\/uploads\/elementor\/thumbs\/kfe-vorschau_17-p0hy96o91oepdb3n7ema6x9z7j8x4iq4tnvm6nq2v4.jpg\" alt=\"Vokabeln und Dialog\" \/><figcaption class=\"elementor-image-carousel-caption\">Vokabeln und Dialog<\/figcaption><\/figure><\/div><div class=\"swiper-slide\" role=\"group\" aria-roledescription=\"slide\" aria-label=\"4 of 5\"><figure class=\"swiper-slide-inner\"><img decoding=\"async\" class=\"swiper-slide-image\" src=\"https:\/\/lieven-litaer.de\/wp-content\/uploads\/elementor\/thumbs\/kfe-vorschau_18-p0hy96o91oepdb3n7ema6x9z7j8x4iq4tnvm6nq2v4.jpg\" alt=\"\u00dcbungen zur Lektion\" \/><figcaption class=\"elementor-image-carousel-caption\">\u00dcbungen zur Lektion<\/figcaption><\/figure><\/div><div class=\"swiper-slide\" role=\"group\" aria-roledescription=\"slide\" aria-label=\"5 of 5\"><figure class=\"swiper-slide-inner\"><img decoding=\"async\" class=\"swiper-slide-image\" src=\"https:\/\/lieven-litaer.de\/wp-content\/uploads\/elementor\/thumbs\/kfe-vorschau_19-p0hy97m38ifzox2a1x0wrf1fsx4ac7tv5sj3nxooow.jpg\" alt=\"Grammatik und Hinweise\" \/><figcaption class=\"elementor-image-carousel-caption\">Grammatik und Hinweise<\/figcaption><\/figure><\/div>\t\t\t<\/div>\n\t\t\t\t\t\t\t\t\t\t\t\t<div class=\"elementor-swiper-button elementor-swiper-button-prev\" role=\"button\" tabindex=\"0\">\n\t\t\t\t\t\t<i aria-hidden=\"true\" class=\"eicon-chevron-left\"><\/i>\t\t\t\t\t<\/div>\n\t\t\t\t\t<div class=\"elementor-swiper-button elementor-swiper-button-next\" role=\"button\" tabindex=\"0\">\n\t\t\t\t\t\t<i aria-hidden=\"true\" class=\"eicon-chevron-right\"><\/i>\t\t\t\t\t<\/div>\n\t\t\t\t\n\t\t\t\t\t\t\t\t\t<div class=\"swiper-pagination\"><\/div>\n\t\t\t\t\t\t\t\t\t<\/div>\n\t\t\t\t\t\t<\/div>\n\t\t\t\t<\/div>\n\t\t\t\t<div class=\"elementor-element elementor-element-a13a208 elementor-cta--skin-classic elementor-animated-content elementor-bg-transform elementor-bg-transform-zoom-in elementor-widget elementor-widget-global elementor-global-1393 elementor-widget-call-to-action\" data-id=\"a13a208\" data-element_type=\"widget\" data-widget_type=\"call-to-action.default\">\n\t\t\t\t<div class=\"elementor-widget-container\">\n\t\t\t\t\t\t\t<div class=\"elementor-cta\">\n\t\t\t\t\t<div class=\"elementor-cta__bg-wrapper\">\n\t\t\t\t<div class=\"elementor-cta__bg elementor-bg\" style=\"background-image: url(https:\/\/lieven-litaer.de\/wp-content\/uploads\/2020\/12\/shop-Header-1.png);\" role=\"img\" aria-label=\"shop-Header\"><\/div>\n\t\t\t\t<div class=\"elementor-cta__bg-overlay\"><\/div>\n\t\t\t<\/div>\n\t\t\t\t\t\t\t<div class=\"elementor-cta__content\">\n\t\t\t\t\n\t\t\t\t\t\t\t\t\t<h2 class=\"elementor-cta__title elementor-cta__content-item elementor-content-item\">\n\t\t\t\t\t\tAvailable in the online shop!\t\t\t\t\t<\/h2>\n\t\t\t\t\n\t\t\t\t\t\t\t\t\t<div class=\"elementor-cta__description elementor-cta__content-item elementor-content-item\">\n\t\t\t\t\t\tYou can now order this and many other books by Lieven L. Litaer in our shop at no extra charge, including an autograph or personal dedication.\t\t\t\t\t<\/div>\n\t\t\t\t\n\t\t\t\t\t\t\t\t\t<div class=\"elementor-cta__button-wrapper elementor-cta__content-item elementor-content-item\">\n\t\t\t\t\t<a class=\"elementor-cta__button elementor-button elementor-size-\" href=\"https:\/\/klingonisch.de\/webshop\/\" target=\"_blank\" rel=\"noopener\">\n\t\t\t\t\t\tTo the store\t\t\t\t\t<\/a>\n\t\t\t\t\t<\/div>\n\t\t\t\t\t\t\t<\/div>\n\t\t\t\t\t\t\t<div class=\"elementor-ribbon elementor-ribbon-left\">\n\t\t\t\t<div class=\"elementor-ribbon-inner\">\n\t\t\t\t\tNEU !\t\t\t\t<\/div>\n\t\t\t<\/div>\n\t\t\t\t<\/div>\n\t\t\t\t\t\t<\/div>\n\t\t\t\t<\/div>\n\t\t\t\t\t<\/div>\n\t\t<\/div>\n\t\t\t\t\t<\/div>\n\t\t<\/section>\n\t\t\t\t<\/div>","protected":false},"excerpt":{"rendered":"<p>Klingonisch f\u00fcr Einsteiger &#8222;Das \u00dcbungsbuch f\u00fcr die am schnellsten wachsende Sprache der Galaxie&#8220; P\u00fcnktlich zu Beginn der neuen Serie Star Trek: Discovery verk\u00fcndeten wir 2017 mit Stolz das weltweit erste Klingonisch-\u00dcbungsbuch. Es ist als Erg\u00e4nzung zu Das Offizielle W\u00f6rterbuch von Marc Okrand gedacht ist, denn es enth\u00e4lt neben zus\u00e4tzlichen \u00dcbungen auch viele interessante Hintergrundinformationen. Das [&hellip;]<\/p>","protected":false},"author":3,"featured_media":0,"parent":12,"menu_order":0,"comment_status":"closed","ping_status":"closed","template":"elementor_header_footer","meta":{"footnotes":""},"class_list":["post-59","page","type-page","status-publish","hentry"],"_links":{"self":[{"href":"https:\/\/lieven-litaer.de\/en\/wp-json\/wp\/v2\/pages\/59","targetHints":{"allow":["GET"]}}],"collection":[{"href":"https:\/\/lieven-litaer.de\/en\/wp-json\/wp\/v2\/pages"}],"about":[{"href":"https:\/\/lieven-litaer.de\/en\/wp-json\/wp\/v2\/types\/page"}],"author":[{"embeddable":true,"href":"https:\/\/lieven-litaer.de\/en\/wp-json\/wp\/v2\/users\/3"}],"replies":[{"embeddable":true,"href":"https:\/\/lieven-litaer.de\/en\/wp-json\/wp\/v2\/comments?post=59"}],"version-history":[{"count":0,"href":"https:\/\/lieven-litaer.de\/en\/wp-json\/wp\/v2\/pages\/59\/revisions"}],"up":[{"embeddable":true,"href":"https:\/\/lieven-litaer.de\/en\/wp-json\/wp\/v2\/pages\/12"}],"wp:attachment":[{"href":"https:\/\/lieven-litaer.de\/en\/wp-json\/wp\/v2\/media?parent=59"}],"curies":[{"name":"wp","href":"https:\/\/api.w.org\/{rel}","templated":true}]}}