{"id":2317,"date":"2024-03-15T15:52:02","date_gmt":"2024-03-15T14:52:02","guid":{"rendered":"https:\/\/lieven-litaer.de\/?page_id=2317"},"modified":"2025-03-31T08:04:08","modified_gmt":"2025-03-31T07:04:08","slug":"klingonisch-auf-conventions","status":"publish","type":"page","link":"https:\/\/lieven-litaer.de\/en\/publications\/klingonisch-auf-conventions","title":{"rendered":"Klingon on Conventions"},"content":{"rendered":"<div data-elementor-type=\"wp-page\" data-elementor-id=\"2317\" class=\"elementor elementor-2317\" data-elementor-post-type=\"page\">\n\t\t\t\t<div class=\"elementor-element elementor-element-7cb37fd e-flex e-con-boxed e-con e-parent\" data-id=\"7cb37fd\" data-element_type=\"container\">\n\t\t\t\t\t<div class=\"e-con-inner\">\n\t\t<div class=\"elementor-element elementor-element-d655bcf e-con-full e-flex e-con e-child\" data-id=\"d655bcf\" data-element_type=\"container\" data-settings=\"{&quot;background_background&quot;:&quot;classic&quot;}\">\n\t\t\t\t<div class=\"elementor-element elementor-element-b4d6a4b elementor-widget elementor-widget-heading\" data-id=\"b4d6a4b\" data-element_type=\"widget\" data-widget_type=\"heading.default\">\n\t\t\t\t<div class=\"elementor-widget-container\">\n\t\t\t\t\t<h1 class=\"elementor-heading-title elementor-size-default\">Klingon on Conventions<\/h1>\t\t\t\t<\/div>\n\t\t\t\t<\/div>\n\t\t\t\t<div class=\"elementor-element elementor-element-49aff44 elementor-widget elementor-widget-heading\" data-id=\"49aff44\" data-element_type=\"widget\" data-widget_type=\"heading.default\">\n\t\t\t\t<div class=\"elementor-widget-container\">\n\t\t\t\t\t<h3 class=\"elementor-heading-title elementor-size-default\">Lehrbuch f\u00fcr Neulinge und Profis<\/h3>\t\t\t\t<\/div>\n\t\t\t\t<\/div>\n\t\t<div class=\"elementor-element elementor-element-f377156 e-con-full e-flex e-con e-child\" data-id=\"f377156\" data-element_type=\"container\">\n\t\t<div class=\"elementor-element elementor-element-8c504ef e-con-full e-flex e-con e-child\" data-id=\"8c504ef\" data-element_type=\"container\">\n\t\t\t\t<div class=\"elementor-element elementor-element-eb70151 elementor-widget elementor-widget-text-editor\" data-id=\"eb70151\" data-element_type=\"widget\" data-widget_type=\"text-editor.default\">\n\t\t\t\t<div class=\"elementor-widget-container\">\n\t\t\t\t\t\t\t\t\t<p>Als Fortsetzung seines Bestsellers\u00a0<a href=\"https:\/\/lieven-litaer.de\/en\/publications\/klingonisch-fuer-einsteiger\/\"><em>Klingonisch f\u00fcr Einsteiger<\/em><\/a>\u00a0von 2017 pr\u00e4sentiert der Klingonischlehrer und Autor\u00a0<a href=\"https:\/\/lieven-litaer.de\/en\/about\/\">Lieven L. Litaer<\/a>\u00a0hier nun sein neues Buch mit dem Titel \u201e<strong>Klingonisch auf Conventions\u201c<\/strong>.<\/p><p>Siehe auch hier die offizelle <a href=\"https:\/\/klingonisch.de\/news\/buchankuendigung-klingonisch-auf-conventions\/\" target=\"_blank\" rel=\"noopener\">Buchank\u00fcndigung<\/a> auf Klingonisch.de.<\/p><h2>Inhalt<\/h2><p>Dieses Buch besteht aus neun verschiedenen Kapiteln, in denen eine kleine Geschichte erz\u00e4hlt wird, bei welcher der Leser eine Figur auf einer Sci-Fi-Convention begleitet und dabei diversen Situationen auf Klingonisch begegnet. Im Gegensatz zum Lehrbuch wird nicht die Grammatik erkl\u00e4rt, sondern jeder einzelne Satz St\u00fcck f\u00fcr St\u00fcck analysiert, sowohl grammatikalisch als auch was die Aussprache betrifft.<\/p><p>Das Buch richtet sich grunds\u00e4tzlich an Fortgeschrittene, ist aber auch f\u00fcr Anf\u00e4nger ein praktischer Wegbegleiter zum Lernen und n\u00fctzlich als Grundlage f\u00fcr den Besuch einer Convention.<\/p><p>Die komplett neuen Zeichnungen, die jedes Kapitel begleiten, sorgen f\u00fcr ein abwechslungsreiches sch\u00f6nes Erscheinungsbild.<\/p><div class=\"dialog-content\"><div class=\"element-text-standard\" data-zusatztexte-overlay=\"\">\u00a0<\/div><\/div><h2>Details<\/h2><p><strong>Klingon on Conventions<\/strong><br \/>Lieven L. Litaer <br \/>Egpyt Verlag<br \/>76 Seiten, 148 x 210 mm<br \/>ISBN: 978-3-9823968-2-8<\/p><p>Erscheinungsdatum: 1. Mai 2024<\/p>\t\t\t\t\t\t\t\t<\/div>\n\t\t\t\t<\/div>\n\t\t\t\t<\/div>\n\t\t<div class=\"elementor-element elementor-element-b97be17 e-con-full e-flex e-con e-child\" data-id=\"b97be17\" data-element_type=\"container\">\n\t\t\t\t<div class=\"elementor-element elementor-element-573ded4 elementor-widget elementor-widget-image\" data-id=\"573ded4\" data-element_type=\"widget\" data-widget_type=\"image.default\">\n\t\t\t\t<div class=\"elementor-widget-container\">\n\t\t\t\t\t\t\t\t\t\t\t\t\t\t\t<img fetchpriority=\"high\" decoding=\"async\" width=\"282\" height=\"400\" src=\"https:\/\/lieven-litaer.de\/wp-content\/uploads\/klingonisch-auf-conventions-deckblatt.jpg\" class=\"attachment-large size-large wp-image-2324\" alt=\"Deckblatt von Klingonich auf Conventions, mit einer gezeichneten Frau mit Klingonenmaske, die vor dem Spiegel steht.\" srcset=\"https:\/\/lieven-litaer.de\/wp-content\/uploads\/klingonisch-auf-conventions-deckblatt.jpg 282w, https:\/\/lieven-litaer.de\/wp-content\/uploads\/klingonisch-auf-conventions-deckblatt-212x300.jpg 212w, https:\/\/lieven-litaer.de\/wp-content\/uploads\/klingonisch-auf-conventions-deckblatt-106x150.jpg 106w, https:\/\/lieven-litaer.de\/wp-content\/uploads\/klingonisch-auf-conventions-deckblatt-8x12.jpg 8w\" sizes=\"(max-width: 282px) 100vw, 282px\" \/>\t\t\t\t\t\t\t\t\t\t\t\t\t\t\t<\/div>\n\t\t\t\t<\/div>\n\t\t\t\t<\/div>\n\t\t\t\t<\/div>\n\t\t\t\t<div class=\"elementor-element elementor-element-d699f3f elementor-widget elementor-widget-heading\" data-id=\"d699f3f\" data-element_type=\"widget\" data-widget_type=\"heading.default\">\n\t\t\t\t<div class=\"elementor-widget-container\">\n\t\t\t\t\t<h2 class=\"elementor-heading-title elementor-size-default\">Preview<\/h2>\t\t\t\t<\/div>\n\t\t\t\t<\/div>\n\t\t\t\t<div class=\"elementor-element elementor-element-a53dbaf elementor-arrows-position-inside elementor-pagination-position-outside elementor-widget elementor-widget-image-carousel\" data-id=\"a53dbaf\" data-element_type=\"widget\" data-settings=\"{&quot;slides_to_show&quot;:&quot;1&quot;,&quot;navigation&quot;:&quot;both&quot;,&quot;autoplay&quot;:&quot;yes&quot;,&quot;pause_on_hover&quot;:&quot;yes&quot;,&quot;pause_on_interaction&quot;:&quot;yes&quot;,&quot;autoplay_speed&quot;:5000,&quot;infinite&quot;:&quot;yes&quot;,&quot;effect&quot;:&quot;slide&quot;,&quot;speed&quot;:500}\" data-widget_type=\"image-carousel.default\">\n\t\t\t\t<div class=\"elementor-widget-container\">\n\t\t\t\t\t\t\t<div class=\"elementor-image-carousel-wrapper swiper\" role=\"region\" aria-roledescription=\"carousel\" aria-label=\"Bild Karussell\" dir=\"ltr\">\n\t\t\t<div class=\"elementor-image-carousel swiper-wrapper\" aria-live=\"off\">\n\t\t\t\t\t\t\t\t<div class=\"swiper-slide\" role=\"group\" aria-roledescription=\"slide\" aria-label=\"1 of 5\"><figure class=\"swiper-slide-inner\"><img decoding=\"async\" class=\"swiper-slide-image\" src=\"https:\/\/lieven-litaer.de\/wp-content\/uploads\/elementor\/thumbs\/klingonisch-auf-conventions-vorschau-10-ql94892o2cue2c22hv4nc7qh42wxh25hizx6ve57nk.webp\" alt=\"Einleitung mit einer kleinen Geschichte und einer Zeichnung\" \/><figcaption class=\"elementor-image-carousel-caption\">Einleitung mit einer kleinen Geschichte und einer Zeichnung<\/figcaption><\/figure><\/div><div class=\"swiper-slide\" role=\"group\" aria-roledescription=\"slide\" aria-label=\"2 of 5\"><figure class=\"swiper-slide-inner\"><img decoding=\"async\" class=\"swiper-slide-image\" src=\"https:\/\/lieven-litaer.de\/wp-content\/uploads\/elementor\/thumbs\/klingonisch-auf-conventions-vorschau-11-ql94892o2cue2c22hv4nc7qh42wxh25hizx6ve57nk.webp\" alt=\"Der zur Geschichte passende Dialog\" \/><figcaption class=\"elementor-image-carousel-caption\">Der zur Geschichte passende Dialog<\/figcaption><\/figure><\/div><div class=\"swiper-slide\" role=\"group\" aria-roledescription=\"slide\" aria-label=\"3 of 5\"><figure class=\"swiper-slide-inner\"><img decoding=\"async\" class=\"swiper-slide-image\" src=\"https:\/\/lieven-litaer.de\/wp-content\/uploads\/elementor\/thumbs\/klingonisch-auf-conventions-vorschau-12-ql948a0i96vody0pcdj9wphxpgsaor97v4koco3thc.webp\" alt=\"Nach dem Dialog wird jeder einzelne Satz erkl\u00e4rt.\" \/><figcaption class=\"elementor-image-carousel-caption\">Nach dem Dialog wird jeder einzelne Satz erkl\u00e4rt.<\/figcaption><\/figure><\/div><div class=\"swiper-slide\" role=\"group\" aria-roledescription=\"slide\" aria-label=\"4 of 5\"><figure class=\"swiper-slide-inner\"><img decoding=\"async\" class=\"swiper-slide-image\" src=\"https:\/\/lieven-litaer.de\/wp-content\/uploads\/elementor\/thumbs\/klingonisch-auf-conventions-vorschau-14-ql948aycg0wypjzc6vxwh79eaunnwgcy7985ty2fb4.webp\" alt=\"Auf die Erkl\u00e4rung der Grammatik folgt die Erkl\u00e4rung der Aussprache\" \/><figcaption class=\"elementor-image-carousel-caption\">Auf die Erkl\u00e4rung der Grammatik folgt die Erkl\u00e4rung der Aussprache<\/figcaption><\/figure><\/div><div class=\"swiper-slide\" role=\"group\" aria-roledescription=\"slide\" aria-label=\"5 of 5\"><figure class=\"swiper-slide-inner\"><img decoding=\"async\" class=\"swiper-slide-image\" src=\"https:\/\/lieven-litaer.de\/wp-content\/uploads\/elementor\/thumbs\/klingonisch-auf-conventions-vorschau-15-ql948bw6muy915xz1ecj1p0uw8j145gojdvnb8114w.webp\" alt=\"Erkl\u00e4rung der Aussprache\" \/><figcaption class=\"elementor-image-carousel-caption\">Erkl\u00e4rung der Aussprache<\/figcaption><\/figure><\/div>\t\t\t<\/div>\n\t\t\t\t\t\t\t\t\t\t\t\t<div class=\"elementor-swiper-button elementor-swiper-button-prev\" role=\"button\" tabindex=\"0\">\n\t\t\t\t\t\t<i aria-hidden=\"true\" class=\"eicon-chevron-left\"><\/i>\t\t\t\t\t<\/div>\n\t\t\t\t\t<div class=\"elementor-swiper-button elementor-swiper-button-next\" role=\"button\" tabindex=\"0\">\n\t\t\t\t\t\t<i aria-hidden=\"true\" class=\"eicon-chevron-right\"><\/i>\t\t\t\t\t<\/div>\n\t\t\t\t\n\t\t\t\t\t\t\t\t\t<div class=\"swiper-pagination\"><\/div>\n\t\t\t\t\t\t\t\t\t<\/div>\n\t\t\t\t\t\t<\/div>\n\t\t\t\t<\/div>\n\t\t\t\t<div class=\"elementor-element elementor-element-cd52c93 elementor-cta--skin-classic elementor-animated-content elementor-bg-transform elementor-bg-transform-zoom-in elementor-widget elementor-widget-call-to-action\" data-id=\"cd52c93\" data-element_type=\"widget\" data-widget_type=\"call-to-action.default\">\n\t\t\t\t<div class=\"elementor-widget-container\">\n\t\t\t\t\t\t\t<div class=\"elementor-cta\">\n\t\t\t\t\t<div class=\"elementor-cta__bg-wrapper\">\n\t\t\t\t<div class=\"elementor-cta__bg elementor-bg\" style=\"background-image: url(https:\/\/lieven-litaer.de\/wp-content\/uploads\/2020\/12\/shop-Header-1.png);\" role=\"img\" aria-label=\"shop-Header\"><\/div>\n\t\t\t\t<div class=\"elementor-cta__bg-overlay\"><\/div>\n\t\t\t<\/div>\n\t\t\t\t\t\t\t<div class=\"elementor-cta__content\">\n\t\t\t\t\n\t\t\t\t\t\t\t\t\t<h2 class=\"elementor-cta__title elementor-cta__content-item elementor-content-item\">\n\t\t\t\t\t\tAvailable in the online shop!\t\t\t\t\t<\/h2>\n\t\t\t\t\n\t\t\t\t\t\t\t\t\t<div class=\"elementor-cta__description elementor-cta__content-item elementor-content-item\">\n\t\t\t\t\t\tYou can now order this and many other books by Lieven L. Litaer in our shop at no extra charge, including an autograph or personal dedication.\t\t\t\t\t<\/div>\n\t\t\t\t\n\t\t\t\t\t\t\t\t\t<div class=\"elementor-cta__button-wrapper elementor-cta__content-item elementor-content-item\">\n\t\t\t\t\t<a class=\"elementor-cta__button elementor-button elementor-size-\" href=\"https:\/\/klingonisch.de\/webshop\/\" target=\"_blank\" rel=\"noopener\">\n\t\t\t\t\t\tTo the store\t\t\t\t\t<\/a>\n\t\t\t\t\t<\/div>\n\t\t\t\t\t\t\t<\/div>\n\t\t\t\t\t\t\t<div class=\"elementor-ribbon elementor-ribbon-left\">\n\t\t\t\t<div class=\"elementor-ribbon-inner\">\n\t\t\t\t\tNEU !\t\t\t\t<\/div>\n\t\t\t<\/div>\n\t\t\t\t<\/div>\n\t\t\t\t\t\t<\/div>\n\t\t\t\t<\/div>\n\t\t\t\t<\/div>\n\t\t\t\t\t<\/div>\n\t\t\t\t<\/div>\n\t\t\t\t<\/div>","protected":false},"excerpt":{"rendered":"<p>Klingonisch auf Conventions Lehrbuch f\u00fcr Neulinge und Profis Als Fortsetzung seines Bestsellers\u00a0Klingonisch f\u00fcr Einsteiger\u00a0von 2017 pr\u00e4sentiert der Klingonischlehrer und Autor\u00a0Lieven L. Litaer\u00a0hier nun sein neues Buch mit dem Titel \u201eKlingonisch auf Conventions\u201c. Siehe auch hier die offizelle Buchank\u00fcndigung auf Klingonisch.de. Inhalt Dieses Buch besteht aus neun verschiedenen Kapiteln, in denen eine kleine Geschichte erz\u00e4hlt wird, [&hellip;]<\/p>","protected":false},"author":3,"featured_media":0,"parent":12,"menu_order":0,"comment_status":"closed","ping_status":"closed","template":"elementor_header_footer","meta":{"footnotes":""},"class_list":["post-2317","page","type-page","status-publish","hentry"],"_links":{"self":[{"href":"https:\/\/lieven-litaer.de\/en\/wp-json\/wp\/v2\/pages\/2317","targetHints":{"allow":["GET"]}}],"collection":[{"href":"https:\/\/lieven-litaer.de\/en\/wp-json\/wp\/v2\/pages"}],"about":[{"href":"https:\/\/lieven-litaer.de\/en\/wp-json\/wp\/v2\/types\/page"}],"author":[{"embeddable":true,"href":"https:\/\/lieven-litaer.de\/en\/wp-json\/wp\/v2\/users\/3"}],"replies":[{"embeddable":true,"href":"https:\/\/lieven-litaer.de\/en\/wp-json\/wp\/v2\/comments?post=2317"}],"version-history":[{"count":3,"href":"https:\/\/lieven-litaer.de\/en\/wp-json\/wp\/v2\/pages\/2317\/revisions"}],"predecessor-version":[{"id":2370,"href":"https:\/\/lieven-litaer.de\/en\/wp-json\/wp\/v2\/pages\/2317\/revisions\/2370"}],"up":[{"embeddable":true,"href":"https:\/\/lieven-litaer.de\/en\/wp-json\/wp\/v2\/pages\/12"}],"wp:attachment":[{"href":"https:\/\/lieven-litaer.de\/en\/wp-json\/wp\/v2\/media?parent=2317"}],"curies":[{"name":"wp","href":"https:\/\/api.w.org\/{rel}","templated":true}]}}