{"id":2092,"date":"2022-05-03T07:32:14","date_gmt":"2022-05-03T06:32:14","guid":{"rendered":"https:\/\/lieven-litaer.de\/?page_id=2092"},"modified":"2022-05-03T14:54:22","modified_gmt":"2022-05-03T13:54:22","slug":"arbeitsbuch","status":"publish","type":"page","link":"https:\/\/lieven-litaer.de\/en\/publications\/arbeitsbuch","title":{"rendered":"Arbeitsbuch"},"content":{"rendered":"<div data-elementor-type=\"wp-page\" data-elementor-id=\"2092\" class=\"elementor elementor-2092\" data-elementor-post-type=\"page\">\n\t\t\t\t\t\t<section class=\"elementor-section elementor-top-section elementor-element elementor-element-5871a312 elementor-section-boxed elementor-section-height-default elementor-section-height-default\" data-id=\"5871a312\" data-element_type=\"section\">\n\t\t\t\t\t\t<div class=\"elementor-container elementor-column-gap-default\">\n\t\t\t\t\t<div class=\"elementor-column elementor-col-100 elementor-top-column elementor-element elementor-element-14fbc391\" data-id=\"14fbc391\" data-element_type=\"column\" data-settings=\"{&quot;background_background&quot;:&quot;classic&quot;}\">\n\t\t\t<div class=\"elementor-widget-wrap elementor-element-populated\">\n\t\t\t\t\t\t<div class=\"elementor-element elementor-element-7f450d4 elementor-widget elementor-widget-heading\" data-id=\"7f450d4\" data-element_type=\"widget\" data-widget_type=\"heading.default\">\n\t\t\t\t<div class=\"elementor-widget-container\">\n\t\t\t\t\t<h1 class=\"elementor-heading-title elementor-size-default\">Arbeitsbuch Klingonisch<\/h1>\t\t\t\t<\/div>\n\t\t\t\t<\/div>\n\t\t\t\t<div class=\"elementor-element elementor-element-bcebf91 elementor-widget elementor-widget-heading\" data-id=\"bcebf91\" data-element_type=\"widget\" data-widget_type=\"heading.default\">\n\t\t\t\t<div class=\"elementor-widget-container\">\n\t\t\t\t\t<h3 class=\"elementor-heading-title elementor-size-default\">Das \u00dcbungsbuch f\u00fcr Anf\u00e4nger und Fortgeschrittene<\/h3>\t\t\t\t<\/div>\n\t\t\t\t<\/div>\n\t\t\t\t<section class=\"elementor-section elementor-inner-section elementor-element elementor-element-d195928 elementor-reverse-mobile elementor-section-boxed elementor-section-height-default elementor-section-height-default\" data-id=\"d195928\" data-element_type=\"section\">\n\t\t\t\t\t\t<div class=\"elementor-container elementor-column-gap-default\">\n\t\t\t\t\t<div class=\"elementor-column elementor-col-50 elementor-inner-column elementor-element elementor-element-1534993\" data-id=\"1534993\" data-element_type=\"column\">\n\t\t\t<div class=\"elementor-widget-wrap elementor-element-populated\">\n\t\t\t\t\t\t<div class=\"elementor-element elementor-element-22431b3 elementor-widget elementor-widget-text-editor\" data-id=\"22431b3\" data-element_type=\"widget\" data-widget_type=\"text-editor.default\">\n\t\t\t\t<div class=\"elementor-widget-container\">\n\t\t\t\t\t\t\t\t\t<p>Als Erg\u00e4nzung zum Bestseller <a href=\"https:\/\/lieven-litaer.de\/en\/publications\/klingonisch-fuer-einsteiger\/\">Klingonisch f\u00fcr Einsteiger<\/a> folgt nun das dazu passende Arbeitsbuch.<\/p><div class=\"dialog-content\"><div class=\"element-text-standard\" data-zusatztexte-overlay=\"\"><p>Ideal zum \u00dcben und Lernen: Das \u00dcbungsbuch richtet sich an Anf\u00e4nger und Fortgeschrittene und bietet \u00fcber 600 \u00dcbungen, die beim Lernen dieser spannenden Sprache unterst\u00fctzen. Nach Themen sortiert, werden alle Bereiche der Grammatik angesprochen und intensiv wiederholt. Die Reihenfolge kann selbst bestimmt werden, denn die \u00dcbungen bauen nicht aufeinander auf. Hilfreiche Tipps und Hinweise unterst\u00fctzen dabei, typische Fehler zu vermeiden. Das Lernen wird durch abwechslungsreiche Spiele und R\u00e4tsel aufgelockert. Selbstverst\u00e4ndlich ist f\u00fcr alle \u00dcbungen auch ein L\u00f6sungsschl\u00fcssel enthalten, damit die Antworten \u00fcberpr\u00fcft werden k\u00f6nnen.<\/p><\/div><\/div><p><strong>Arbeitsbuch Klingonisch<\/strong><br \/>Lieven L. Litaer <br \/>HEEL Verlag<br \/>64 Seiten, 210 x 270 mm<br \/>ISBN: 978-3-96664-352-8<\/p><p>Erscheinungsdatum: Mai 2022<\/p>\t\t\t\t\t\t\t\t<\/div>\n\t\t\t\t<\/div>\n\t\t\t\t\t<\/div>\n\t\t<\/div>\n\t\t\t\t<div class=\"elementor-column elementor-col-50 elementor-inner-column elementor-element elementor-element-8a3b955\" data-id=\"8a3b955\" data-element_type=\"column\">\n\t\t\t<div class=\"elementor-widget-wrap elementor-element-populated\">\n\t\t\t\t\t\t<div class=\"elementor-element elementor-element-b6c7a50 elementor-widget elementor-widget-image\" data-id=\"b6c7a50\" data-element_type=\"widget\" data-widget_type=\"image.default\">\n\t\t\t\t<div class=\"elementor-widget-container\">\n\t\t\t\t\t\t\t\t\t\t\t\t\t\t\t<img fetchpriority=\"high\" decoding=\"async\" width=\"797\" height=\"1024\" src=\"https:\/\/lieven-litaer.de\/wp-content\/uploads\/Cover_Front-797x1024.jpg\" class=\"attachment-large size-large wp-image-2104\" alt=\"\" srcset=\"https:\/\/lieven-litaer.de\/wp-content\/uploads\/Cover_Front-797x1024.jpg 797w, https:\/\/lieven-litaer.de\/wp-content\/uploads\/Cover_Front-233x300.jpg 233w, https:\/\/lieven-litaer.de\/wp-content\/uploads\/Cover_Front-117x150.jpg 117w, https:\/\/lieven-litaer.de\/wp-content\/uploads\/Cover_Front-768x987.jpg 768w, https:\/\/lieven-litaer.de\/wp-content\/uploads\/Cover_Front.jpg 1063w\" sizes=\"(max-width: 797px) 100vw, 797px\" \/>\t\t\t\t\t\t\t\t\t\t\t\t\t\t\t<\/div>\n\t\t\t\t<\/div>\n\t\t\t\t\t<\/div>\n\t\t<\/div>\n\t\t\t\t\t<\/div>\n\t\t<\/section>\n\t\t\t\t<div class=\"elementor-element elementor-element-7e0a7c1 elementor-widget elementor-widget-heading\" data-id=\"7e0a7c1\" data-element_type=\"widget\" data-widget_type=\"heading.default\">\n\t\t\t\t<div class=\"elementor-widget-container\">\n\t\t\t\t\t<h2 class=\"elementor-heading-title elementor-size-default\">Preview<\/h2>\t\t\t\t<\/div>\n\t\t\t\t<\/div>\n\t\t\t\t<div class=\"elementor-element elementor-element-ca4a365 elementor-arrows-position-inside elementor-pagination-position-outside elementor-widget elementor-widget-image-carousel\" data-id=\"ca4a365\" data-element_type=\"widget\" data-settings=\"{&quot;slides_to_show&quot;:&quot;1&quot;,&quot;navigation&quot;:&quot;both&quot;,&quot;autoplay&quot;:&quot;yes&quot;,&quot;pause_on_hover&quot;:&quot;yes&quot;,&quot;pause_on_interaction&quot;:&quot;yes&quot;,&quot;autoplay_speed&quot;:5000,&quot;infinite&quot;:&quot;yes&quot;,&quot;effect&quot;:&quot;slide&quot;,&quot;speed&quot;:500}\" data-widget_type=\"image-carousel.default\">\n\t\t\t\t<div class=\"elementor-widget-container\">\n\t\t\t\t\t\t\t<div class=\"elementor-image-carousel-wrapper swiper\" role=\"region\" aria-roledescription=\"carousel\" aria-label=\"Image Carousel\" dir=\"ltr\">\n\t\t\t<div class=\"elementor-image-carousel swiper-wrapper\" aria-live=\"off\">\n\t\t\t\t\t\t\t\t<div class=\"swiper-slide\" role=\"group\" aria-roledescription=\"slide\" aria-label=\"1 of 6\"><figure class=\"swiper-slide-inner\"><img decoding=\"async\" class=\"swiper-slide-image\" src=\"https:\/\/lieven-litaer.de\/wp-content\/uploads\/elementor\/thumbs\/Arbeitsbuch_Klingonisch_Seite_3-po9v8jplrtsvg8d7wtqpro3herm1r69fxckhjfy6f4.jpg\" alt=\"Vorschau Arbeitsbuch Klingonisch Seite 1: Inhaltsverzeichnis\" \/><figcaption class=\"elementor-image-carousel-caption\">Vorschau Arbeitsbuch Klingonisch Seite 1: Inhaltsverzeichnis<\/figcaption><\/figure><\/div><div class=\"swiper-slide\" role=\"group\" aria-roledescription=\"slide\" aria-label=\"2 of 6\"><figure class=\"swiper-slide-inner\"><img decoding=\"async\" class=\"swiper-slide-image\" src=\"https:\/\/lieven-litaer.de\/wp-content\/uploads\/elementor\/thumbs\/Arbeitsbuch_Klingonisch_Seite_17-po9v8jplrtsvg8d7wtqpro3herm1r69fxckhjfy6f4.jpg\" alt=\"Vorschau Arbeitsbuch Klingonisch Seite 17\" \/><figcaption class=\"elementor-image-carousel-caption\">Vorschau Arbeitsbuch Klingonisch Seite 17<\/figcaption><\/figure><\/div><div class=\"swiper-slide\" role=\"group\" aria-roledescription=\"slide\" aria-label=\"3 of 6\"><figure class=\"swiper-slide-inner\"><img decoding=\"async\" class=\"swiper-slide-image\" src=\"https:\/\/lieven-litaer.de\/wp-content\/uploads\/elementor\/thumbs\/Arbeitsbuch_Klingonisch_Seite_25-po9v8knfynu5ruburc5cc5uy05heyvd69h7z0pws8w.jpg\" alt=\"Vorschau Arbeitsbuch Klingonisch Seite 25\" \/><figcaption class=\"elementor-image-carousel-caption\">Vorschau Arbeitsbuch Klingonisch Seite 25<\/figcaption><\/figure><\/div><div class=\"swiper-slide\" role=\"group\" aria-roledescription=\"slide\" aria-label=\"4 of 6\"><figure class=\"swiper-slide-inner\"><img decoding=\"async\" class=\"swiper-slide-image\" src=\"https:\/\/lieven-litaer.de\/wp-content\/uploads\/elementor\/thumbs\/Arbeitsbuch_Klingonisch_Seite_41-po9v8knfynu5ruburc5cc5uy05heyvd69h7z0pws8w.jpg\" alt=\"Vorschau Arbeitsbuch Klingonisch Seite 41\" \/><figcaption class=\"elementor-image-carousel-caption\">Vorschau Arbeitsbuch Klingonisch Seite 41<\/figcaption><\/figure><\/div><div class=\"swiper-slide\" role=\"group\" aria-roledescription=\"slide\" aria-label=\"5 of 6\"><figure class=\"swiper-slide-inner\"><img decoding=\"async\" class=\"swiper-slide-image\" src=\"https:\/\/lieven-litaer.de\/wp-content\/uploads\/elementor\/thumbs\/Arbeitsbuch_Klingonisch_Seite_47-po9v8lla5hvg3gahlujywnmeljcs6kgwllvghzve2o.jpg\" alt=\"Vorschau Arbeitsbuch Klingonisch Seite 47\" \/><figcaption class=\"elementor-image-carousel-caption\">Vorschau Arbeitsbuch Klingonisch Seite 47<\/figcaption><\/figure><\/div><div class=\"swiper-slide\" role=\"group\" aria-roledescription=\"slide\" aria-label=\"6 of 6\"><figure class=\"swiper-slide-inner\"><img decoding=\"async\" class=\"swiper-slide-image\" src=\"https:\/\/lieven-litaer.de\/wp-content\/uploads\/elementor\/thumbs\/Arbeitsbuch_Klingonisch_Seite_59-po9v8mj4cbwqf294gcylh5dv6x85e9kmxqixz9tzwg.jpg\" alt=\"Vorschau Arbeitsbuch Klingonisch Seite 59: L\u00f6sungsschl\u00fcssel\" \/><figcaption class=\"elementor-image-carousel-caption\">Vorschau Arbeitsbuch Klingonisch Seite 59: L\u00f6sungsschl\u00fcssel<\/figcaption><\/figure><\/div>\t\t\t<\/div>\n\t\t\t\t\t\t\t\t\t\t\t\t<div class=\"elementor-swiper-button elementor-swiper-button-prev\" role=\"button\" tabindex=\"0\">\n\t\t\t\t\t\t<i aria-hidden=\"true\" class=\"eicon-chevron-left\"><\/i>\t\t\t\t\t<\/div>\n\t\t\t\t\t<div class=\"elementor-swiper-button elementor-swiper-button-next\" role=\"button\" tabindex=\"0\">\n\t\t\t\t\t\t<i aria-hidden=\"true\" class=\"eicon-chevron-right\"><\/i>\t\t\t\t\t<\/div>\n\t\t\t\t\n\t\t\t\t\t\t\t\t\t<div class=\"swiper-pagination\"><\/div>\n\t\t\t\t\t\t\t\t\t<\/div>\n\t\t\t\t\t\t<\/div>\n\t\t\t\t<\/div>\n\t\t\t\t<div class=\"elementor-element elementor-element-a13a208 elementor-cta--skin-classic elementor-animated-content elementor-bg-transform elementor-bg-transform-zoom-in elementor-widget elementor-widget-global elementor-global-1393 elementor-widget-call-to-action\" data-id=\"a13a208\" data-element_type=\"widget\" data-widget_type=\"call-to-action.default\">\n\t\t\t\t<div class=\"elementor-widget-container\">\n\t\t\t\t\t\t\t<div class=\"elementor-cta\">\n\t\t\t\t\t<div class=\"elementor-cta__bg-wrapper\">\n\t\t\t\t<div class=\"elementor-cta__bg elementor-bg\" style=\"background-image: url(https:\/\/lieven-litaer.de\/wp-content\/uploads\/2020\/12\/shop-Header-1.png);\" role=\"img\" aria-label=\"shop-Header\"><\/div>\n\t\t\t\t<div class=\"elementor-cta__bg-overlay\"><\/div>\n\t\t\t<\/div>\n\t\t\t\t\t\t\t<div class=\"elementor-cta__content\">\n\t\t\t\t\n\t\t\t\t\t\t\t\t\t<h2 class=\"elementor-cta__title elementor-cta__content-item elementor-content-item\">\n\t\t\t\t\t\tAvailable in the online shop!\t\t\t\t\t<\/h2>\n\t\t\t\t\n\t\t\t\t\t\t\t\t\t<div class=\"elementor-cta__description elementor-cta__content-item elementor-content-item\">\n\t\t\t\t\t\tYou can now order this and many other books by Lieven L. Litaer in our shop at no extra charge, including an autograph or personal dedication.\t\t\t\t\t<\/div>\n\t\t\t\t\n\t\t\t\t\t\t\t\t\t<div class=\"elementor-cta__button-wrapper elementor-cta__content-item elementor-content-item\">\n\t\t\t\t\t<a class=\"elementor-cta__button elementor-button elementor-size-\" href=\"https:\/\/klingonisch.de\/webshop\/\" target=\"_blank\" rel=\"noopener\">\n\t\t\t\t\t\tTo the store\t\t\t\t\t<\/a>\n\t\t\t\t\t<\/div>\n\t\t\t\t\t\t\t<\/div>\n\t\t\t\t\t\t\t<div class=\"elementor-ribbon elementor-ribbon-left\">\n\t\t\t\t<div class=\"elementor-ribbon-inner\">\n\t\t\t\t\tNEU !\t\t\t\t<\/div>\n\t\t\t<\/div>\n\t\t\t\t<\/div>\n\t\t\t\t\t\t<\/div>\n\t\t\t\t<\/div>\n\t\t\t\t\t<\/div>\n\t\t<\/div>\n\t\t\t\t\t<\/div>\n\t\t<\/section>\n\t\t\t\t<\/div>","protected":false},"excerpt":{"rendered":"<p>Arbeitsbuch Klingonisch Das \u00dcbungsbuch f\u00fcr Anf\u00e4nger und Fortgeschrittene Als Erg\u00e4nzung zum Bestseller Klingonisch f\u00fcr Einsteiger folgt nun das dazu passende Arbeitsbuch. Ideal zum \u00dcben und Lernen: Das \u00dcbungsbuch richtet sich an Anf\u00e4nger und Fortgeschrittene und bietet \u00fcber 600 \u00dcbungen, die beim Lernen dieser spannenden Sprache unterst\u00fctzen. Nach Themen sortiert, werden alle Bereiche der Grammatik angesprochen [&hellip;]<\/p>","protected":false},"author":3,"featured_media":0,"parent":12,"menu_order":0,"comment_status":"closed","ping_status":"closed","template":"elementor_header_footer","meta":{"footnotes":""},"class_list":["post-2092","page","type-page","status-publish","hentry"],"_links":{"self":[{"href":"https:\/\/lieven-litaer.de\/en\/wp-json\/wp\/v2\/pages\/2092","targetHints":{"allow":["GET"]}}],"collection":[{"href":"https:\/\/lieven-litaer.de\/en\/wp-json\/wp\/v2\/pages"}],"about":[{"href":"https:\/\/lieven-litaer.de\/en\/wp-json\/wp\/v2\/types\/page"}],"author":[{"embeddable":true,"href":"https:\/\/lieven-litaer.de\/en\/wp-json\/wp\/v2\/users\/3"}],"replies":[{"embeddable":true,"href":"https:\/\/lieven-litaer.de\/en\/wp-json\/wp\/v2\/comments?post=2092"}],"version-history":[{"count":0,"href":"https:\/\/lieven-litaer.de\/en\/wp-json\/wp\/v2\/pages\/2092\/revisions"}],"up":[{"embeddable":true,"href":"https:\/\/lieven-litaer.de\/en\/wp-json\/wp\/v2\/pages\/12"}],"wp:attachment":[{"href":"https:\/\/lieven-litaer.de\/en\/wp-json\/wp\/v2\/media?parent=2092"}],"curies":[{"name":"wp","href":"https:\/\/api.w.org\/{rel}","templated":true}]}}