{"id":2,"date":"2020-12-15T15:32:26","date_gmt":"2020-12-15T15:32:26","guid":{"rendered":"http:\/\/lieven-litaer.de\/?page_id=2"},"modified":"2021-02-13T17:36:19","modified_gmt":"2021-02-13T16:36:19","slug":"kauderwelsch","status":"publish","type":"page","link":"https:\/\/lieven-litaer.de\/en\/publications\/kauderwelsch","title":{"rendered":"Sprachf\u00fchrer Klingonisch &#8211; Wort f\u00fcr Wort"},"content":{"rendered":"<div data-elementor-type=\"wp-page\" data-elementor-id=\"2\" class=\"elementor elementor-2\" data-elementor-post-type=\"page\">\n\t\t\t\t\t\t<section class=\"elementor-section elementor-top-section elementor-element elementor-element-852b9f1 elementor-section-boxed elementor-section-height-default elementor-section-height-default\" data-id=\"852b9f1\" data-element_type=\"section\" data-settings=\"{&quot;background_background&quot;:&quot;classic&quot;}\">\n\t\t\t\t\t\t<div class=\"elementor-container elementor-column-gap-default\">\n\t\t\t\t\t<div class=\"elementor-column elementor-col-100 elementor-top-column elementor-element elementor-element-4fd8a9f\" data-id=\"4fd8a9f\" data-element_type=\"column\" data-settings=\"{&quot;background_background&quot;:&quot;classic&quot;}\">\n\t\t\t<div class=\"elementor-widget-wrap elementor-element-populated\">\n\t\t\t\t\t\t<div class=\"elementor-element elementor-element-5f18ca6 elementor-widget elementor-widget-image\" data-id=\"5f18ca6\" data-element_type=\"widget\" data-widget_type=\"image.default\">\n\t\t\t\t<div class=\"elementor-widget-container\">\n\t\t\t\t\t\t\t\t\t\t\t\t\t\t\t<img fetchpriority=\"high\" decoding=\"async\" width=\"800\" height=\"131\" src=\"https:\/\/lieven-litaer.de\/wp-content\/uploads\/2020\/12\/titel_kw-1024x168.png\" class=\"attachment-large size-large wp-image-1182\" alt=\"\" srcset=\"https:\/\/lieven-litaer.de\/wp-content\/uploads\/2020\/12\/titel_kw-1024x168.png 1024w, https:\/\/lieven-litaer.de\/wp-content\/uploads\/2020\/12\/titel_kw-300x49.png 300w, https:\/\/lieven-litaer.de\/wp-content\/uploads\/2020\/12\/titel_kw-768x126.png 768w, https:\/\/lieven-litaer.de\/wp-content\/uploads\/2020\/12\/titel_kw.png 1240w\" sizes=\"(max-width: 800px) 100vw, 800px\" \/>\t\t\t\t\t\t\t\t\t\t\t\t\t\t\t<\/div>\n\t\t\t\t<\/div>\n\t\t\t\t<div class=\"elementor-element elementor-element-fa98aa2 elementor-widget elementor-widget-heading\" data-id=\"fa98aa2\" data-element_type=\"widget\" data-widget_type=\"heading.default\">\n\t\t\t\t<div class=\"elementor-widget-container\">\n\t\t\t\t\t<h1 class=\"elementor-heading-title elementor-size-default\">Kauderwelsch<\/h1>\t\t\t\t<\/div>\n\t\t\t\t<\/div>\n\t\t\t\t<div class=\"elementor-element elementor-element-ae00e25 elementor-widget elementor-widget-heading\" data-id=\"ae00e25\" data-element_type=\"widget\" data-widget_type=\"heading.default\">\n\t\t\t\t<div class=\"elementor-widget-container\">\n\t\t\t\t\t<h2 class=\"elementor-heading-title elementor-size-default\">Klingonisch Wort f\u00fcr Wort<\/h2>\t\t\t\t<\/div>\n\t\t\t\t<\/div>\n\t\t\t\t<section class=\"elementor-section elementor-inner-section elementor-element elementor-element-8068486 elementor-section-boxed elementor-section-height-default elementor-section-height-default\" data-id=\"8068486\" data-element_type=\"section\">\n\t\t\t\t\t\t<div class=\"elementor-container elementor-column-gap-default\">\n\t\t\t\t\t<div class=\"elementor-column elementor-col-50 elementor-inner-column elementor-element elementor-element-85e55ac\" data-id=\"85e55ac\" data-element_type=\"column\">\n\t\t\t<div class=\"elementor-widget-wrap elementor-element-populated\">\n\t\t\t\t\t\t<div class=\"elementor-element elementor-element-d2733f4 elementor-widget elementor-widget-text-editor\" data-id=\"d2733f4\" data-element_type=\"widget\" data-widget_type=\"text-editor.default\">\n\t\t\t\t<div class=\"elementor-widget-container\">\n\t\t\t\t\t\t\t\t\t<p>Klingonisch erfreut sich seit vielen Jahren einer wachsenden Fangemeinde. Durch den gro\u00dfen Erfolg der neuen Serien und Kinofilme von Star\u00a0Trek hat die klingonische Sprache eine gro\u00dfe Welle der Begeisterung und des allgemeinen Interesses erfahren. Bekannt ist diese k\u00fcnstliche Sprache jedoch schon viel l\u00e4nger, da sie bereits im allerersten Kinofilm der Reihe zu h\u00f6ren war, der 1979 in den Kinos erschien. Wenige Jahre sp\u00e4ter erschien das erste W\u00f6rterbuch, dessen deutsche \u00dcbersetzung <a href=\"http:\/\/lieven-litaer.de\/en\/publications\/das-offizielle-woerterbuch\/\">Das offizielle W\u00f6rterbuch<\/a> durch Lieven Litaer \u00fcberarbeitet wurde.<\/p>\n<p>Heute ist Klingonisch als Sprache offiziell anerkannt und in der DIN- bzw. ISO-Norm eingetragen. Klingonisch ist leicht zu erlernen, da es sehr strukturiert und regelm\u00e4\u00dfig aufgebaut ist. Wie vollst\u00e4ndig und brauchbar die Sprache tats\u00e4chlich ist, sieht man zum Beispiel an der klingonischen Untertitelung der kompletten ersten Staffel von <em>Star\u00a0Trek:\u00a0Discovery<\/em> und der 2018 erschienenen \u00dcbersetzung von Werken aus der Weltliteratur wie <a href=\"http:\/\/www.klingonisch.net\/prinz\/index.html\" target=\"_blank\" rel=\"noopener\">Der\u00a0kleine\u00a0Prinz<\/a>.<\/p>\t\t\t\t\t\t\t\t<\/div>\n\t\t\t\t<\/div>\n\t\t\t\t\t<\/div>\n\t\t<\/div>\n\t\t\t\t<div class=\"elementor-column elementor-col-50 elementor-inner-column elementor-element elementor-element-44a1630\" data-id=\"44a1630\" data-element_type=\"column\">\n\t\t\t<div class=\"elementor-widget-wrap elementor-element-populated\">\n\t\t\t\t\t\t<div class=\"elementor-element elementor-element-c9d96bd elementor-widget elementor-widget-image\" data-id=\"c9d96bd\" data-element_type=\"widget\" data-widget_type=\"image.default\">\n\t\t\t\t<div class=\"elementor-widget-container\">\n\t\t\t\t\t\t\t\t\t\t\t\t\t\t\t<img decoding=\"async\" width=\"319\" height=\"440\" src=\"https:\/\/lieven-litaer.de\/wp-content\/uploads\/2020\/12\/cover_kw.jpg\" class=\"attachment-large size-large wp-image-40\" alt=\"Cover von Kauderwelsch Klingonisch\" srcset=\"https:\/\/lieven-litaer.de\/wp-content\/uploads\/2020\/12\/cover_kw.jpg 319w, https:\/\/lieven-litaer.de\/wp-content\/uploads\/2020\/12\/cover_kw-218x300.jpg 218w\" sizes=\"(max-width: 319px) 100vw, 319px\" \/>\t\t\t\t\t\t\t\t\t\t\t\t\t\t\t<\/div>\n\t\t\t\t<\/div>\n\t\t\t\t\t<\/div>\n\t\t<\/div>\n\t\t\t\t\t<\/div>\n\t\t<\/section>\n\t\t\t\t<div class=\"elementor-element elementor-element-2e0fa72 elementor-widget elementor-widget-heading\" data-id=\"2e0fa72\" data-element_type=\"widget\" data-widget_type=\"heading.default\">\n\t\t\t\t<div class=\"elementor-widget-container\">\n\t\t\t\t\t<h2 class=\"elementor-heading-title elementor-size-default\">Preview<\/h2>\t\t\t\t<\/div>\n\t\t\t\t<\/div>\n\t\t\t\t<div class=\"elementor-element elementor-element-2ac0105 elementor-arrows-position-inside elementor-pagination-position-outside elementor-widget elementor-widget-image-carousel\" data-id=\"2ac0105\" data-element_type=\"widget\" data-settings=\"{&quot;slides_to_show&quot;:&quot;1&quot;,&quot;navigation&quot;:&quot;both&quot;,&quot;autoplay&quot;:&quot;yes&quot;,&quot;pause_on_hover&quot;:&quot;yes&quot;,&quot;pause_on_interaction&quot;:&quot;yes&quot;,&quot;autoplay_speed&quot;:5000,&quot;infinite&quot;:&quot;yes&quot;,&quot;effect&quot;:&quot;slide&quot;,&quot;speed&quot;:500}\" data-widget_type=\"image-carousel.default\">\n\t\t\t\t<div class=\"elementor-widget-container\">\n\t\t\t\t\t\t\t<div class=\"elementor-image-carousel-wrapper swiper\" role=\"region\" aria-roledescription=\"carousel\" aria-label=\"Image Carousel\" dir=\"ltr\">\n\t\t\t<div class=\"elementor-image-carousel swiper-wrapper\" aria-live=\"off\">\n\t\t\t\t\t\t\t\t<div class=\"swiper-slide\" role=\"group\" aria-roledescription=\"slide\" aria-label=\"1 of 4\"><figure class=\"swiper-slide-inner\"><img decoding=\"async\" class=\"swiper-slide-image\" src=\"https:\/\/lieven-litaer.de\/wp-content\/uploads\/2020\/12\/kw_bsp_1.jpg\" alt=\"kw_bsp_1\" \/><\/figure><\/div><div class=\"swiper-slide\" role=\"group\" aria-roledescription=\"slide\" aria-label=\"2 of 4\"><figure class=\"swiper-slide-inner\"><img decoding=\"async\" class=\"swiper-slide-image\" src=\"https:\/\/lieven-litaer.de\/wp-content\/uploads\/2020\/12\/kw_bsp_2.jpg\" alt=\"kw_bsp_2\" \/><\/figure><\/div><div class=\"swiper-slide\" role=\"group\" aria-roledescription=\"slide\" aria-label=\"3 of 4\"><figure class=\"swiper-slide-inner\"><img decoding=\"async\" class=\"swiper-slide-image\" src=\"https:\/\/lieven-litaer.de\/wp-content\/uploads\/2020\/12\/kw_bsp_3.jpg\" alt=\"kw_bsp_3\" \/><\/figure><\/div><div class=\"swiper-slide\" role=\"group\" aria-roledescription=\"slide\" aria-label=\"4 of 4\"><figure class=\"swiper-slide-inner\"><img decoding=\"async\" class=\"swiper-slide-image\" src=\"https:\/\/lieven-litaer.de\/wp-content\/uploads\/2020\/12\/kw_bsp_4.jpg\" alt=\"kw_bsp_4\" \/><\/figure><\/div>\t\t\t<\/div>\n\t\t\t\t\t\t\t\t\t\t\t\t<div class=\"elementor-swiper-button elementor-swiper-button-prev\" role=\"button\" tabindex=\"0\">\n\t\t\t\t\t\t<i aria-hidden=\"true\" class=\"eicon-chevron-left\"><\/i>\t\t\t\t\t<\/div>\n\t\t\t\t\t<div class=\"elementor-swiper-button elementor-swiper-button-next\" role=\"button\" tabindex=\"0\">\n\t\t\t\t\t\t<i aria-hidden=\"true\" class=\"eicon-chevron-right\"><\/i>\t\t\t\t\t<\/div>\n\t\t\t\t\n\t\t\t\t\t\t\t\t\t<div class=\"swiper-pagination\"><\/div>\n\t\t\t\t\t\t\t\t\t<\/div>\n\t\t\t\t\t\t<\/div>\n\t\t\t\t<\/div>\n\t\t\t\t<div class=\"elementor-element elementor-element-ebcea20 elementor-widget elementor-widget-heading\" data-id=\"ebcea20\" data-element_type=\"widget\" data-widget_type=\"heading.default\">\n\t\t\t\t<div class=\"elementor-widget-container\">\n\t\t\t\t\t<h2 class=\"elementor-heading-title elementor-size-default\">Rezensionen<\/h2>\t\t\t\t<\/div>\n\t\t\t\t<\/div>\n\t\t\t\t<section class=\"elementor-section elementor-inner-section elementor-element elementor-element-02d9deb elementor-section-content-middle elementor-section-boxed elementor-section-height-default elementor-section-height-default\" data-id=\"02d9deb\" data-element_type=\"section\">\n\t\t\t\t\t\t<div class=\"elementor-container elementor-column-gap-default\">\n\t\t\t\t\t<div class=\"elementor-column elementor-col-50 elementor-inner-column elementor-element elementor-element-e0f783c\" data-id=\"e0f783c\" data-element_type=\"column\">\n\t\t\t<div class=\"elementor-widget-wrap elementor-element-populated\">\n\t\t\t\t\t\t<div class=\"elementor-element elementor-element-3cf25ef elementor-star-rating--align-start elementor--star-style-star_fontawesome elementor-widget elementor-widget-star-rating\" data-id=\"3cf25ef\" data-element_type=\"widget\" data-widget_type=\"star-rating.default\">\n\t\t\t\t<div class=\"elementor-widget-container\">\n\t\t\t\t\t\t\t<div class=\"elementor-star-rating__wrapper\">\n\t\t\t\t\t\t<div class=\"elementor-star-rating\" itemtype=\"http:\/\/schema.org\/Rating\" itemscope=\"\" itemprop=\"reviewRating\">\n\t\t\t\t<i class=\"elementor-star-full\" aria-hidden=\"true\">&#xE934;<\/i><i class=\"elementor-star-full\" aria-hidden=\"true\">&#xE934;<\/i><i class=\"elementor-star-full\" aria-hidden=\"true\">&#xE934;<\/i><i class=\"elementor-star-full\" aria-hidden=\"true\">&#xE934;<\/i><i class=\"elementor-star-full\" aria-hidden=\"true\">&#xE934;<\/i>\t\t\t\t<span itemprop=\"ratingValue\" class=\"elementor-screen-only\">Rated 5 out of 5<\/span>\n\t\t\t<\/div>\n\t\t<\/div>\n\t\t\t\t\t\t<\/div>\n\t\t\t\t<\/div>\n\t\t\t\t\t<\/div>\n\t\t<\/div>\n\t\t\t\t<div class=\"elementor-column elementor-col-50 elementor-inner-column elementor-element elementor-element-824e73d\" data-id=\"824e73d\" data-element_type=\"column\">\n\t\t\t<div class=\"elementor-widget-wrap elementor-element-populated\">\n\t\t\t\t\t\t<div class=\"elementor-element elementor-element-b4661b3 elementor-widget elementor-widget-heading\" data-id=\"b4661b3\" data-element_type=\"widget\" data-widget_type=\"heading.default\">\n\t\t\t\t<div class=\"elementor-widget-container\">\n\t\t\t\t\t<h5 class=\"elementor-heading-title elementor-size-default\">Absolute Kaufempfehlungen und f\u00fcr jeden Fan ein Muss!<\/h5>\t\t\t\t<\/div>\n\t\t\t\t<\/div>\n\t\t\t\t\t<\/div>\n\t\t<\/div>\n\t\t\t\t\t<\/div>\n\t\t<\/section>\n\t\t\t\t<div class=\"elementor-element elementor-element-240c871 elementor-widget elementor-widget-text-editor\" data-id=\"240c871\" data-element_type=\"widget\" data-widget_type=\"text-editor.default\">\n\t\t\t\t<div class=\"elementor-widget-container\">\n\t\t\t\t\t\t\t\t\t<p>Mit diesem Werk reiht sich Klingonisch in die sehr lange Liste der Sprachf\u00fchrer vom Reise Know-How Verlag ein, es ist Band 250! F\u00fcr fast jede Sprache gibt es ein Kauderwelsch Buch, und nun endlich auch f\u00fcr Klingonisch. Das ist schon wirklich ziemlich beeindruckend! Lieven L. Litaer ist der Autor und hat uns wieder ein sehr sch\u00f6nes Buch geschrieben, welches keinen Zweifel daran l\u00e4sst, dass Klingonisch eine anerkannte und vor allem wirklich anwendbare Sprache ist. Wie jedes Kauderwelsch-Buch wird die Grammatik erkl\u00e4rt und zu jeder Lebenssituation gibt es etliche Beispiele, mit vielen Erkl\u00e4rungen. Aus meiner Sicht ist es eine absolute Kaufempfehlungen und f\u00fcr jeden Fan ein Muss!<\/p>\t\t\t\t\t\t\t\t<\/div>\n\t\t\t\t<\/div>\n\t\t\t\t<section class=\"elementor-section elementor-inner-section elementor-element elementor-element-c37cf97 elementor-section-content-middle elementor-section-boxed elementor-section-height-default elementor-section-height-default\" data-id=\"c37cf97\" data-element_type=\"section\">\n\t\t\t\t\t\t<div class=\"elementor-container elementor-column-gap-default\">\n\t\t\t\t\t<div class=\"elementor-column elementor-col-50 elementor-inner-column elementor-element elementor-element-f1257ac\" data-id=\"f1257ac\" data-element_type=\"column\">\n\t\t\t<div class=\"elementor-widget-wrap elementor-element-populated\">\n\t\t\t\t\t\t<div class=\"elementor-element elementor-element-db54e86 elementor-star-rating--align-start elementor--star-style-star_fontawesome elementor-widget elementor-widget-star-rating\" data-id=\"db54e86\" data-element_type=\"widget\" data-widget_type=\"star-rating.default\">\n\t\t\t\t<div class=\"elementor-widget-container\">\n\t\t\t\t\t\t\t<div class=\"elementor-star-rating__wrapper\">\n\t\t\t\t\t\t<div class=\"elementor-star-rating\" itemtype=\"http:\/\/schema.org\/Rating\" itemscope=\"\" itemprop=\"reviewRating\">\n\t\t\t\t<i class=\"elementor-star-full\" aria-hidden=\"true\">&#xE934;<\/i><i class=\"elementor-star-full\" aria-hidden=\"true\">&#xE934;<\/i><i class=\"elementor-star-full\" aria-hidden=\"true\">&#xE934;<\/i><i class=\"elementor-star-full\" aria-hidden=\"true\">&#xE934;<\/i><i class=\"elementor-star-empty\" aria-hidden=\"true\">&#xE934;<\/i>\t\t\t\t<span itemprop=\"ratingValue\" class=\"elementor-screen-only\">Rated 4 out of 5<\/span>\n\t\t\t<\/div>\n\t\t<\/div>\n\t\t\t\t\t\t<\/div>\n\t\t\t\t<\/div>\n\t\t\t\t\t<\/div>\n\t\t<\/div>\n\t\t\t\t<div class=\"elementor-column elementor-col-50 elementor-inner-column elementor-element elementor-element-4efd8f3\" data-id=\"4efd8f3\" data-element_type=\"column\">\n\t\t\t<div class=\"elementor-widget-wrap elementor-element-populated\">\n\t\t\t\t\t\t<div class=\"elementor-element elementor-element-a082b74 elementor-widget elementor-widget-heading\" data-id=\"a082b74\" data-element_type=\"widget\" data-widget_type=\"heading.default\">\n\t\t\t\t<div class=\"elementor-widget-container\">\n\t\t\t\t\t<h5 class=\"elementor-heading-title elementor-size-default\">Wo Lieven draufsteht, ist Klingonisch drin!<\/h5>\t\t\t\t<\/div>\n\t\t\t\t<\/div>\n\t\t\t\t\t<\/div>\n\t\t<\/div>\n\t\t\t\t\t<\/div>\n\t\t<\/section>\n\t\t\t\t<div class=\"elementor-element elementor-element-fcd4c15 elementor-widget elementor-widget-text-editor\" data-id=\"fcd4c15\" data-element_type=\"widget\" data-widget_type=\"text-editor.default\">\n\t\t\t\t<div class=\"elementor-widget-container\">\n\t\t\t\t\t\t\t\t\t<p>Wie von Lieven gewohnt, eine gut formulierte und leicht lesbare Einf\u00fchrung ins Klingonische. Nicht umsonst ist er unser &#8222;tlhIngan ghojmoHwI&#8216; &#8220; \ud83d\ude42 (Klingonischlehrer)<\/p><p>Das B\u00fcchlein ist handlich, und die ausklappbaren Coverseiten enthalten n\u00fctzliche Schnellinformationen wie Frageworte oder Aussprache der Buchstaben. Au\u00dferdem kann man sie prima als Lesezeichen verwenden (dabei verbiegen sie sich allerdings etwas).<\/p><p>Sehr sch\u00f6n gemacht ist auch die Auflistung der klingonischen S\u00e4tze bzw. deren \u00dcbersetzung &#8211; zuerst eine &#8222;w\u00f6rtliche&#8220;, dann eine sinngem\u00e4\u00dfe \u00dcbersetzung. Das hilft dabei zu verstehen wie der Weg von einer Sprache in die andere ist, wenn die Sprachen unterschiedliche Syntax verwenden.<\/p><p>Ein Punkt Abzug, nicht f\u00fcr den Inhalt, sondern f\u00fcr einen Aspekt des physischen Layouts den leider viele B\u00fccher haben &#8211; der Text nahe der Mitte (also dort wo die Seiten zusammengeklebt sind) ist schwer zu lesen, vor allem auf der linken Seite. Das macht es nicht unlesbar, aber durch die Biegung unbequem &#8211; einer der Gr\u00fcnde warum ich normalerweise eBooks vorziehe &#8211; immer perfekt glatte Seiten.<\/p>\t\t\t\t\t\t\t\t<\/div>\n\t\t\t\t<\/div>\n\t\t\t\t<div class=\"elementor-element elementor-element-b9abec2 elementor-cta--skin-classic elementor-animated-content elementor-bg-transform elementor-bg-transform-zoom-in elementor-widget elementor-widget-global elementor-global-1393 elementor-widget-call-to-action\" data-id=\"b9abec2\" data-element_type=\"widget\" data-widget_type=\"call-to-action.default\">\n\t\t\t\t<div class=\"elementor-widget-container\">\n\t\t\t\t\t\t\t<div class=\"elementor-cta\">\n\t\t\t\t\t<div class=\"elementor-cta__bg-wrapper\">\n\t\t\t\t<div class=\"elementor-cta__bg elementor-bg\" style=\"background-image: url(https:\/\/lieven-litaer.de\/wp-content\/uploads\/2020\/12\/shop-Header-1.png);\" role=\"img\" aria-label=\"shop-Header\"><\/div>\n\t\t\t\t<div class=\"elementor-cta__bg-overlay\"><\/div>\n\t\t\t<\/div>\n\t\t\t\t\t\t\t<div class=\"elementor-cta__content\">\n\t\t\t\t\n\t\t\t\t\t\t\t\t\t<h2 class=\"elementor-cta__title elementor-cta__content-item elementor-content-item\">\n\t\t\t\t\t\tAvailable in the online shop!\t\t\t\t\t<\/h2>\n\t\t\t\t\n\t\t\t\t\t\t\t\t\t<div class=\"elementor-cta__description elementor-cta__content-item elementor-content-item\">\n\t\t\t\t\t\tYou can now order this and many other books by Lieven L. Litaer in our shop at no extra charge, including an autograph or personal dedication.\t\t\t\t\t<\/div>\n\t\t\t\t\n\t\t\t\t\t\t\t\t\t<div class=\"elementor-cta__button-wrapper elementor-cta__content-item elementor-content-item\">\n\t\t\t\t\t<a class=\"elementor-cta__button elementor-button elementor-size-\" href=\"https:\/\/klingonisch.de\/webshop\/\" target=\"_blank\" rel=\"noopener\">\n\t\t\t\t\t\tTo the store\t\t\t\t\t<\/a>\n\t\t\t\t\t<\/div>\n\t\t\t\t\t\t\t<\/div>\n\t\t\t\t\t\t\t<div class=\"elementor-ribbon elementor-ribbon-left\">\n\t\t\t\t<div class=\"elementor-ribbon-inner\">\n\t\t\t\t\tNEU !\t\t\t\t<\/div>\n\t\t\t<\/div>\n\t\t\t\t<\/div>\n\t\t\t\t\t\t<\/div>\n\t\t\t\t<\/div>\n\t\t\t\t\t<\/div>\n\t\t<\/div>\n\t\t\t\t\t<\/div>\n\t\t<\/section>\n\t\t\t\t<\/div>","protected":false},"excerpt":{"rendered":"<p>Kauderwelsch Klingonisch Wort f\u00fcr Wort Klingonisch erfreut sich seit vielen Jahren einer wachsenden Fangemeinde. Durch den gro\u00dfen Erfolg der neuen Serien und Kinofilme von Star\u00a0Trek hat die klingonische Sprache eine gro\u00dfe Welle der Begeisterung und des allgemeinen Interesses erfahren. Bekannt ist diese k\u00fcnstliche Sprache jedoch schon viel l\u00e4nger, da sie bereits im allerersten Kinofilm der [&hellip;]<\/p>","protected":false},"author":3,"featured_media":0,"parent":12,"menu_order":0,"comment_status":"closed","ping_status":"open","template":"elementor_header_footer","meta":{"footnotes":""},"class_list":["post-2","page","type-page","status-publish","hentry"],"_links":{"self":[{"href":"https:\/\/lieven-litaer.de\/en\/wp-json\/wp\/v2\/pages\/2","targetHints":{"allow":["GET"]}}],"collection":[{"href":"https:\/\/lieven-litaer.de\/en\/wp-json\/wp\/v2\/pages"}],"about":[{"href":"https:\/\/lieven-litaer.de\/en\/wp-json\/wp\/v2\/types\/page"}],"author":[{"embeddable":true,"href":"https:\/\/lieven-litaer.de\/en\/wp-json\/wp\/v2\/users\/3"}],"replies":[{"embeddable":true,"href":"https:\/\/lieven-litaer.de\/en\/wp-json\/wp\/v2\/comments?post=2"}],"version-history":[{"count":0,"href":"https:\/\/lieven-litaer.de\/en\/wp-json\/wp\/v2\/pages\/2\/revisions"}],"up":[{"embeddable":true,"href":"https:\/\/lieven-litaer.de\/en\/wp-json\/wp\/v2\/pages\/12"}],"wp:attachment":[{"href":"https:\/\/lieven-litaer.de\/en\/wp-json\/wp\/v2\/media?parent=2"}],"curies":[{"name":"wp","href":"https:\/\/api.w.org\/{rel}","templated":true}]}}