{"id":1837,"date":"2021-06-30T12:12:00","date_gmt":"2021-06-30T11:12:00","guid":{"rendered":"https:\/\/lieven-litaer.de\/?page_id=1837"},"modified":"2021-07-03T12:44:46","modified_gmt":"2021-07-03T11:44:46","slug":"alice-in-wonderland-in-klingon","status":"publish","type":"page","link":"https:\/\/lieven-litaer.de\/en\/publications\/alice-in-wonderland-in-klingon","title":{"rendered":"Alice in Wonderland in Klingon"},"content":{"rendered":"<div data-elementor-type=\"wp-page\" data-elementor-id=\"1837\" class=\"elementor elementor-1837\" data-elementor-post-type=\"page\">\n\t\t\t\t\t\t<section class=\"elementor-section elementor-top-section elementor-element elementor-element-5871a312 elementor-section-boxed elementor-section-height-default elementor-section-height-default\" data-id=\"5871a312\" data-element_type=\"section\">\n\t\t\t\t\t\t<div class=\"elementor-container elementor-column-gap-default\">\n\t\t\t\t\t<div class=\"elementor-column elementor-col-100 elementor-top-column elementor-element elementor-element-14fbc391\" data-id=\"14fbc391\" data-element_type=\"column\" data-settings=\"{&quot;background_background&quot;:&quot;classic&quot;}\">\n\t\t\t<div class=\"elementor-widget-wrap elementor-element-populated\">\n\t\t\t\t\t\t<div class=\"elementor-element elementor-element-7f450d4 elementor-widget elementor-widget-heading\" data-id=\"7f450d4\" data-element_type=\"widget\" data-widget_type=\"heading.default\">\n\t\t\t\t<div class=\"elementor-widget-container\">\n\t\t\t\t\t<h1 class=\"elementor-heading-title elementor-size-default\">QelIS boqHarmey<\/h1>\t\t\t\t<\/div>\n\t\t\t\t<\/div>\n\t\t\t\t<div class=\"elementor-element elementor-element-bcebf91 elementor-widget elementor-widget-heading\" data-id=\"bcebf91\" data-element_type=\"widget\" data-widget_type=\"heading.default\">\n\t\t\t\t<div class=\"elementor-widget-container\">\n\t\t\t\t\t<h3 class=\"elementor-heading-title elementor-size-default\">Alice in Wonderland in Klingon<\/h3>\t\t\t\t<\/div>\n\t\t\t\t<\/div>\n\t\t\t\t<section class=\"elementor-section elementor-inner-section elementor-element elementor-element-d195928 elementor-reverse-mobile elementor-section-boxed elementor-section-height-default elementor-section-height-default\" data-id=\"d195928\" data-element_type=\"section\">\n\t\t\t\t\t\t<div class=\"elementor-container elementor-column-gap-default\">\n\t\t\t\t\t<div class=\"elementor-column elementor-col-50 elementor-inner-column elementor-element elementor-element-1534993\" data-id=\"1534993\" data-element_type=\"column\">\n\t\t\t<div class=\"elementor-widget-wrap elementor-element-populated\">\n\t\t\t\t\t\t<div class=\"elementor-element elementor-element-22431b3 elementor-widget elementor-widget-text-editor\" data-id=\"22431b3\" data-element_type=\"widget\" data-widget_type=\"text-editor.default\">\n\t\t\t\t<div class=\"elementor-widget-container\">\n\t\t\t\t\t\t\t\t\t<p class=\"translation-block\">After the sensational success with the Klingon translation of \u201c<a href=\"https:\/\/lieven-litaer.de\/en\/publications\/tapuq-mach-der-kleine-prinz-auf-klingonisch\/\" target=\"_self\">The Little Prince <\/a>\", which was published in color and colorful by the publisher in 2018 and was awarded the \"Deutscher Phantastik Preis\" as \"Best Translation\" in 2019, it quickly became clear to Lieven L. Litaer and publisher Bj\u00f6rn S\u00fclter that the world was ready for another adventure in Klingon is!<\/p><p class=\"translation-block\">The choice fell on Lewis Carroll's classic <em>\u201cAlice in Wonderland\u201d<\/em>. And that's no coincidence, as some lines from this work were quoted in the current hit series <em>\"Star Trek: Discovery\"<\/em>, which even appeared in the Klingon subtitles on Netflix. It is also one of the main character Michael Burnham's favorite books.<\/p><p class=\"translation-block\">Klingon teacher and author <a href=\"https:\/\/lieven-litaer.de\/en\/about\/\" target=\"_self\">Lieven L. Litaer<\/a> saw the work as a challenge of a special kind, which it is Translators of other languages have faced major hurdles because it is overflowing with hidden and obvious puns. However, in keeping with his attitude to life, he was happy to take on this challenge and once again proved that it is possible to translate such a complicated work into Klingon. The translator even created new Klingon puns that can undoubtedly be enjoyed best in the Klingon original.<\/p><p>But as with its predecessor, there is of course a German back translation, which is of particular interest because it is based on the Klingon version, as well as illustrations by the author. Finally, a detailed appendix explains important background information and reveals brand new vocabulary that was developed exclusively for this project. A second edition of the book, which will be published in parallel, will this time also offer an English back translation instead of the German one. <strong><br \/><\/strong><\/p><p class=\"translation-block\"><strong>QelIS boqHarmey<\/strong> \u2013 Alice in Wonderland in Klingon was published by Egpyt on November 1, 2021.<\/p>\t\t\t\t\t\t\t\t<\/div>\n\t\t\t\t<\/div>\n\t\t\t\t\t<\/div>\n\t\t<\/div>\n\t\t\t\t<div class=\"elementor-column elementor-col-50 elementor-inner-column elementor-element elementor-element-8a3b955\" data-id=\"8a3b955\" data-element_type=\"column\">\n\t\t\t<div class=\"elementor-widget-wrap elementor-element-populated\">\n\t\t\t\t\t\t<div class=\"elementor-element elementor-element-b6c7a50 elementor-widget elementor-widget-image\" data-id=\"b6c7a50\" data-element_type=\"widget\" data-widget_type=\"image.default\">\n\t\t\t\t<div class=\"elementor-widget-container\">\n\t\t\t\t\t\t\t\t\t\t\t\t\t\t\t<img fetchpriority=\"high\" decoding=\"async\" width=\"200\" height=\"304\" src=\"https:\/\/lieven-litaer.de\/wp-content\/uploads\/CoverAlice_200.jpg\" class=\"attachment-large size-large wp-image-1844\" alt=\"Cover Alice auf Klingonisch\" srcset=\"https:\/\/lieven-litaer.de\/wp-content\/uploads\/CoverAlice_200.jpg 200w, https:\/\/lieven-litaer.de\/wp-content\/uploads\/CoverAlice_200-197x300.jpg 197w, https:\/\/lieven-litaer.de\/wp-content\/uploads\/CoverAlice_200-99x150.jpg 99w\" sizes=\"(max-width: 200px) 100vw, 200px\" \/>\t\t\t\t\t\t\t\t\t\t\t\t\t\t\t<\/div>\n\t\t\t\t<\/div>\n\t\t\t\t\t<\/div>\n\t\t<\/div>\n\t\t\t\t\t<\/div>\n\t\t<\/section>\n\t\t\t\t<div class=\"elementor-element elementor-element-7e0a7c1 elementor-widget elementor-widget-heading\" data-id=\"7e0a7c1\" data-element_type=\"widget\" data-widget_type=\"heading.default\">\n\t\t\t\t<div class=\"elementor-widget-container\">\n\t\t\t\t\t<h2 class=\"elementor-heading-title elementor-size-default\">Preview<\/h2>\t\t\t\t<\/div>\n\t\t\t\t<\/div>\n\t\t\t\t<div class=\"elementor-element elementor-element-ca4a365 elementor-arrows-position-inside elementor-pagination-position-outside elementor-widget elementor-widget-image-carousel\" data-id=\"ca4a365\" data-element_type=\"widget\" data-settings=\"{&quot;slides_to_show&quot;:&quot;1&quot;,&quot;navigation&quot;:&quot;both&quot;,&quot;autoplay&quot;:&quot;yes&quot;,&quot;pause_on_hover&quot;:&quot;yes&quot;,&quot;pause_on_interaction&quot;:&quot;yes&quot;,&quot;autoplay_speed&quot;:5000,&quot;infinite&quot;:&quot;yes&quot;,&quot;effect&quot;:&quot;slide&quot;,&quot;speed&quot;:500}\" data-widget_type=\"image-carousel.default\">\n\t\t\t\t<div class=\"elementor-widget-container\">\n\t\t\t\t\t\t\t<div class=\"elementor-image-carousel-wrapper swiper\" role=\"region\" aria-roledescription=\"carousel\" aria-label=\"Image Carousel\" dir=\"ltr\">\n\t\t\t<div class=\"elementor-image-carousel swiper-wrapper\" aria-live=\"off\">\n\t\t\t\t\t\t\t\t<div class=\"swiper-slide\" role=\"group\" aria-roledescription=\"slide\" aria-label=\"1 of 1\"><figure class=\"swiper-slide-inner\"><img decoding=\"async\" class=\"swiper-slide-image\" src=\"https:\/\/lieven-litaer.de\/wp-content\/uploads\/elementor\/thumbs\/CoverAlice_200-p9dmp3uihv8rmnjfajzxkrtnxvybf8kqbomegz64n4.jpg\" alt=\"Cover Alice auf Klingonisch\" \/><\/figure><\/div>\t\t\t<\/div>\n\t\t\t\t\t<\/div>\n\t\t\t\t\t\t<\/div>\n\t\t\t\t<\/div>\n\t\t\t\t<div class=\"elementor-element elementor-element-a13a208 elementor-cta--skin-classic elementor-animated-content elementor-bg-transform elementor-bg-transform-zoom-in elementor-widget elementor-widget-global elementor-global-1393 elementor-widget-call-to-action\" data-id=\"a13a208\" data-element_type=\"widget\" data-widget_type=\"call-to-action.default\">\n\t\t\t\t<div class=\"elementor-widget-container\">\n\t\t\t\t\t\t\t<div class=\"elementor-cta\">\n\t\t\t\t\t<div class=\"elementor-cta__bg-wrapper\">\n\t\t\t\t<div class=\"elementor-cta__bg elementor-bg\" style=\"background-image: url(https:\/\/lieven-litaer.de\/wp-content\/uploads\/2020\/12\/shop-Header-1.png);\" role=\"img\" aria-label=\"shop-Header\"><\/div>\n\t\t\t\t<div class=\"elementor-cta__bg-overlay\"><\/div>\n\t\t\t<\/div>\n\t\t\t\t\t\t\t<div class=\"elementor-cta__content\">\n\t\t\t\t\n\t\t\t\t\t\t\t\t\t<h2 class=\"elementor-cta__title elementor-cta__content-item elementor-content-item\">\n\t\t\t\t\t\tAvailable in the online shop!\t\t\t\t\t<\/h2>\n\t\t\t\t\n\t\t\t\t\t\t\t\t\t<div class=\"elementor-cta__description elementor-cta__content-item elementor-content-item\">\n\t\t\t\t\t\tYou can now order this and many other books by Lieven L. Litaer in our shop at no extra charge, including an autograph or personal dedication.\t\t\t\t\t<\/div>\n\t\t\t\t\n\t\t\t\t\t\t\t\t\t<div class=\"elementor-cta__button-wrapper elementor-cta__content-item elementor-content-item\">\n\t\t\t\t\t<a class=\"elementor-cta__button elementor-button elementor-size-\" href=\"https:\/\/klingonisch.de\/webshop\/\" target=\"_blank\" rel=\"noopener\">\n\t\t\t\t\t\tTo the store\t\t\t\t\t<\/a>\n\t\t\t\t\t<\/div>\n\t\t\t\t\t\t\t<\/div>\n\t\t\t\t\t\t\t<div class=\"elementor-ribbon elementor-ribbon-left\">\n\t\t\t\t<div class=\"elementor-ribbon-inner\">\n\t\t\t\t\tNEU !\t\t\t\t<\/div>\n\t\t\t<\/div>\n\t\t\t\t<\/div>\n\t\t\t\t\t\t<\/div>\n\t\t\t\t<\/div>\n\t\t\t\t\t<\/div>\n\t\t<\/div>\n\t\t\t\t\t<\/div>\n\t\t<\/section>\n\t\t\t\t<\/div>","protected":false},"excerpt":{"rendered":"<p>QelIS boqHarmey Alice im Wunderland auf Klingonisch Nach dem sensationellen Erfolg mit der klingonischen \u00dcbersetzung von \u201eDer kleine Prinz\u201c, die 2018 im Verlag in Farbe und Bunt erschien und 2019 mit dem \u201eDeutschen Phantastik Preis\u201c als \u201eBeste \u00dcbersetzung\u201c ausgezeichnet wurde, stand f\u00fcr Lieven L. Litaer und Verleger Bj\u00f6rn S\u00fclter schnell fest, dass die Welt bereit [&hellip;]<\/p>","protected":false},"author":3,"featured_media":0,"parent":12,"menu_order":0,"comment_status":"closed","ping_status":"closed","template":"elementor_header_footer","meta":{"footnotes":""},"class_list":["post-1837","page","type-page","status-publish","hentry"],"_links":{"self":[{"href":"https:\/\/lieven-litaer.de\/en\/wp-json\/wp\/v2\/pages\/1837","targetHints":{"allow":["GET"]}}],"collection":[{"href":"https:\/\/lieven-litaer.de\/en\/wp-json\/wp\/v2\/pages"}],"about":[{"href":"https:\/\/lieven-litaer.de\/en\/wp-json\/wp\/v2\/types\/page"}],"author":[{"embeddable":true,"href":"https:\/\/lieven-litaer.de\/en\/wp-json\/wp\/v2\/users\/3"}],"replies":[{"embeddable":true,"href":"https:\/\/lieven-litaer.de\/en\/wp-json\/wp\/v2\/comments?post=1837"}],"version-history":[{"count":0,"href":"https:\/\/lieven-litaer.de\/en\/wp-json\/wp\/v2\/pages\/1837\/revisions"}],"up":[{"embeddable":true,"href":"https:\/\/lieven-litaer.de\/en\/wp-json\/wp\/v2\/pages\/12"}],"wp:attachment":[{"href":"https:\/\/lieven-litaer.de\/en\/wp-json\/wp\/v2\/media?parent=1837"}],"curies":[{"name":"wp","href":"https:\/\/api.w.org\/{rel}","templated":true}]}}