{"id":1739,"date":"2021-02-19T20:32:50","date_gmt":"2021-02-19T19:32:50","guid":{"rendered":"https:\/\/lieven-litaer.de\/?page_id=1739"},"modified":"2024-01-04T10:26:06","modified_gmt":"2024-01-04T09:26:06","slug":"prizes-and-awards","status":"publish","type":"page","link":"https:\/\/lieven-litaer.de\/en\/about\/prizes-and-awards","title":{"rendered":"Prizes and awards"},"content":{"rendered":"<div data-elementor-type=\"wp-page\" data-elementor-id=\"1739\" class=\"elementor elementor-1739\" data-elementor-post-type=\"page\">\n\t\t\t\t<div class=\"elementor-element elementor-element-a0a1227 e-flex e-con-boxed e-con e-parent\" data-id=\"a0a1227\" data-element_type=\"container\">\n\t\t\t\t\t<div class=\"e-con-inner\">\n\t\t<div class=\"elementor-element elementor-element-772f659 e-con-full e-flex e-con e-child\" data-id=\"772f659\" data-element_type=\"container\">\n\t\t\t\t<div class=\"elementor-element elementor-element-99dc399 elementor-widget elementor-widget-heading\" data-id=\"99dc399\" data-element_type=\"widget\" data-widget_type=\"heading.default\">\n\t\t\t\t<div class=\"elementor-widget-container\">\n\t\t\t\t\t<h1 class=\"elementor-heading-title elementor-size-default\">Prizes and awards<\/h1>\t\t\t\t<\/div>\n\t\t\t\t<\/div>\n\t\t\t\t<div class=\"elementor-element elementor-element-11bb56a elementor-widget elementor-widget-heading\" data-id=\"11bb56a\" data-element_type=\"widget\" data-widget_type=\"heading.default\">\n\t\t\t\t<div class=\"elementor-widget-container\">\n\t\t\t\t\t<h2 class=\"elementor-heading-title elementor-size-default\">Gewinner des David Hurst Preis 2020<\/h2>\t\t\t\t<\/div>\n\t\t\t\t<\/div>\n\t\t\t\t<div class=\"elementor-element elementor-element-b215759 elementor-widget elementor-widget-text-editor\" data-id=\"b215759\" data-element_type=\"widget\" data-widget_type=\"text-editor.default\">\n\t\t\t\t<div class=\"elementor-widget-container\">\n\t\t\t\t\t\t\t\t\t<div data-contents=\"true\"><div class=\"\" data-block=\"true\" data-editor=\"33pks\" data-offset-key=\"41jhn-0-0\"><div class=\"_1mf _1mj\" data-offset-key=\"41jhn-0-0\"><span data-offset-key=\"41jhn-0-0\"><span data-text=\"true\">Im Januar 2021 wurde ich mit dem gro\u00dfartigen <strong>David-Hurst-Preis<\/strong> ausgezeichnet. Ich danke meinen Fans der <\/span><\/span><span class=\"diy96o5h\" spellcheck=\"false\" data-offset-key=\"41jhn-1-0\"><span data-offset-key=\"41jhn-1-0\"><span data-text=\"true\">Star Trek Tafelrunde \u201eHermann Darnell\u201c aus Potsdam<\/span><\/span><\/span><span data-offset-key=\"41jhn-2-0\"><span data-text=\"true\"> f\u00fcr diese gro\u00dfe Ehre. Qapla&#8216; euch allen!<\/span><\/span><\/div><div data-offset-key=\"41jhn-0-0\">\u00a0<\/div><div class=\"_1mf _1mj\" data-offset-key=\"41jhn-0-0\">Mehr Infos inklusive Laudatio gibt es auf der Homepage der <a href=\"https:\/\/star-trek-tafelrunde.blogspot.com\/2021\/01\/und-der-david-hurst-preis-2020-geht-an.html\" target=\"_blank\" rel=\"noopener\"><strong>Star Trek Tafelrunde Hermann Darnell<\/strong><\/a><\/div><\/div><\/div>\t\t\t\t\t\t\t\t<\/div>\n\t\t\t\t<\/div>\n\t\t\t\t<div class=\"elementor-element elementor-element-f21a1c4 elementor-widget elementor-widget-image\" data-id=\"f21a1c4\" data-element_type=\"widget\" data-widget_type=\"image.default\">\n\t\t\t\t<div class=\"elementor-widget-container\">\n\t\t\t\t\t\t\t\t\t\t\t\t<figure class=\"wp-caption\">\n\t\t\t\t\t\t\t\t\t\t<img fetchpriority=\"high\" decoding=\"async\" width=\"800\" height=\"454\" src=\"https:\/\/lieven-litaer.de\/wp-content\/uploads\/david-hurst-preis-2020-1024x581.jpg\" class=\"attachment-large size-large wp-image-1744\" alt=\"\" srcset=\"https:\/\/lieven-litaer.de\/wp-content\/uploads\/david-hurst-preis-2020-1024x581.jpg 1024w, https:\/\/lieven-litaer.de\/wp-content\/uploads\/david-hurst-preis-2020-300x170.jpg 300w, https:\/\/lieven-litaer.de\/wp-content\/uploads\/david-hurst-preis-2020-150x85.jpg 150w, https:\/\/lieven-litaer.de\/wp-content\/uploads\/david-hurst-preis-2020-768x436.jpg 768w, https:\/\/lieven-litaer.de\/wp-content\/uploads\/david-hurst-preis-2020.jpg 1374w\" sizes=\"(max-width: 800px) 100vw, 800px\" \/>\t\t\t\t\t\t\t\t\t\t\t<figcaption class=\"widget-image-caption wp-caption-text\">David Hurst Preis 2020<\/figcaption>\n\t\t\t\t\t\t\t\t\t\t<\/figure>\n\t\t\t\t\t\t\t\t\t<\/div>\n\t\t\t\t<\/div>\n\t\t\t\t<div class=\"elementor-element elementor-element-8dbdfc0 elementor-widget elementor-widget-heading\" data-id=\"8dbdfc0\" data-element_type=\"widget\" data-widget_type=\"heading.default\">\n\t\t\t\t<div class=\"elementor-widget-container\">\n\t\t\t\t\t<h2 class=\"elementor-heading-title elementor-size-default\">Deutscher Phantastik Preis 2019<\/h2>\t\t\t\t<\/div>\n\t\t\t\t<\/div>\n\t\t<div class=\"elementor-element elementor-element-7713912 e-con-full e-flex e-con e-child\" data-id=\"7713912\" data-element_type=\"container\">\n\t\t<div class=\"elementor-element elementor-element-ef7abd6 e-con-full e-flex e-con e-child\" data-id=\"ef7abd6\" data-element_type=\"container\">\n\t\t\t\t<div class=\"elementor-element elementor-element-00a8c3e elementor-widget elementor-widget-text-editor\" data-id=\"00a8c3e\" data-element_type=\"widget\" data-widget_type=\"text-editor.default\">\n\t\t\t\t<div class=\"elementor-widget-container\">\n\t\t\t\t\t\t\t\t\t<p>Eine sehr gro\u00dfe Ehre f\u00fcr mich war die Nominierung und der darauf folgende Gewinn des <strong>Deutschen Phantastik Preises 2019<\/strong> in der Kategorie <em>\u201eBeste \u00dcbersetzung\u201c<\/em> f\u00fcr mein Werk <a href=\"https:\/\/lieven-litaer.de\/en\/publications\/tapuq-mach-der-kleine-prinz-auf-klingonisch\/\"><em>ta\u2019puq mach \u2013 Der kleine Prinz auf Klingonisch<\/em>.<\/a> In einer ersten Vorauswahl w\u00e4hlte eine Jury mehrere Werke aus, die danach in einer Online-Wahl abgestimmt werden konnten.<\/p><p>Die \u00dcberreichung des Preises erfolgt im Rahmen einer feierlichen Verleihung auf der Buchmesse Berlin 2019.<\/p><div>\u00a0<\/div><div>\u00a0<\/div>\t\t\t\t\t\t\t\t<\/div>\n\t\t\t\t<\/div>\n\t\t\t\t<\/div>\n\t\t<div class=\"elementor-element elementor-element-59b323c e-con-full e-flex e-con e-child\" data-id=\"59b323c\" data-element_type=\"container\">\n\t\t\t\t<div class=\"elementor-element elementor-element-a8503ee elementor-widget elementor-widget-image\" data-id=\"a8503ee\" data-element_type=\"widget\" data-widget_type=\"image.default\">\n\t\t\t\t<div class=\"elementor-widget-container\">\n\t\t\t\t\t\t\t\t\t\t\t\t\t\t\t<img decoding=\"async\" width=\"550\" height=\"804\" src=\"https:\/\/lieven-litaer.de\/wp-content\/uploads\/dpp-verleihung-pressefoto.jpg\" class=\"attachment-large size-large wp-image-1771\" alt=\"\" srcset=\"https:\/\/lieven-litaer.de\/wp-content\/uploads\/dpp-verleihung-pressefoto.jpg 550w, https:\/\/lieven-litaer.de\/wp-content\/uploads\/dpp-verleihung-pressefoto-205x300.jpg 205w, https:\/\/lieven-litaer.de\/wp-content\/uploads\/dpp-verleihung-pressefoto-103x150.jpg 103w\" sizes=\"(max-width: 550px) 100vw, 550px\" \/>\t\t\t\t\t\t\t\t\t\t\t\t\t\t\t<\/div>\n\t\t\t\t<\/div>\n\t\t\t\t<\/div>\n\t\t\t\t<\/div>\n\t\t\t\t<div class=\"elementor-element elementor-element-f24202e elementor-widget elementor-widget-image\" data-id=\"f24202e\" data-element_type=\"widget\" data-widget_type=\"image.default\">\n\t\t\t\t<div class=\"elementor-widget-container\">\n\t\t\t\t\t\t\t\t\t\t\t\t\t\t\t<img decoding=\"async\" width=\"644\" height=\"483\" src=\"https:\/\/lieven-litaer.de\/wp-content\/uploads\/dpp-2019.jpg\" class=\"attachment-large size-large wp-image-1769\" alt=\"\" srcset=\"https:\/\/lieven-litaer.de\/wp-content\/uploads\/dpp-2019.jpg 644w, https:\/\/lieven-litaer.de\/wp-content\/uploads\/dpp-2019-300x225.jpg 300w, https:\/\/lieven-litaer.de\/wp-content\/uploads\/dpp-2019-150x113.jpg 150w\" sizes=\"(max-width: 644px) 100vw, 644px\" \/>\t\t\t\t\t\t\t\t\t\t\t\t\t\t\t<\/div>\n\t\t\t\t<\/div>\n\t\t\t\t<div class=\"elementor-element elementor-element-b538f65 elementor-widget elementor-widget-heading\" data-id=\"b538f65\" data-element_type=\"widget\" data-widget_type=\"heading.default\">\n\t\t\t\t<div class=\"elementor-widget-container\">\n\t\t\t\t\t<h2 class=\"elementor-heading-title elementor-size-default\">Order of the Torch<\/h2>\t\t\t\t<\/div>\n\t\t\t\t<\/div>\n\t\t<div class=\"elementor-element elementor-element-3cc5192 e-con-full e-flex e-con e-child\" data-id=\"3cc5192\" data-element_type=\"container\">\n\t\t<div class=\"elementor-element elementor-element-551731e e-con-full e-flex e-con e-child\" data-id=\"551731e\" data-element_type=\"container\">\n\t\t\t\t<div class=\"elementor-element elementor-element-8b3145a elementor-widget elementor-widget-text-editor\" data-id=\"8b3145a\" data-element_type=\"widget\" data-widget_type=\"text-editor.default\">\n\t\t\t\t<div class=\"elementor-widget-container\">\n\t\t\t\t\t\t\t\t\t<p>W\u00e4hrend des Jahrestreffens 2018 des <strong>Klingon Language Institute <\/strong>wurde ich gemeinsam mit zwei weiteren Klingonisten in den <em>\u201eOrden der Fackel\u201c<\/em> erhoben. Der Name ist in Anspielung an den klingonischen Fackeltr\u00e4ger <em>(the torchbearer)<\/em> aus der ersten Folge von <em>Star Trek: Discovery<\/em>.<\/p><p>Diese zwei anderen Klingonischexperten sind Robyn Stewart und Alan Anderson, die f\u00fcr die klingonischen Dialoge in <em>Star Trek: Discovery<\/em> verantwortlich waren. Meine Beteiligung an diesem Projekt bezog sich auf die klingonischen Untertitel der kompletten ersten Staffel, die weltweit auf Netflix zu sehen sind.<\/p>\t\t\t\t\t\t\t\t<\/div>\n\t\t\t\t<\/div>\n\t\t\t\t<\/div>\n\t\t<div class=\"elementor-element elementor-element-28c5caa e-con-full e-flex e-con e-child\" data-id=\"28c5caa\" data-element_type=\"container\">\n\t\t\t\t<div class=\"elementor-element elementor-element-4e53ce7 elementor-widget elementor-widget-image\" data-id=\"4e53ce7\" data-element_type=\"widget\" data-widget_type=\"image.default\">\n\t\t\t\t<div class=\"elementor-widget-container\">\n\t\t\t\t\t\t\t\t\t\t\t\t\t\t\t<img loading=\"lazy\" decoding=\"async\" width=\"500\" height=\"375\" src=\"https:\/\/lieven-litaer.de\/wp-content\/uploads\/kli-order-of-the-torch.jpg\" class=\"attachment-large size-large wp-image-1791\" alt=\"Urkunde des KLI f\u00fcr den Orden der Fackel\" srcset=\"https:\/\/lieven-litaer.de\/wp-content\/uploads\/kli-order-of-the-torch.jpg 500w, https:\/\/lieven-litaer.de\/wp-content\/uploads\/kli-order-of-the-torch-300x225.jpg 300w, https:\/\/lieven-litaer.de\/wp-content\/uploads\/kli-order-of-the-torch-150x113.jpg 150w\" sizes=\"(max-width: 500px) 100vw, 500px\" \/>\t\t\t\t\t\t\t\t\t\t\t\t\t\t\t<\/div>\n\t\t\t\t<\/div>\n\t\t\t\t<\/div>\n\t\t\t\t<\/div>\n\t\t\t\t<div class=\"elementor-element elementor-element-51a5888 elementor-widget elementor-widget-heading\" data-id=\"51a5888\" data-element_type=\"widget\" data-widget_type=\"heading.default\">\n\t\t\t\t<div class=\"elementor-widget-container\">\n\t\t\t\t\t<h2 class=\"elementor-heading-title elementor-size-default\">Friend of Maltz<\/h2>\t\t\t\t<\/div>\n\t\t\t\t<\/div>\n\t\t<div class=\"elementor-element elementor-element-888777c e-con-full e-flex e-con e-child\" data-id=\"888777c\" data-element_type=\"container\">\n\t\t<div class=\"elementor-element elementor-element-e662e13 e-con-full e-flex e-con e-child\" data-id=\"e662e13\" data-element_type=\"container\">\n\t\t\t\t<div class=\"elementor-element elementor-element-b1d0757 elementor-widget elementor-widget-image\" data-id=\"b1d0757\" data-element_type=\"widget\" data-widget_type=\"image.default\">\n\t\t\t\t<div class=\"elementor-widget-container\">\n\t\t\t\t\t\t\t\t\t\t\t\t\t\t\t<img loading=\"lazy\" decoding=\"async\" width=\"500\" height=\"375\" src=\"https:\/\/lieven-litaer.de\/wp-content\/uploads\/kli-friend-of-maltz.jpg\" class=\"attachment-large size-large wp-image-1790\" alt=\"Urkunde des KLI f\u00fcr den Friend of Maltz\" srcset=\"https:\/\/lieven-litaer.de\/wp-content\/uploads\/kli-friend-of-maltz.jpg 500w, https:\/\/lieven-litaer.de\/wp-content\/uploads\/kli-friend-of-maltz-300x225.jpg 300w, https:\/\/lieven-litaer.de\/wp-content\/uploads\/kli-friend-of-maltz-150x113.jpg 150w\" sizes=\"(max-width: 500px) 100vw, 500px\" \/>\t\t\t\t\t\t\t\t\t\t\t\t\t\t\t<\/div>\n\t\t\t\t<\/div>\n\t\t\t\t<\/div>\n\t\t<div class=\"elementor-element elementor-element-30b686d e-con-full e-flex e-con e-child\" data-id=\"30b686d\" data-element_type=\"container\">\n\t\t\t\t<div class=\"elementor-element elementor-element-438447e elementor-widget elementor-widget-text-editor\" data-id=\"438447e\" data-element_type=\"widget\" data-widget_type=\"text-editor.default\">\n\t\t\t\t<div class=\"elementor-widget-container\">\n\t\t\t\t\t\t\t\t\t<p>Im Jahre 2016 verlieh mir das <strong>Klingon Language Institute<\/strong> den Ehrentitel <em>\u008f\u201eFriend of Maltz\u201c,<\/em> den seit Gr\u00fcndung des KLI bis heute erst zw\u00f6lf Mitglieder erhalten haben. Dieser Titel wird vergeben an jene Klingonisten, die einen besonders gro\u00dfen Beitrag f\u00fcr die Sprachgemeinschaft geleistet haben. Der beehrte erh\u00e4lt neben der Urkunde das Privileg, sich bei Maltz \u2013 d.h. also bei Marc Okrand \u2013 ein klingonisches Wort zu w\u00fcnschen.<\/p><p>Der Anlass f\u00fcr meine Ehrung war die Dauerhafte Umsetzung meines Klingonischkurses,\u00a0 f\u00fcr die Erstellung des Klingonisch-Wiki und f\u00fcr die Ver\u00f6ffentlichung meines Buches <a href=\"https:\/\/lieven-litaer.de\/en\/publications\/klingonisch-fuer-einsteiger\/\">Klingonisch f\u00fcr Einsteiger<\/a>.<\/p>\t\t\t\t\t\t\t\t<\/div>\n\t\t\t\t<\/div>\n\t\t\t\t<\/div>\n\t\t\t\t<\/div>\n\t\t\t\t<div class=\"elementor-element elementor-element-2c44885 elementor-widget elementor-widget-heading\" data-id=\"2c44885\" data-element_type=\"widget\" data-widget_type=\"heading.default\">\n\t\t\t\t<div class=\"elementor-widget-container\">\n\t\t\t\t\t<h2 class=\"elementor-heading-title elementor-size-default\">3. Grad des KLCP<\/h2>\t\t\t\t<\/div>\n\t\t\t\t<\/div>\n\t\t\t\t<div class=\"elementor-element elementor-element-34f1642 elementor-widget elementor-widget-text-editor\" data-id=\"34f1642\" data-element_type=\"widget\" data-widget_type=\"text-editor.default\">\n\t\t\t\t<div class=\"elementor-widget-container\">\n\t\t\t\t\t\t\t\t\t<p>Das <strong>Klingon Language Certification Program<\/strong> \u2013 kurz KLCP \u2013 ist ein sehr strenges Pr\u00fcfungs- und Bewertungssystem, das durch das Klingon Language Institute entwickelt wurde. Schon die erste Stufe ist nicht f\u00fcr Anf\u00e4nger geeignet und fordert gute Kenntnisse der Sprache. Der Test ist in drei Stufen aufgebaut. Nur sehr wenige Mitglieder des KLI haben den 3. Grad je erreicht, da dieser ein flie\u00dfendes Sprechen der Sprache voraussetzt. Ich selbst erreichte den Test im Jahr 2010 w\u00e4hrend des Klingonischkurs Saarbr\u00fccken.<\/p>\t\t\t\t\t\t\t\t<\/div>\n\t\t\t\t<\/div>\n\t\t\t\t<\/div>\n\t\t\t\t\t<\/div>\n\t\t\t\t<\/div>\n\t\t\t\t<\/div>","protected":false},"excerpt":{"rendered":"<p>Preise und Auszeichnungen Gewinner des David Hurst Preis 2020 Im Januar 2021 wurde ich mit dem gro\u00dfartigen David-Hurst-Preis ausgezeichnet. Ich danke meinen Fans der Star Trek Tafelrunde \u201eHermann Darnell\u201c aus Potsdam f\u00fcr diese gro\u00dfe Ehre. Qapla&#8216; euch allen!\u00a0Mehr Infos inklusive Laudatio gibt es auf der Homepage der Star Trek Tafelrunde Hermann Darnell David Hurst Preis [&hellip;]<\/p>","protected":false},"author":3,"featured_media":0,"parent":15,"menu_order":0,"comment_status":"closed","ping_status":"closed","template":"","meta":{"footnotes":""},"class_list":["post-1739","page","type-page","status-publish","hentry"],"_links":{"self":[{"href":"https:\/\/lieven-litaer.de\/en\/wp-json\/wp\/v2\/pages\/1739","targetHints":{"allow":["GET"]}}],"collection":[{"href":"https:\/\/lieven-litaer.de\/en\/wp-json\/wp\/v2\/pages"}],"about":[{"href":"https:\/\/lieven-litaer.de\/en\/wp-json\/wp\/v2\/types\/page"}],"author":[{"embeddable":true,"href":"https:\/\/lieven-litaer.de\/en\/wp-json\/wp\/v2\/users\/3"}],"replies":[{"embeddable":true,"href":"https:\/\/lieven-litaer.de\/en\/wp-json\/wp\/v2\/comments?post=1739"}],"version-history":[{"count":0,"href":"https:\/\/lieven-litaer.de\/en\/wp-json\/wp\/v2\/pages\/1739\/revisions"}],"up":[{"embeddable":true,"href":"https:\/\/lieven-litaer.de\/en\/wp-json\/wp\/v2\/pages\/15"}],"wp:attachment":[{"href":"https:\/\/lieven-litaer.de\/en\/wp-json\/wp\/v2\/media?parent=1739"}],"curies":[{"name":"wp","href":"https:\/\/api.w.org\/{rel}","templated":true}]}}