{"id":1262,"date":"2020-12-24T09:16:38","date_gmt":"2020-12-24T09:16:38","guid":{"rendered":"http:\/\/lieven-litaer.de\/?page_id=1262"},"modified":"2021-02-13T17:04:54","modified_gmt":"2021-02-13T16:04:54","slug":"hamletmachine","status":"publish","type":"page","link":"https:\/\/lieven-litaer.de\/en\/publications\/hamletmachine","title":{"rendered":"Hamletmachine"},"content":{"rendered":"<div data-elementor-type=\"wp-page\" data-elementor-id=\"1262\" class=\"elementor elementor-1262\" data-elementor-post-type=\"page\">\n\t\t\t\t\t\t<section class=\"elementor-section elementor-top-section elementor-element elementor-element-852b9f1 elementor-section-boxed elementor-section-height-default elementor-section-height-default\" data-id=\"852b9f1\" data-element_type=\"section\" data-settings=\"{&quot;background_background&quot;:&quot;slideshow&quot;,&quot;background_slideshow_gallery&quot;:[{&quot;id&quot;:1264,&quot;url&quot;:&quot;http:\\\/\\\/lieven-litaer.de\\\/wp-content\\\/uploads\\\/2020\\\/12\\\/01b.jpg&quot;}],&quot;background_slideshow_loop&quot;:&quot;yes&quot;,&quot;background_slideshow_slide_duration&quot;:5000,&quot;background_slideshow_slide_transition&quot;:&quot;fade&quot;,&quot;background_slideshow_transition_duration&quot;:500}\">\n\t\t\t\t\t\t<div class=\"elementor-container elementor-column-gap-default\">\n\t\t\t\t\t<div class=\"elementor-column elementor-col-100 elementor-top-column elementor-element elementor-element-4fd8a9f\" data-id=\"4fd8a9f\" data-element_type=\"column\" data-settings=\"{&quot;background_background&quot;:&quot;classic&quot;}\">\n\t\t\t<div class=\"elementor-widget-wrap elementor-element-populated\">\n\t\t\t\t\t\t<div class=\"elementor-element elementor-element-5f18ca6 elementor-widget elementor-widget-image\" data-id=\"5f18ca6\" data-element_type=\"widget\" data-widget_type=\"image.default\">\n\t\t\t\t<div class=\"elementor-widget-container\">\n\t\t\t\t\t\t\t\t\t\t\t\t\t\t\t<img fetchpriority=\"high\" decoding=\"async\" width=\"800\" height=\"131\" src=\"https:\/\/lieven-litaer.de\/wp-content\/uploads\/2020\/12\/titel_hq-1024x168.png\" class=\"attachment-large size-large wp-image-1180\" alt=\"\" srcset=\"https:\/\/lieven-litaer.de\/wp-content\/uploads\/2020\/12\/titel_hq-1024x168.png 1024w, https:\/\/lieven-litaer.de\/wp-content\/uploads\/2020\/12\/titel_hq-300x49.png 300w, https:\/\/lieven-litaer.de\/wp-content\/uploads\/2020\/12\/titel_hq-768x126.png 768w, https:\/\/lieven-litaer.de\/wp-content\/uploads\/2020\/12\/titel_hq.png 1240w\" sizes=\"(max-width: 800px) 100vw, 800px\" \/>\t\t\t\t\t\t\t\t\t\t\t\t\t\t\t<\/div>\n\t\t\t\t<\/div>\n\t\t\t\t<div class=\"elementor-element elementor-element-e6c0854 elementor-widget elementor-widget-heading\" data-id=\"e6c0854\" data-element_type=\"widget\" data-widget_type=\"heading.default\">\n\t\t\t\t<div class=\"elementor-widget-container\">\n\t\t\t\t\t<h1 class=\"elementor-heading-title elementor-size-default\">Hamletmaschine \u2013 Hamlet QuQ<\/h1>\t\t\t\t<\/div>\n\t\t\t\t<\/div>\n\t\t\t\t<div class=\"elementor-element elementor-element-6275f42 elementor-widget elementor-widget-heading\" data-id=\"6275f42\" data-element_type=\"widget\" data-widget_type=\"heading.default\">\n\t\t\t\t<div class=\"elementor-widget-container\">\n\t\t\t\t\t<h2 class=\"elementor-heading-title elementor-size-default\">Revolutionstheorie auf Klingonisch<\/h2>\t\t\t\t<\/div>\n\t\t\t\t<\/div>\n\t\t\t\t<section class=\"elementor-section elementor-inner-section elementor-element elementor-element-0505671 elementor-section-boxed elementor-section-height-default elementor-section-height-default\" data-id=\"0505671\" data-element_type=\"section\">\n\t\t\t\t\t\t<div class=\"elementor-container elementor-column-gap-default\">\n\t\t\t\t\t<div class=\"elementor-column elementor-col-50 elementor-inner-column elementor-element elementor-element-67364e1\" data-id=\"67364e1\" data-element_type=\"column\">\n\t\t\t<div class=\"elementor-widget-wrap elementor-element-populated\">\n\t\t\t\t\t\t<div class=\"elementor-element elementor-element-8758d77 elementor-widget elementor-widget-text-editor\" data-id=\"8758d77\" data-element_type=\"widget\" data-widget_type=\"text-editor.default\">\n\t\t\t\t<div class=\"elementor-widget-container\">\n\t\t\t\t\t\t\t\t\t<p>Heiner M\u00fcller ist einer der einflussreichsten deutschen Theatermacher nach dem zweiten Weltkrieg. Sein epochemachendes St\u00fcck \u201eHamletmaschine\u201c von 1977 gilt als einer seiner schwierigsten Texte, da er viel Raum f\u00fcr Interpretation l\u00e4sst. Einen solchen politisch angehauchten und mit pers\u00f6nlichen Elementen vermischten kaum verst\u00e4ndlichen Text ins Klingonische zu \u00fcbertragen, stellte sogar den erfahrenen \u00dcbersetzer Lieven L. Litaer vor eine gro\u00dfe Herausforderung.<\/p><p>Diese Ausgabe beinhaltet daher nicht nur die \u00dcbersetzung, sondern auch einen ausgiebigen Anhang mit Erkl\u00e4rungen zu den einzelnen \u00dcbersetzungsschritten, die nur mit einer intensiven Interpretation des Werkes einhergehen. Darin enthalten sind auch Erl\u00e4uterungen zu neuen W\u00f6rtern, die der Erschaffer der klingonischen Sprache, Marc Okrand, explizit f\u00fcr dieses Projekt zur Verf\u00fcgung gestellt hat.<\/p>\t\t\t\t\t\t\t\t<\/div>\n\t\t\t\t<\/div>\n\t\t\t\t\t<\/div>\n\t\t<\/div>\n\t\t\t\t<div class=\"elementor-column elementor-col-50 elementor-inner-column elementor-element elementor-element-d84e3c4\" data-id=\"d84e3c4\" data-element_type=\"column\">\n\t\t\t<div class=\"elementor-widget-wrap elementor-element-populated\">\n\t\t\t\t\t\t<div class=\"elementor-element elementor-element-9b5e336 elementor-widget elementor-widget-image\" data-id=\"9b5e336\" data-element_type=\"widget\" data-widget_type=\"image.default\">\n\t\t\t\t<div class=\"elementor-widget-container\">\n\t\t\t\t\t\t\t\t\t\t\t\t\t\t\t<img decoding=\"async\" width=\"294\" height=\"442\" src=\"https:\/\/lieven-litaer.de\/wp-content\/uploads\/2020\/12\/cover_hq.jpg\" class=\"attachment-large size-large wp-image-1319\" alt=\"\" srcset=\"https:\/\/lieven-litaer.de\/wp-content\/uploads\/2020\/12\/cover_hq.jpg 294w, https:\/\/lieven-litaer.de\/wp-content\/uploads\/2020\/12\/cover_hq-200x300.jpg 200w\" sizes=\"(max-width: 294px) 100vw, 294px\" \/>\t\t\t\t\t\t\t\t\t\t\t\t\t\t\t<\/div>\n\t\t\t\t<\/div>\n\t\t\t\t\t<\/div>\n\t\t<\/div>\n\t\t\t\t\t<\/div>\n\t\t<\/section>\n\t\t\t\t<div class=\"elementor-element elementor-element-2614f2d elementor-widget elementor-widget-heading\" data-id=\"2614f2d\" data-element_type=\"widget\" data-widget_type=\"heading.default\">\n\t\t\t\t<div class=\"elementor-widget-container\">\n\t\t\t\t\t<h2 class=\"elementor-heading-title elementor-size-default\">Preview<\/h2>\t\t\t\t<\/div>\n\t\t\t\t<\/div>\n\t\t\t\t<div class=\"elementor-element elementor-element-2d97c16 elementor-arrows-position-inside elementor-pagination-position-outside elementor-widget elementor-widget-image-carousel\" data-id=\"2d97c16\" data-element_type=\"widget\" data-settings=\"{&quot;slides_to_show&quot;:&quot;1&quot;,&quot;navigation&quot;:&quot;both&quot;,&quot;autoplay&quot;:&quot;yes&quot;,&quot;pause_on_hover&quot;:&quot;yes&quot;,&quot;pause_on_interaction&quot;:&quot;yes&quot;,&quot;autoplay_speed&quot;:5000,&quot;infinite&quot;:&quot;yes&quot;,&quot;effect&quot;:&quot;slide&quot;,&quot;speed&quot;:500}\" data-widget_type=\"image-carousel.default\">\n\t\t\t\t<div class=\"elementor-widget-container\">\n\t\t\t\t\t\t\t<div class=\"elementor-image-carousel-wrapper swiper\" role=\"region\" aria-roledescription=\"carousel\" aria-label=\"Image Carousel\" dir=\"ltr\">\n\t\t\t<div class=\"elementor-image-carousel swiper-wrapper\" aria-live=\"off\">\n\t\t\t\t\t\t\t\t<div class=\"swiper-slide\" role=\"group\" aria-roledescription=\"slide\" aria-label=\"1 of 2\"><figure class=\"swiper-slide-inner\"><img decoding=\"async\" class=\"swiper-slide-image\" src=\"https:\/\/lieven-litaer.de\/wp-content\/uploads\/elementor\/thumbs\/preview_HM_1-p0hypg9pbgocadh17xquubi5al2lbyawq6b461lt6o.png\" alt=\"Kapitel eins\" \/><figcaption class=\"elementor-image-carousel-caption\">Kapitel eins<\/figcaption><\/figure><\/div><div class=\"swiper-slide\" role=\"group\" aria-roledescription=\"slide\" aria-label=\"2 of 2\"><figure class=\"swiper-slide-inner\"><img decoding=\"async\" class=\"swiper-slide-image\" src=\"https:\/\/lieven-litaer.de\/wp-content\/uploads\/elementor\/thumbs\/preview_HM_2-p0hypg9pbgocadh17xquubi5al2lbyawq6b461lt6o.png\" alt=\"Anhang\" \/><figcaption class=\"elementor-image-carousel-caption\">Anhang<\/figcaption><\/figure><\/div>\t\t\t<\/div>\n\t\t\t\t\t\t\t\t\t\t\t\t<div class=\"elementor-swiper-button elementor-swiper-button-prev\" role=\"button\" tabindex=\"0\">\n\t\t\t\t\t\t<i aria-hidden=\"true\" class=\"eicon-chevron-left\"><\/i>\t\t\t\t\t<\/div>\n\t\t\t\t\t<div class=\"elementor-swiper-button elementor-swiper-button-next\" role=\"button\" tabindex=\"0\">\n\t\t\t\t\t\t<i aria-hidden=\"true\" class=\"eicon-chevron-right\"><\/i>\t\t\t\t\t<\/div>\n\t\t\t\t\n\t\t\t\t\t\t\t\t\t<div class=\"swiper-pagination\"><\/div>\n\t\t\t\t\t\t\t\t\t<\/div>\n\t\t\t\t\t\t<\/div>\n\t\t\t\t<\/div>\n\t\t\t\t<div class=\"elementor-element elementor-element-19b4cc5 elementor-widget elementor-widget-heading\" data-id=\"19b4cc5\" data-element_type=\"widget\" data-widget_type=\"heading.default\">\n\t\t\t\t<div class=\"elementor-widget-container\">\n\t\t\t\t\t<h2 class=\"elementor-heading-title elementor-size-default\">Details<\/h2>\t\t\t\t<\/div>\n\t\t\t\t<\/div>\n\t\t\t\t<div class=\"elementor-element elementor-element-ea42971 elementor-widget elementor-widget-text-editor\" data-id=\"ea42971\" data-element_type=\"widget\" data-widget_type=\"text-editor.default\">\n\t\t\t\t<div class=\"elementor-widget-container\">\n\t\t\t\t\t\t\t\t\t<table>\n<tbody>\n<tr>\n<td><b>Titel: <\/b><\/td>\n<td>Hamlet QuQ \u2013 Die Hamletmaschine<\/td>\n<\/tr>\n<tr>\n<td><b>Autor: <\/b><\/td>\n<td>Heiner M\u00fcller<\/td>\n<\/tr>\n<tr>\n<td><b>\u00dcbersetzer: <\/b><\/td>\n<td>Lieven L. Litaer<\/td>\n<\/tr>\n<tr>\n<td><b>Verlag: <\/b><\/td>\n<td>limited edition at qepHom<\/td>\n<\/tr>\n<tr>\n<td><b>Seiten: <\/b><\/td>\n<td>44<\/td>\n<\/tr>\n<tr>\n<td><b>Datum: <\/b><\/td>\n<td>10. Dezember 2020<\/td>\n<\/tr>\n<tr>\n<td><b>ISBN: <\/b><\/td>\n<td>keine<\/td>\n<\/tr>\n<tr>\n<td><b>Abmessungen: <\/b><\/td>\n<td>125 x 190 mm<\/td>\n<\/tr>\n<\/tbody>\n<\/table>\t\t\t\t\t\t\t\t<\/div>\n\t\t\t\t<\/div>\n\t\t\t\t<div class=\"elementor-element elementor-element-4732632 elementor-cta--skin-classic elementor-animated-content elementor-bg-transform elementor-bg-transform-zoom-in elementor-widget elementor-widget-global elementor-global-1393 elementor-widget-call-to-action\" data-id=\"4732632\" data-element_type=\"widget\" data-widget_type=\"call-to-action.default\">\n\t\t\t\t<div class=\"elementor-widget-container\">\n\t\t\t\t\t\t\t<div class=\"elementor-cta\">\n\t\t\t\t\t<div class=\"elementor-cta__bg-wrapper\">\n\t\t\t\t<div class=\"elementor-cta__bg elementor-bg\" style=\"background-image: url(https:\/\/lieven-litaer.de\/wp-content\/uploads\/2020\/12\/shop-Header-1.png);\" role=\"img\" aria-label=\"shop-Header\"><\/div>\n\t\t\t\t<div class=\"elementor-cta__bg-overlay\"><\/div>\n\t\t\t<\/div>\n\t\t\t\t\t\t\t<div class=\"elementor-cta__content\">\n\t\t\t\t\n\t\t\t\t\t\t\t\t\t<h2 class=\"elementor-cta__title elementor-cta__content-item elementor-content-item\">\n\t\t\t\t\t\tAvailable in the online shop!\t\t\t\t\t<\/h2>\n\t\t\t\t\n\t\t\t\t\t\t\t\t\t<div class=\"elementor-cta__description elementor-cta__content-item elementor-content-item\">\n\t\t\t\t\t\tYou can now order this and many other books by Lieven L. Litaer in our shop at no extra charge, including an autograph or personal dedication.\t\t\t\t\t<\/div>\n\t\t\t\t\n\t\t\t\t\t\t\t\t\t<div class=\"elementor-cta__button-wrapper elementor-cta__content-item elementor-content-item\">\n\t\t\t\t\t<a class=\"elementor-cta__button elementor-button elementor-size-\" href=\"https:\/\/klingonisch.de\/webshop\/\" target=\"_blank\" rel=\"noopener\">\n\t\t\t\t\t\tTo the store\t\t\t\t\t<\/a>\n\t\t\t\t\t<\/div>\n\t\t\t\t\t\t\t<\/div>\n\t\t\t\t\t\t\t<div class=\"elementor-ribbon elementor-ribbon-left\">\n\t\t\t\t<div class=\"elementor-ribbon-inner\">\n\t\t\t\t\tNEU !\t\t\t\t<\/div>\n\t\t\t<\/div>\n\t\t\t\t<\/div>\n\t\t\t\t\t\t<\/div>\n\t\t\t\t<\/div>\n\t\t\t\t\t<\/div>\n\t\t<\/div>\n\t\t\t\t\t<\/div>\n\t\t<\/section>\n\t\t\t\t<\/div>","protected":false},"excerpt":{"rendered":"<p>Hamletmaschine \u2013 Hamlet QuQ Revolutionstheorie auf Klingonisch Heiner M\u00fcller ist einer der einflussreichsten deutschen Theatermacher nach dem zweiten Weltkrieg. Sein epochemachendes St\u00fcck \u201eHamletmaschine\u201c von 1977 gilt als einer seiner schwierigsten Texte, da er viel Raum f\u00fcr Interpretation l\u00e4sst. Einen solchen politisch angehauchten und mit pers\u00f6nlichen Elementen vermischten kaum verst\u00e4ndlichen Text ins Klingonische zu \u00fcbertragen, stellte [&hellip;]<\/p>","protected":false},"author":3,"featured_media":0,"parent":12,"menu_order":0,"comment_status":"closed","ping_status":"open","template":"elementor_header_footer","meta":{"footnotes":""},"class_list":["post-1262","page","type-page","status-publish","hentry"],"_links":{"self":[{"href":"https:\/\/lieven-litaer.de\/en\/wp-json\/wp\/v2\/pages\/1262","targetHints":{"allow":["GET"]}}],"collection":[{"href":"https:\/\/lieven-litaer.de\/en\/wp-json\/wp\/v2\/pages"}],"about":[{"href":"https:\/\/lieven-litaer.de\/en\/wp-json\/wp\/v2\/types\/page"}],"author":[{"embeddable":true,"href":"https:\/\/lieven-litaer.de\/en\/wp-json\/wp\/v2\/users\/3"}],"replies":[{"embeddable":true,"href":"https:\/\/lieven-litaer.de\/en\/wp-json\/wp\/v2\/comments?post=1262"}],"version-history":[{"count":0,"href":"https:\/\/lieven-litaer.de\/en\/wp-json\/wp\/v2\/pages\/1262\/revisions"}],"up":[{"embeddable":true,"href":"https:\/\/lieven-litaer.de\/en\/wp-json\/wp\/v2\/pages\/12"}],"wp:attachment":[{"href":"https:\/\/lieven-litaer.de\/en\/wp-json\/wp\/v2\/media?parent=1262"}],"curies":[{"name":"wp","href":"https:\/\/api.w.org\/{rel}","templated":true}]}}