{"id":1160,"date":"2020-12-22T14:31:12","date_gmt":"2020-12-22T14:31:12","guid":{"rendered":"http:\/\/lieven-litaer.de\/?page_id=1160"},"modified":"2021-02-13T17:15:42","modified_gmt":"2021-02-13T16:15:42","slug":"sleep-tight-little-wolf","status":"publish","type":"page","link":"https:\/\/lieven-litaer.de\/en\/publications\/sleep-tight-little-wolf","title":{"rendered":"Schlaf gut, kleiner Wolf"},"content":{"rendered":"<div data-elementor-type=\"wp-page\" data-elementor-id=\"1160\" class=\"elementor elementor-1160\" data-elementor-post-type=\"page\">\n\t\t\t\t\t\t<section class=\"elementor-section elementor-top-section elementor-element elementor-element-7b257d4 elementor-section-boxed elementor-section-height-default elementor-section-height-default\" data-id=\"7b257d4\" data-element_type=\"section\" data-settings=\"{&quot;background_background&quot;:&quot;classic&quot;}\">\n\t\t\t\t\t\t<div class=\"elementor-container elementor-column-gap-default\">\n\t\t\t\t\t<div class=\"elementor-column elementor-col-100 elementor-top-column elementor-element elementor-element-6c33879\" data-id=\"6c33879\" data-element_type=\"column\" data-settings=\"{&quot;background_background&quot;:&quot;classic&quot;}\">\n\t\t\t<div class=\"elementor-widget-wrap elementor-element-populated\">\n\t\t\t\t\t\t<div class=\"elementor-element elementor-element-54eb2c1 elementor-hidden-phone elementor-widget elementor-widget-image\" data-id=\"54eb2c1\" data-element_type=\"widget\" data-widget_type=\"image.default\">\n\t\t\t\t<div class=\"elementor-widget-container\">\n\t\t\t\t\t\t\t\t\t\t\t\t\t\t\t<img fetchpriority=\"high\" decoding=\"async\" width=\"800\" height=\"131\" src=\"https:\/\/lieven-litaer.de\/wp-content\/uploads\/2020\/12\/titel_wolf-1024x168.png\" class=\"attachment-large size-large wp-image-1184\" alt=\"\" srcset=\"https:\/\/lieven-litaer.de\/wp-content\/uploads\/2020\/12\/titel_wolf-1024x168.png 1024w, https:\/\/lieven-litaer.de\/wp-content\/uploads\/2020\/12\/titel_wolf-300x49.png 300w, https:\/\/lieven-litaer.de\/wp-content\/uploads\/2020\/12\/titel_wolf-768x126.png 768w, https:\/\/lieven-litaer.de\/wp-content\/uploads\/2020\/12\/titel_wolf.png 1240w\" sizes=\"(max-width: 800px) 100vw, 800px\" \/>\t\t\t\t\t\t\t\t\t\t\t\t\t\t\t<\/div>\n\t\t\t\t<\/div>\n\t\t\t\t<div class=\"elementor-element elementor-element-de1f97a elementor-widget elementor-widget-text-editor\" data-id=\"de1f97a\" data-element_type=\"widget\" data-widget_type=\"text-editor.default\">\n\t\t\t\t<div class=\"elementor-widget-container\">\n\t\t\t\t\t\t\t\t\t<p><em>Die erste Gutenachtgeschichte auf Klingonisch.<\/em><\/p>\t\t\t\t\t\t\t\t<\/div>\n\t\t\t\t<\/div>\n\t\t\t\t<div class=\"elementor-element elementor-element-c873a0b elementor-widget elementor-widget-heading\" data-id=\"c873a0b\" data-element_type=\"widget\" data-widget_type=\"heading.default\">\n\t\t\t\t<div class=\"elementor-widget-container\">\n\t\t\t\t\t<h1 class=\"elementor-heading-title elementor-size-default\">Schlaf gut, kleiner Wolf<\/h1>\t\t\t\t<\/div>\n\t\t\t\t<\/div>\n\t\t\t\t<div class=\"elementor-element elementor-element-09f1af3 elementor-widget elementor-widget-heading\" data-id=\"09f1af3\" data-element_type=\"widget\" data-widget_type=\"heading.default\">\n\t\t\t\t<div class=\"elementor-widget-container\">\n\t\t\t\t\t<h2 class=\"elementor-heading-title elementor-size-default\">Qongchu\u2019, ngavyaw\u2019 mach\u200b<\/h2>\t\t\t\t<\/div>\n\t\t\t\t<\/div>\n\t\t\t\t<section class=\"elementor-section elementor-inner-section elementor-element elementor-element-a7d6487 elementor-reverse-mobile elementor-section-boxed elementor-section-height-default elementor-section-height-default\" data-id=\"a7d6487\" data-element_type=\"section\">\n\t\t\t\t\t\t<div class=\"elementor-container elementor-column-gap-default\">\n\t\t\t\t\t<div class=\"elementor-column elementor-col-50 elementor-inner-column elementor-element elementor-element-b8b40eb\" data-id=\"b8b40eb\" data-element_type=\"column\">\n\t\t\t<div class=\"elementor-widget-wrap elementor-element-populated\">\n\t\t\t\t\t\t<div class=\"elementor-element elementor-element-b1723e3 elementor-widget elementor-widget-text-editor\" data-id=\"b1723e3\" data-element_type=\"widget\" data-widget_type=\"text-editor.default\">\n\t\t\t\t<div class=\"elementor-widget-container\">\n\t\t\t\t\t\t\t\t\t<p><em>Tim kann nicht einschlafen. Sein kleiner Wolf ist weg! Hat er ihn vielleicht drau\u00dfen vergessen? Ganz allein macht er sich auf in die Nacht \u2013 und bekommt unerwartet Gesellschaft&#8230;<\/em><br \/><br \/><i>&#8222;Schlaf gut, kleiner Wolf&#8220;<\/i> ist eine herzerw\u00e4rmende Gute-Nacht-Geschichte, die in mehr als 50 Sprachen \u00fcbersetzt wurde. Sie ist als zweisprachige Ausgabe in allen denkbaren Kombinationen dieser Sprachen erh\u00e4ltlich \u2013 jetzt auch auf Klingonisch.<\/p>\t\t\t\t\t\t\t\t<\/div>\n\t\t\t\t<\/div>\n\t\t\t\t\t<\/div>\n\t\t<\/div>\n\t\t\t\t<div class=\"elementor-column elementor-col-50 elementor-inner-column elementor-element elementor-element-45231bb\" data-id=\"45231bb\" data-element_type=\"column\">\n\t\t\t<div class=\"elementor-widget-wrap elementor-element-populated\">\n\t\t\t\t\t\t<div class=\"elementor-element elementor-element-4587bca elementor-widget elementor-widget-image\" data-id=\"4587bca\" data-element_type=\"widget\" data-widget_type=\"image.default\">\n\t\t\t\t<div class=\"elementor-widget-container\">\n\t\t\t\t\t\t\t\t\t\t\t\t\t\t\t<img decoding=\"async\" width=\"336\" height=\"440\" src=\"https:\/\/lieven-litaer.de\/wp-content\/uploads\/2020\/12\/cover_wolf.jpg\" class=\"attachment-large size-large wp-image-1323\" alt=\"\" srcset=\"https:\/\/lieven-litaer.de\/wp-content\/uploads\/2020\/12\/cover_wolf.jpg 336w, https:\/\/lieven-litaer.de\/wp-content\/uploads\/2020\/12\/cover_wolf-229x300.jpg 229w\" sizes=\"(max-width: 336px) 100vw, 336px\" \/>\t\t\t\t\t\t\t\t\t\t\t\t\t\t\t<\/div>\n\t\t\t\t<\/div>\n\t\t\t\t\t<\/div>\n\t\t<\/div>\n\t\t\t\t\t<\/div>\n\t\t<\/section>\n\t\t\t\t<div class=\"elementor-element elementor-element-79df029 elementor-widget elementor-widget-heading\" data-id=\"79df029\" data-element_type=\"widget\" data-widget_type=\"heading.default\">\n\t\t\t\t<div class=\"elementor-widget-container\">\n\t\t\t\t\t<h2 class=\"elementor-heading-title elementor-size-default\">Preview<\/h2>\t\t\t\t<\/div>\n\t\t\t\t<\/div>\n\t\t\t\t<div class=\"elementor-element elementor-element-3780c7e elementor-arrows-position-inside elementor-pagination-position-outside elementor-widget elementor-widget-image-carousel\" data-id=\"3780c7e\" data-element_type=\"widget\" data-settings=\"{&quot;slides_to_show&quot;:&quot;1&quot;,&quot;navigation&quot;:&quot;both&quot;,&quot;autoplay&quot;:&quot;yes&quot;,&quot;pause_on_hover&quot;:&quot;yes&quot;,&quot;pause_on_interaction&quot;:&quot;yes&quot;,&quot;autoplay_speed&quot;:5000,&quot;infinite&quot;:&quot;yes&quot;,&quot;effect&quot;:&quot;slide&quot;,&quot;speed&quot;:500}\" data-widget_type=\"image-carousel.default\">\n\t\t\t\t<div class=\"elementor-widget-container\">\n\t\t\t\t\t\t\t<div class=\"elementor-image-carousel-wrapper swiper\" role=\"region\" aria-roledescription=\"carousel\" aria-label=\"Bild Karussell\" dir=\"ltr\">\n\t\t\t<div class=\"elementor-image-carousel swiper-wrapper\" aria-live=\"off\">\n\t\t\t\t\t\t\t\t<div class=\"swiper-slide\" role=\"group\" aria-roledescription=\"slide\" aria-label=\"1 von 2\"><figure class=\"swiper-slide-inner\"><img decoding=\"async\" class=\"swiper-slide-image\" src=\"https:\/\/lieven-litaer.de\/wp-content\/uploads\/2020\/12\/wolf_bsp_1.jpg\" alt=\"wolf_bsp_1\" \/><\/figure><\/div><div class=\"swiper-slide\" role=\"group\" aria-roledescription=\"slide\" aria-label=\"2 von 2\"><figure class=\"swiper-slide-inner\"><img decoding=\"async\" class=\"swiper-slide-image\" src=\"https:\/\/lieven-litaer.de\/wp-content\/uploads\/2020\/12\/wolf_bsp_2.jpg\" alt=\"wolf_bsp_2\" \/><\/figure><\/div>\t\t\t<\/div>\n\t\t\t\t\t\t\t\t\t\t\t\t<div class=\"elementor-swiper-button elementor-swiper-button-prev\" role=\"button\" tabindex=\"0\">\n\t\t\t\t\t\t<i aria-hidden=\"true\" class=\"eicon-chevron-left\"><\/i>\t\t\t\t\t<\/div>\n\t\t\t\t\t<div class=\"elementor-swiper-button elementor-swiper-button-next\" role=\"button\" tabindex=\"0\">\n\t\t\t\t\t\t<i aria-hidden=\"true\" class=\"eicon-chevron-right\"><\/i>\t\t\t\t\t<\/div>\n\t\t\t\t\n\t\t\t\t\t\t\t\t\t<div class=\"swiper-pagination\"><\/div>\n\t\t\t\t\t\t\t\t\t<\/div>\n\t\t\t\t\t\t<\/div>\n\t\t\t\t<\/div>\n\t\t\t\t<div class=\"elementor-element elementor-element-2335a72 elementor-cta--skin-classic elementor-animated-content elementor-bg-transform elementor-bg-transform-zoom-in elementor-widget elementor-widget-global elementor-global-1393 elementor-widget-call-to-action\" data-id=\"2335a72\" data-element_type=\"widget\" data-widget_type=\"call-to-action.default\">\n\t\t\t\t<div class=\"elementor-widget-container\">\n\t\t\t\t\t\t\t<div class=\"elementor-cta\">\n\t\t\t\t\t<div class=\"elementor-cta__bg-wrapper\">\n\t\t\t\t<div class=\"elementor-cta__bg elementor-bg\" style=\"background-image: url(https:\/\/lieven-litaer.de\/wp-content\/uploads\/2020\/12\/shop-Header-1.png);\" role=\"img\" aria-label=\"shop-Header\"><\/div>\n\t\t\t\t<div class=\"elementor-cta__bg-overlay\"><\/div>\n\t\t\t<\/div>\n\t\t\t\t\t\t\t<div class=\"elementor-cta__content\">\n\t\t\t\t\n\t\t\t\t\t\t\t\t\t<h2 class=\"elementor-cta__title elementor-cta__content-item elementor-content-item\">\n\t\t\t\t\t\tAvailable in the online shop!\t\t\t\t\t<\/h2>\n\t\t\t\t\n\t\t\t\t\t\t\t\t\t<div class=\"elementor-cta__description elementor-cta__content-item elementor-content-item\">\n\t\t\t\t\t\tYou can now order this and many other books by Lieven L. Litaer in our shop at no extra charge, including an autograph or personal dedication.\t\t\t\t\t<\/div>\n\t\t\t\t\n\t\t\t\t\t\t\t\t\t<div class=\"elementor-cta__button-wrapper elementor-cta__content-item elementor-content-item\">\n\t\t\t\t\t<a class=\"elementor-cta__button elementor-button elementor-size-\" href=\"https:\/\/klingonisch.de\/webshop\/\" target=\"_blank\" rel=\"noopener\">\n\t\t\t\t\t\tTo the store\t\t\t\t\t<\/a>\n\t\t\t\t\t<\/div>\n\t\t\t\t\t\t\t<\/div>\n\t\t\t\t\t\t\t<div class=\"elementor-ribbon elementor-ribbon-left\">\n\t\t\t\t<div class=\"elementor-ribbon-inner\">\n\t\t\t\t\tNEU !\t\t\t\t<\/div>\n\t\t\t<\/div>\n\t\t\t\t<\/div>\n\t\t\t\t\t\t<\/div>\n\t\t\t\t<\/div>\n\t\t\t\t\t<\/div>\n\t\t<\/div>\n\t\t\t\t\t<\/div>\n\t\t<\/section>\n\t\t\t\t<\/div>","protected":false},"excerpt":{"rendered":"<p>Die erste Gutenachtgeschichte auf Klingonisch. Schlaf gut, kleiner Wolf Qongchu\u2019, ngavyaw\u2019 mach\u200b Tim kann nicht einschlafen. Sein kleiner Wolf ist weg! Hat er ihn vielleicht drau\u00dfen vergessen? Ganz allein macht er sich auf in die Nacht \u2013 und bekommt unerwartet Gesellschaft&#8230; &#8222;Schlaf gut, kleiner Wolf&#8220; ist eine herzerw\u00e4rmende Gute-Nacht-Geschichte, die in mehr als 50 Sprachen [&hellip;]<\/p>","protected":false},"author":3,"featured_media":0,"parent":12,"menu_order":0,"comment_status":"closed","ping_status":"closed","template":"elementor_header_footer","meta":{"footnotes":""},"class_list":["post-1160","page","type-page","status-publish","hentry"],"_links":{"self":[{"href":"https:\/\/lieven-litaer.de\/en\/wp-json\/wp\/v2\/pages\/1160","targetHints":{"allow":["GET"]}}],"collection":[{"href":"https:\/\/lieven-litaer.de\/en\/wp-json\/wp\/v2\/pages"}],"about":[{"href":"https:\/\/lieven-litaer.de\/en\/wp-json\/wp\/v2\/types\/page"}],"author":[{"embeddable":true,"href":"https:\/\/lieven-litaer.de\/en\/wp-json\/wp\/v2\/users\/3"}],"replies":[{"embeddable":true,"href":"https:\/\/lieven-litaer.de\/en\/wp-json\/wp\/v2\/comments?post=1160"}],"version-history":[{"count":0,"href":"https:\/\/lieven-litaer.de\/en\/wp-json\/wp\/v2\/pages\/1160\/revisions"}],"up":[{"embeddable":true,"href":"https:\/\/lieven-litaer.de\/en\/wp-json\/wp\/v2\/pages\/12"}],"wp:attachment":[{"href":"https:\/\/lieven-litaer.de\/en\/wp-json\/wp\/v2\/media?parent=1160"}],"curies":[{"name":"wp","href":"https:\/\/api.w.org\/{rel}","templated":true}]}}