{"id":1092,"date":"2020-12-22T13:33:39","date_gmt":"2020-12-22T13:33:39","guid":{"rendered":"http:\/\/lieven-litaer.de\/?page_id=1092"},"modified":"2024-01-04T15:26:50","modified_gmt":"2024-01-04T14:26:50","slug":"termine","status":"publish","type":"page","link":"https:\/\/lieven-litaer.de\/en\/termine","title":{"rendered":"Dates"},"content":{"rendered":"\t\t<div data-elementor-type=\"wp-page\" data-elementor-id=\"1092\" class=\"elementor elementor-1092\" data-elementor-post-type=\"page\">\n\t\t\t\t\t\t<section class=\"elementor-section elementor-top-section elementor-element elementor-element-a039809 elementor-section-height-full elementor-section-boxed elementor-section-height-default elementor-section-items-middle\" data-id=\"a039809\" data-element_type=\"section\" data-e-type=\"section\" data-settings=\"{&quot;background_background&quot;:&quot;slideshow&quot;,&quot;background_slideshow_gallery&quot;:[{&quot;id&quot;:1094,&quot;url&quot;:&quot;http:\\\/\\\/lieven-litaer.de\\\/wp-content\\\/uploads\\\/2020\\\/12\\\/Termine_bg.jpg&quot;}],&quot;background_slideshow_slide_duration&quot;:0,&quot;background_slideshow_loop&quot;:&quot;yes&quot;,&quot;background_slideshow_slide_transition&quot;:&quot;fade&quot;,&quot;background_slideshow_transition_duration&quot;:500}\">\n\t\t\t\t\t\t<div class=\"elementor-container elementor-column-gap-default\">\n\t\t\t\t\t<div class=\"elementor-column elementor-col-100 elementor-top-column elementor-element elementor-element-ba781e4\" data-id=\"ba781e4\" data-element_type=\"column\" data-e-type=\"column\">\n\t\t\t<div class=\"elementor-widget-wrap elementor-element-populated\">\n\t\t\t\t\t\t<div class=\"elementor-element elementor-element-678074d elementor-widget elementor-widget-heading\" data-id=\"678074d\" data-element_type=\"widget\" data-e-type=\"widget\" data-widget_type=\"heading.default\">\n\t\t\t\t<div class=\"elementor-widget-container\">\n\t\t\t\t\t<h1 class=\"elementor-heading-title elementor-size-default\">Termine<\/h1>\t\t\t\t<\/div>\n\t\t\t\t<\/div>\n\t\t\t\t<div class=\"elementor-element elementor-element-4e83d8d elementor-widget elementor-widget-text-editor\" data-id=\"4e83d8d\" data-element_type=\"widget\" data-e-type=\"widget\" data-widget_type=\"text-editor.default\">\n\t\t\t\t<div class=\"elementor-widget-container\">\n\t\t\t\t\t\t\t\t\t<p>Hier finden Sie alle \u00f6ffentlichen Veranstaltungen, an denen Sie den Klingonisch-Experten Lieven L. Litaer antreffen k\u00f6nnen. Firmenveranstaltungen und private Events werden nicht ver\u00f6ffentlicht.<\/p>\t\t\t\t\t\t\t\t<\/div>\n\t\t\t\t<\/div>\n\t\t\t\t\t<\/div>\n\t\t<\/div>\n\t\t\t\t\t<\/div>\n\t\t<\/section>\n\t\t<div class=\"elementor-element elementor-element-b3966b8 e-flex e-con-boxed e-con e-parent\" data-id=\"b3966b8\" data-element_type=\"container\" data-e-type=\"container\">\n\t\t\t\t\t<div class=\"e-con-inner\">\n\t\t<div class=\"elementor-element elementor-element-8a2832d e-con-full e-flex e-con e-child\" data-id=\"8a2832d\" data-element_type=\"container\" data-e-type=\"container\">\n\t\t\t\t<div class=\"elementor-element elementor-element-8f5d81b elementor-widget elementor-widget-text-editor\" data-id=\"8f5d81b\" data-element_type=\"widget\" data-e-type=\"widget\" data-widget_type=\"text-editor.default\">\n\t\t\t\t<div class=\"elementor-widget-container\">\n\t\t\t\t\t\t\t\t\t<p><strong>14.11.2024<\/strong><\/p>\t\t\t\t\t\t\t\t<\/div>\n\t\t\t\t<\/div>\n\t\t\t\t<\/div>\n\t\t<div class=\"elementor-element elementor-element-15be40f e-con-full e-flex e-con e-child\" data-id=\"15be40f\" data-element_type=\"container\" data-e-type=\"container\">\n\t\t\t\t<div class=\"elementor-element elementor-element-61c7434 elementor-widget elementor-widget-text-editor\" data-id=\"61c7434\" data-element_type=\"widget\" data-e-type=\"widget\" data-widget_type=\"text-editor.default\">\n\t\t\t\t<div class=\"elementor-widget-container\">\n\t\t\t\t\t\t\t\t\t<h2>Klingonischkurs Saarbr\u00fccken<\/h2><p>Wie in jedem Jahr wird Lieven L. Litaer das qephom in Saarbr\u00fccken leiten. Mehr dazu auf <a href=\"https:\/\/klingonisch.de\" target=\"_blank\" rel=\"noopener\">klingonisch.de<\/a><\/p>\t\t\t\t\t\t\t\t<\/div>\n\t\t\t\t<\/div>\n\t\t\t\t<\/div>\n\t\t\t\t\t<\/div>\n\t\t\t\t<\/div>\n\t\t<div class=\"elementor-element elementor-element-a4c07d5 e-flex e-con-boxed e-con e-parent\" data-id=\"a4c07d5\" data-element_type=\"container\" data-e-type=\"container\">\n\t\t\t\t\t<div class=\"e-con-inner\">\n\t\t<div class=\"elementor-element elementor-element-eda5df7 e-con-full e-flex e-con e-child\" data-id=\"eda5df7\" data-element_type=\"container\" data-e-type=\"container\">\n\t\t\t\t<div class=\"elementor-element elementor-element-abe87b4 elementor-widget elementor-widget-text-editor\" data-id=\"abe87b4\" data-element_type=\"widget\" data-e-type=\"widget\" data-widget_type=\"text-editor.default\">\n\t\t\t\t<div class=\"elementor-widget-container\">\n\t\t\t\t\t\t\t\t\t<h2>Individuelles Set-up f\u00fcr Ihre Veranstaltung<\/h2><p>Klingonisch ist sehr vielseitig! Der Wortschatz deckt so ziemlich jeden Bereich des Alltags, jede Branche und jedes Bet\u00e4tigungsfeld ab. Wir adaptieren gerne einen unserer Vortr\u00e4ge auf Ihre Anforderungen. Kontaktieren Sie uns \u2013 wir beraten Sie unverbindlich.<\/p><p>Das Booking \u00fcbernimmt die Agentur ZEITBEFREIT, www.zeitbefreit.de.<\/p>\t\t\t\t\t\t\t\t<\/div>\n\t\t\t\t<\/div>\n\t\t\t\t<div class=\"elementor-element elementor-element-fe36179 elementor-align-center elementor-widget elementor-widget-button\" data-id=\"fe36179\" data-element_type=\"widget\" data-e-type=\"widget\" data-widget_type=\"button.default\">\n\t\t\t\t<div class=\"elementor-widget-container\">\n\t\t\t\t\t\t\t\t\t<div class=\"elementor-button-wrapper\">\n\t\t\t\t\t<a class=\"elementor-button elementor-button-link elementor-size-sm\" href=\"http:\/\/lieven-litaer.de\/den-klingonischlehrer-buchen\">\n\t\t\t\t\t\t<span class=\"elementor-button-content-wrapper\">\n\t\t\t\t\t\t\t\t\t<span class=\"elementor-button-text\">Hier Klicken &amp; Anfrage stellen<\/span>\n\t\t\t\t\t<\/span>\n\t\t\t\t\t<\/a>\n\t\t\t\t<\/div>\n\t\t\t\t\t\t\t\t<\/div>\n\t\t\t\t<\/div>\n\t\t\t\t<\/div>\n\t\t\t\t\t<\/div>\n\t\t\t\t<\/div>\n\t\t\t\t<\/div>\n\t\t","protected":false},"excerpt":{"rendered":"<p>Termine Hier finden Sie alle \u00f6ffentlichen Veranstaltungen, an denen Sie den Klingonisch-Experten Lieven L. Litaer antreffen k\u00f6nnen. Firmenveranstaltungen und private Events werden nicht ver\u00f6ffentlicht. 14.11.2024 Klingonischkurs Saarbr\u00fccken Wie in jedem Jahr wird Lieven L. Litaer das qephom in Saarbr\u00fccken leiten. Mehr dazu auf klingonisch.de Individuelles Set-up f\u00fcr Ihre Veranstaltung Klingonisch ist sehr vielseitig! Der Wortschatz [&hellip;]<\/p>\n","protected":false},"author":3,"featured_media":0,"parent":0,"menu_order":0,"comment_status":"closed","ping_status":"closed","template":"elementor_header_footer","meta":{"footnotes":""},"class_list":["post-1092","page","type-page","status-publish","hentry"],"_links":{"self":[{"href":"https:\/\/lieven-litaer.de\/en\/wp-json\/wp\/v2\/pages\/1092","targetHints":{"allow":["GET"]}}],"collection":[{"href":"https:\/\/lieven-litaer.de\/en\/wp-json\/wp\/v2\/pages"}],"about":[{"href":"https:\/\/lieven-litaer.de\/en\/wp-json\/wp\/v2\/types\/page"}],"author":[{"embeddable":true,"href":"https:\/\/lieven-litaer.de\/en\/wp-json\/wp\/v2\/users\/3"}],"replies":[{"embeddable":true,"href":"https:\/\/lieven-litaer.de\/en\/wp-json\/wp\/v2\/comments?post=1092"}],"version-history":[{"count":0,"href":"https:\/\/lieven-litaer.de\/en\/wp-json\/wp\/v2\/pages\/1092\/revisions"}],"wp:attachment":[{"href":"https:\/\/lieven-litaer.de\/en\/wp-json\/wp\/v2\/media?parent=1092"}],"curies":[{"name":"wp","href":"https:\/\/api.w.org\/{rel}","templated":true}]}}